{"id":3366,"date":"2023-09-11T11:12:57","date_gmt":"2023-09-11T03:12:57","guid":{"rendered":"https:\/\/steelsupplydirect.com\/?post_type=product&#038;p=3366"},"modified":"2023-09-11T11:16:08","modified_gmt":"2023-09-11T03:16:08","slug":"paslanmaz-celik-levha-316l","status":"publish","type":"product","link":"https:\/\/steelsupplydirect.com\/tr\/%c3%bcr%c3%bcn\/paslanmaz-celik-levha-316l","title":{"rendered":"S\u0131cak \/ So\u011fuk Haddelenmi\u015f ASTM Paslanmaz \u00c7elik Levha AISI 316L \u00d6stenitik 1.4308 1.4408 S\u0131n\u0131f"},"content":{"rendered":"<p>Paslanmaz \u00e7elik plakalar atmosfer, buhar ve su gibi zay\u0131f ortamlar\u0131n korozyonuna dayan\u0131kl\u0131 \u00e7elik plakalar\u0131 ifade ederken, aside dayan\u0131kl\u0131 \u00e7elik plakalar asitler, alkali ve tuzlar gibi kimyasal olarak a\u015f\u0131nd\u0131r\u0131c\u0131 ortamlar\u0131n korozyonuna dayan\u0131kl\u0131 \u00e7elik plakalar\u0131 ifade eder.<\/p>\n<p>Kimyasal Bile\u015fim:<\/p>\n<p>-304 paslanmaz \u00e7elik s\u0131n\u0131f\u0131: 0Cr18Ni9 (0Cr19Ni9) 06Cr19Ni9 S30408<br \/>\nKimyasal bile\u015fim: C: \u22640.08, Si: \u22641.0 Mn: \u22642.0, Cr: 18.0\uff5e20.0, Ni: 8.0\uff5e10.5, S: \u22640.03, P: \u22640.035 N\u22640.1.<br \/>\n304L ile<br \/>\n304L korozyona daha dayan\u0131kl\u0131d\u0131r ve 304L daha az karbon i\u00e7erir.<br \/>\n304, iyi korozyon direnci, \u0131s\u0131 direnci, d\u00fc\u015f\u00fck s\u0131cakl\u0131k dayan\u0131m\u0131 ve mekanik \u00f6zellikleri ile yayg\u0131n olarak kullan\u0131l\u0131r; damgalama ve b\u00fckme gibi iyi s\u0131cak i\u015flenebilirlik ve \u0131s\u0131l i\u015flem sertle\u015ftirme olgusu yoktur (manyetik olmayan, servis s\u0131cakl\u0131\u011f\u0131 -196 \u00b0 C ~ 800 \u00b0 C).<br \/>\n304L, kaynak veya gerilim giderme i\u015fleminden sonra tane s\u0131n\u0131r\u0131 korozyonuna kar\u015f\u0131 m\u00fckemmel dirence sahiptir; \u0131s\u0131l i\u015flem olmadan da iyi korozyon direncini koruyabilir ve servis s\u0131cakl\u0131\u011f\u0131 -196 \u00b0 C-800 \u00b0 C'dir.<\/p>\n<p>-316L: (AISI 316L\/ SUS316L\/S31603\/022Cr17Ni12Mo2\/022Cr17Ni14Mo2)<\/p>\n<p>C \uff1a\u22640.030, Si \uff1a \u22641.00, Mn \uff1a\u22642.00, S \uff1a \u22640.030, P \uff1a \u22640.045, Cr \uff1a16.00\uff5e18.00, Ni \uff1a10.00\uff5e14.00, <span style=\"color: #333333;font-size: 14.4px\">Mo\uff1a2.00\uff5e3.00<\/span><\/p>\n<p>Mekanik \u00d6zellikler:<\/p>\n<p>\u00c7ekme mukavemeti \u03c3b (MPa): \u2265480<br \/>\nKo\u015fullu akma dayan\u0131m\u0131 \u03c30,2 (MPa): \u2265177<br \/>\nUzama \u03b45(%): \u226540<br \/>\nAlan b\u00fcz\u00fclmesi \u03c8 (%): \u226560<br \/>\nSertlik: \u2264187HB; \u226490HRB; \u2264200HV<br \/>\nYo\u011funluk: 7,98 g\/cm3;<br \/>\n\u00d6zg\u00fcl \u0131s\u0131 kapasitesi oran\u0131 (20\u2103): 0,502J\/(g*K)<\/p>\n<p>Organizasyon yap\u0131s\u0131na g\u00f6re d\u00f6rt kategoriye ayr\u0131l\u0131r: \u00f6stenitik paslanmaz \u00e7elik levha, martensitik paslanmaz \u00e7elik levha (\u00e7\u00f6keltme ile sertle\u015ftirilmi\u015f paslanmaz \u00e7elik levha dahil), ferritik paslanmaz \u00e7elik levha ve \u00f6stenit art\u0131 ferrit dubleks paslanmaz \u00e7elik levha. Ana kimyasal bile\u015fim veya \u00e7elik levhadaki baz\u0131 karakteristik unsurlar taraf\u0131ndan s\u0131n\u0131fland\u0131r\u0131lan \u00e7elik levhaya g\u00f6re, krom paslanmaz \u00e7elik levha, krom-nikel paslanmaz \u00e7elik levha, krom-nikel-molibden paslanmaz \u00e7elik levha, d\u00fc\u015f\u00fck karbonlu paslanmaz \u00e7elik levha, y\u00fcksek-molibden paslanmaz \u00e7elik levha, y\u00fcksek safl\u0131kta paslanmaz \u00e7elik levha vb. \u00c7elik plakalar\u0131n performans \u00f6zelliklerine ve kullan\u0131mlar\u0131na g\u00f6re, nitrik aside dayan\u0131kl\u0131 paslanmaz \u00e7elik plakalar, s\u00fclf\u00fcrik aside dayan\u0131kl\u0131 paslanmaz \u00e7elik plakalar, \u00e7ukurla\u015fmaya dayan\u0131kl\u0131 paslanmaz \u00e7elik plakalar, gerilme korozyonuna dayan\u0131kl\u0131 paslanmaz \u00e7elik plakalar, y\u00fcksek mukavemetli paslanmaz \u00e7elik plakalar vb. \u00c7elik plakalar\u0131n i\u015flevsel \u00f6zelliklerine g\u00f6re, d\u00fc\u015f\u00fck s\u0131cakl\u0131k paslanmaz \u00e7elik plakalar, manyetik olmayan paslanmaz \u00e7elik plakalar, kolay kesilen paslanmaz \u00e7elik plakalar, s\u00fcperplastik paslanmaz \u00e7elik plakalar vb. olarak ayr\u0131l\u0131rlar. Yayg\u0131n olarak kullan\u0131lan s\u0131n\u0131fland\u0131rma y\u00f6ntemi, \u00e7elik levhan\u0131n yap\u0131sal \u00f6zelliklerine, \u00e7elik levhan\u0131n kimyasal bile\u015fim \u00f6zelliklerine ve ikisinin bir kombinasyonuna dayanmaktad\u0131r. Genel olarak martensitik paslanmaz \u00e7elik plakalar, ferritik paslanmaz \u00e7elik plakalar, \u00f6stenitik paslanmaz \u00e7elik plakalar, dubleks paslanmaz \u00e7elik plakalar ve \u00e7\u00f6keltme ile sertle\u015ftirilmi\u015f paslanmaz \u00e7elik plakalar olarak ayr\u0131l\u0131r veya iki kategoriye ayr\u0131l\u0131r: krom paslanmaz \u00e7elik plakalar ve nikel paslanmaz \u00e7elik plakalar. Geni\u015f bir kullan\u0131m alan\u0131na sahiptir. Tipik kullan\u0131m alanlar\u0131: ka\u011f\u0131t hamuru ve ka\u011f\u0131t yap\u0131m ekipmanlar\u0131 i\u00e7in \u0131s\u0131 e\u015fanj\u00f6rleri, mekanik ekipmanlar, boyama ekipmanlar\u0131, film i\u015fleme ekipmanlar\u0131, boru hatlar\u0131, k\u0131y\u0131 b\u00f6lgelerindeki binalar i\u00e7in d\u0131\u015f malzemeler vb.<\/p>\n<p>Performans:<\/p>\n<p>-Korozyon direnci<br \/>\nPaslanmaz \u00e7elik plakalar genel korozyona kar\u015f\u0131 karars\u0131z nikel-krom ala\u015f\u0131m\u0131 304 ile benzer dirence sahiptir. Krom karb\u00fcr seviyelerinin s\u0131cakl\u0131k aral\u0131\u011f\u0131nda uzun s\u00fcreli \u0131s\u0131tma, sert korozif ortamlarda 321 ve 347 ala\u015f\u0131mlar\u0131n\u0131 etkileyebilir. Esas olarak, d\u00fc\u015f\u00fck s\u0131cakl\u0131klarda taneler aras\u0131 korozyonu \u00f6nlemek i\u00e7in g\u00fc\u00e7l\u00fc anti-sensitizasyon \u00f6zelliklerine sahip malzemeler gerektiren y\u00fcksek s\u0131cakl\u0131k uygulamalar\u0131nda kullan\u0131l\u0131r.<\/p>\n<p>-Y\u00fcksek s\u0131cakl\u0131kta oksidasyon direnci<br \/>\nPaslanmaz \u00e7elik plakalar\u0131n t\u00fcm\u00fc y\u00fcksek s\u0131cakl\u0131kta oksidasyon direncine sahiptir, ancak oksidasyon oran\u0131 maruz kalma ortam\u0131 ve \u00fcr\u00fcn formu gibi do\u011fal fakt\u00f6rlerden etkilenecektir.<\/p>\n<p>-Fiziksel \u00f6zellikler<br \/>\nBir metalin genel \u0131s\u0131 transfer katsay\u0131s\u0131, metalin termal iletkenli\u011fine ek olarak di\u011fer fakt\u00f6rlere de ba\u011fl\u0131d\u0131r. \u00c7o\u011fu durumda, filmin \u0131s\u0131 yayma katsay\u0131s\u0131na, pasa ve metalin y\u00fczey durumuna ba\u011fl\u0131d\u0131r. Paslanmaz \u00e7elik y\u00fczeyini temiz tutar ve bu nedenle \u0131s\u0131y\u0131 daha y\u00fcksek termal iletkenli\u011fe sahip di\u011fer metallerden daha iyi iletir.<\/p>\n<p>&nbsp;<\/p>","protected":false},"excerpt":{"rendered":"<p>Paslanmaz \u00e7elik plakalar, atmosfer, buhar ve su gibi zay\u0131f ortamlar\u0131n korozyonuna dayan\u0131kl\u0131 \u00e7elik plakalar\u0131 ifade ederken, aside dayan\u0131kl\u0131 \u00e7elik plakalar, asitler, alkali ve tuzlar gibi kimyasal olarak a\u015f\u0131nd\u0131r\u0131c\u0131 ortamlar\u0131n korozyonuna dayan\u0131kl\u0131 \u00e7elik plakalar\u0131 ifade eder. Kimyasal Bile\u015fim: -304 paslanmaz \u00e7elik s\u0131n\u0131f\u0131: 0Cr18Ni9 (0Cr19Ni9) 06Cr19Ni9 S30408 Kimyasal [...]","protected":false},"featured_media":3265,"comment_status":"closed","ping_status":"closed","template":"","meta":[],"product_cat":[54,56],"class_list":{"0":"post-3366","1":"product","2":"type-product","3":"status-publish","4":"has-post-thumbnail","6":"product_cat-stainless-steel","7":"product_cat-stainless-steel-plate","9":"first","10":"instock","11":"shipping-taxable","12":"product-type-simple"},"_links":{"self":[{"href":"https:\/\/steelsupplydirect.com\/tr\/wp-json\/wp\/v2\/product\/3366","targetHints":{"allow":["GET"]}}],"collection":[{"href":"https:\/\/steelsupplydirect.com\/tr\/wp-json\/wp\/v2\/product"}],"about":[{"href":"https:\/\/steelsupplydirect.com\/tr\/wp-json\/wp\/v2\/types\/product"}],"replies":[{"embeddable":true,"href":"https:\/\/steelsupplydirect.com\/tr\/wp-json\/wp\/v2\/comments?post=3366"}],"wp:featuredmedia":[{"embeddable":true,"href":"https:\/\/steelsupplydirect.com\/tr\/wp-json\/wp\/v2\/media\/3265"}],"wp:attachment":[{"href":"https:\/\/steelsupplydirect.com\/tr\/wp-json\/wp\/v2\/media?parent=3366"}],"wp:term":[{"taxonomy":"product_cat","embeddable":true,"href":"https:\/\/steelsupplydirect.com\/tr\/wp-json\/wp\/v2\/product_cat?post=3366"}],"curies":[{"name":"wp","href":"https:\/\/api.w.org\/{rel}","templated":true}]}}