{"id":3368,"date":"2023-09-11T11:47:26","date_gmt":"2023-09-11T03:47:26","guid":{"rendered":"https:\/\/steelsupplydirect.com\/?post_type=product&#038;p=3368"},"modified":"2024-06-27T16:50:54","modified_gmt":"2024-06-27T08:50:54","slug":"toplu-satis-astm-aisi-409l-430-440-no-1-yuzey-paslanmaz-celik-boru","status":"publish","type":"product","link":"https:\/\/steelsupplydirect.com\/tr\/%c3%bcr%c3%bcn\/toplu-satis-astm-aisi-409l-430-440-no-1-yuzey-paslanmaz-celik-boru","title":{"rendered":"Toplu Sat\u0131\u015f ASTM AISI 409L 430 440 Paslanmaz \u00c7elik Boru No.1 So\u011fuk Haddelenmi\u015f Asitleme Y\u00fczeyi"},"content":{"rendered":"<p>Detayl\u0131 tan\u0131t\u0131m:<\/p>\n<p>-Sertlik<br \/>\nPaslanmaz \u00e7elik borularda genellikle \u00fc\u00e7 sertlik g\u00f6stergesi kullan\u0131l\u0131r: Sertliklerini \u00f6l\u00e7mek i\u00e7in Brinell, Rockwell ve Vickers.<\/p>\n<p>-Brinell sertli\u011fi<br \/>\nPaslanmaz \u00e7elik boru standartlar\u0131 aras\u0131nda Brinell sertli\u011fi en yayg\u0131n kullan\u0131lan\u0131d\u0131r. Girinti \u00e7ap\u0131 genellikle malzemenin sertli\u011fini ifade etmek i\u00e7in kullan\u0131l\u0131r, bu hem sezgisel hem de kullan\u0131\u015fl\u0131d\u0131r. Ancak -Daha sert veya daha ince \u00e7elikten yap\u0131lm\u0131\u015f \u00e7elik borular i\u00e7in uygun de\u011fildir.<\/p>\n<p>-Rockwell sertli\u011fi<br \/>\nPaslanmaz \u00e7elik borunun Rockwell sertlik testi, bir girinti test y\u00f6ntemi olan Brinell sertlik testi ile ayn\u0131d\u0131r. Aradaki fark, girintinin derinli\u011fini \u00f6l\u00e7mesidir. Rockwell sertlik testi \u015fu anda yayg\u0131n olarak kullan\u0131lan bir y\u00f6ntemdir ve HRC \u00e7elik boru standartlar\u0131nda Brinell sertlik HB'den sonra ikinci s\u0131rada kullan\u0131lmaktad\u0131r. Rockwell sertli\u011fi, a\u015f\u0131r\u0131 yumu\u015faktan a\u015f\u0131r\u0131 serte kadar metal malzemeleri \u00f6l\u00e7mek i\u00e7in kullan\u0131labilir. Brinell y\u00f6nteminin eksikliklerini telafi eder. Brinell y\u00f6nteminden daha basittir ve sertlik de\u011feri do\u011frudan sertlik makinesinin kadran\u0131ndan okunabilir. Bununla birlikte, k\u00fc\u00e7\u00fck girintisi nedeniyle sertlik de\u011feri Brinell y\u00f6ntemi kadar do\u011fru de\u011fildir.<\/p>\n<p>-Vickers sertli\u011fi<br \/>\nPaslanmaz \u00e7elik borunun Vickers sertlik testi de \u00e7ok ince metal malzemelerin ve y\u00fczey katmanlar\u0131n\u0131n sertli\u011fini belirlemek i\u00e7in kullan\u0131labilen bir girinti testi y\u00f6ntemidir. Brinell ve Rockwell y\u00f6ntemlerinin ana avantajlar\u0131na sahiptir ve temel eksikliklerinin \u00fcstesinden gelir, ancak Rockwell y\u00f6ntemi kadar basit de\u011fildir. Vickers y\u00f6ntemi \u00e7elik boru standartlar\u0131nda nadiren kullan\u0131l\u0131r.<\/p>\n<p>-Sertlik testi<br \/>\nBorunun i\u00e7 duvar\u0131n\u0131n sertli\u011fi de bir Rockwell veya y\u00fczey Rockwell sertlik test cihaz\u0131 ile test edilebilir.<\/p>\n<p>Paslanmaz \u00e7elik diki\u015fsiz borular\u0131n \u00fcretim s\u00fcreci:<br \/>\na. Yuvarlak \u00e7elik haz\u0131rlama;<br \/>\nb. \u0131s\u0131tma;<br \/>\nc. s\u0131cak haddelenmi\u015f perforasyon;<br \/>\nd. kafas\u0131n\u0131 kesmek;<br \/>\ne. asitleme;<br \/>\nf. ta\u015flama; \u00f6\u011f\u00fctme<br \/>\ng. ya\u011flama;<br \/>\nh. So\u011fuk haddeleme i\u015flemi;<br \/>\ni. Ya\u011fs\u0131z;<br \/>\nj. \u00c7\u00f6zelti \u0131s\u0131l i\u015flemi;<br \/>\nk\uff0e d\u00fczeltmek; d\u00fczeltmek<br \/>\nBorular\u0131 kesin;<br \/>\nm. tur\u015fu;<br \/>\nn.\u00dcr\u00fcn testi.<\/p>\n<p>S\u0131n\u0131fland\u0131rma: Paslanmaz \u00e7elik borular \u00fcretim y\u00f6ntemlerine g\u00f6re diki\u015fsiz borular ve kaynakl\u0131 borular olmak \u00fczere iki kategoriye ayr\u0131l\u0131r. Diki\u015fsiz \u00e7elik borular s\u0131cak haddelenmi\u015f borular, so\u011fuk haddelenmi\u015f borular, so\u011fuk \u00e7ekilmi\u015f borular ve ekstr\u00fcde borular olarak ayr\u0131labilir. So\u011fuk \u00e7ekilmi\u015f ve so\u011fuk haddelenmi\u015f borular, \u00e7elik borular\u0131n ikincil i\u015flemleridir. \u0130\u015fleme; kaynakl\u0131 borular d\u00fcz diki\u015f kaynakl\u0131 borular ve spiral kaynakl\u0131 borular olarak ikiye ayr\u0131l\u0131r.<\/p>\n<p>Paslanmaz \u00e7elik boru uygulama standartlar\u0131:<\/p>\n<p>GB\/T14976-2012 S\u0131v\u0131 ta\u015f\u0131mac\u0131l\u0131\u011f\u0131 i\u00e7in paslanmaz \u00e7elik diki\u015fsiz \u00e7elik borular<br \/>\n(GB\/T14976-2002 yerine, GB\/T14976-1994 yerine, GB2270-1980 yerine)<br \/>\nGB\/T14975-2012 Yap\u0131sal kullan\u0131m i\u00e7in paslanmaz \u00e7elik diki\u015fsiz \u00e7elik borular (GB\/T14975-2002'nin yerine)<br \/>\nGB13296-2013 Kazan borular\u0131 ve \u0131s\u0131 e\u015fanj\u00f6rleri i\u00e7in paslanmaz \u00e7elik borular<br \/>\n(GJB2608-96) (YB676-73) Havac\u0131l\u0131k yap\u0131sal borular\u0131, kal\u0131n duvarl\u0131 diki\u015fsiz \u00e7elik borular<br \/>\n(GJB2296-95) (YB678-71) Havac\u0131l\u0131k i\u00e7in paslanmaz \u00e7elik boru<br \/>\n(YB\/T679-97) (YB679-71) Havac\u0131l\u0131k i\u00e7in 18A i\u00e7i bo\u015f per\u00e7inli ince duvarl\u0131 diki\u015fsiz \u00e7elik boru<br \/>\n(GJB2609-96) (YB680-71) Havac\u0131l\u0131k yap\u0131sal borular\u0131, ince duvarl\u0131 diki\u015fsiz \u00e7elik borular<br \/>\n(YB\/T681-97) (YB681-71) Havac\u0131l\u0131k kanal\u0131 20A ince duvarl\u0131 diki\u015fsiz \u00e7elik boru<br \/>\nGB3090-2000 k\u00fc\u00e7\u00fck \u00e7apl\u0131 paslanmaz \u00e7elik boru<br \/>\nGB5310-2017 Y\u00fcksek bas\u0131n\u00e7l\u0131 kazanlar i\u00e7in diki\u015fsiz \u00e7elik boru<br \/>\nGB3087-2008 d\u00fc\u015f\u00fck ve orta bas\u0131n\u00e7l\u0131 kazan borular\u0131<br \/>\nGB3089-2008 Paslanmaz aside dayan\u0131kl\u0131 son derece ince duvarl\u0131 diki\u015fsiz \u00e7elik boru<br \/>\nGB9948-2013 Petrol \u00e7atlamas\u0131 i\u00e7in diki\u015fsiz \u00e7elik<br \/>\nASTM A213 Kazanlar ve \u0131s\u0131 e\u015fanj\u00f6rleri i\u00e7in ferritik ve \u00f6stenitik ala\u015f\u0131ml\u0131 borular<br \/>\nASTM A269 Genel Ama\u00e7l\u0131 \u00d6stenitik Paslanmaz \u00c7elik Boru ve Diki\u015fli Boru<br \/>\nASTM A312 \u00f6stenitik paslanmaz \u00e7elik diki\u015fsiz \u00e7elik boru kaynakl\u0131 \u00e7elik boru kaynakl\u0131 boru<br \/>\nASTM A450 Karbon, Ferritik ve \u00d6stenitik Ala\u015f\u0131ml\u0131 \u00c7elik Boru i\u00e7in Genel Gereklilikler<br \/>\nASTM A530 \u00d6zel Ama\u00e7l\u0131 Demir ve Ala\u015f\u0131ml\u0131 \u00c7elikler i\u00e7in Genel Gereklilikler<br \/>\nASTM A789 Karbonitik \u00d6stenitik Paslanmaz \u00c7elik Diki\u015fsiz ve Diki\u015fli \u00c7elik Boru i\u00e7in Genel Gereklilikler<br \/>\nJIS G3456-88 Mekanik yap\u0131lar i\u00e7in paslanmaz \u00e7elik borular<br \/>\nJIS G3448-88 S\u0131radan borular i\u00e7in paslanmaz \u00e7elik borular<br \/>\nJIS G3459-88 Boru hatlar\u0131 i\u00e7in paslanmaz \u00e7elik borular<br \/>\nJIS G3463-88 Kazanlar ve \u0131s\u0131 e\u015fanj\u00f6rleri i\u00e7in paslanmaz \u00e7elik borular<br \/>\nKimya end\u00fcstrisi i\u00e7in Q\/HYAD diki\u015fsiz \u00e7elik boru<br \/>\n(0Cr18NI11T) Q\/HYAD Cr18Ni5MO3Si2 dubleks paslanmaz \u00e7elik diki\u015fsiz \u00e7elik boru<\/p>\n<p>&nbsp;<\/p>\n<p>&nbsp;<\/p>","protected":false},"excerpt":{"rendered":"<p>Detayl\u0131 giri\u015f: -Sertlik Paslanmaz \u00e7elik borularda genellikle \u00fc\u00e7 sertlik g\u00f6stergesi kullan\u0131l\u0131r: Sertliklerini \u00f6l\u00e7mek i\u00e7in Brinell, Rockwell ve Vickers. -Brinell sertli\u011fi Paslanmaz \u00e7elik boru standartlar\u0131 aras\u0131nda Brinell sertli\u011fi en yayg\u0131n kullan\u0131lan\u0131d\u0131r. Girinti \u00e7ap\u0131 genellikle malzemenin sertli\u011fini ifade etmek i\u00e7in kullan\u0131l\u0131r, bu hem sezgisel hem de kullan\u0131\u015fl\u0131d\u0131r. Ancak bu [...]","protected":false},"featured_media":3155,"comment_status":"closed","ping_status":"closed","template":"","meta":[],"product_cat":[54,57],"class_list":{"0":"post-3368","1":"product","2":"type-product","3":"status-publish","4":"has-post-thumbnail","6":"product_cat-stainless-steel","7":"product_cat-stainless-steel-tube","9":"first","10":"instock","11":"shipping-taxable","12":"product-type-simple"},"_links":{"self":[{"href":"https:\/\/steelsupplydirect.com\/tr\/wp-json\/wp\/v2\/product\/3368","targetHints":{"allow":["GET"]}}],"collection":[{"href":"https:\/\/steelsupplydirect.com\/tr\/wp-json\/wp\/v2\/product"}],"about":[{"href":"https:\/\/steelsupplydirect.com\/tr\/wp-json\/wp\/v2\/types\/product"}],"replies":[{"embeddable":true,"href":"https:\/\/steelsupplydirect.com\/tr\/wp-json\/wp\/v2\/comments?post=3368"}],"wp:featuredmedia":[{"embeddable":true,"href":"https:\/\/steelsupplydirect.com\/tr\/wp-json\/wp\/v2\/media\/3155"}],"wp:attachment":[{"href":"https:\/\/steelsupplydirect.com\/tr\/wp-json\/wp\/v2\/media?parent=3368"}],"wp:term":[{"taxonomy":"product_cat","embeddable":true,"href":"https:\/\/steelsupplydirect.com\/tr\/wp-json\/wp\/v2\/product_cat?post=3368"}],"curies":[{"name":"wp","href":"https:\/\/api.w.org\/{rel}","templated":true}]}}