{"id":3369,"date":"2023-09-11T13:35:52","date_gmt":"2023-09-11T05:35:52","guid":{"rendered":"https:\/\/steelsupplydirect.com\/?post_type=product&#038;p=3369"},"modified":"2024-06-27T16:50:31","modified_gmt":"2024-06-27T08:50:31","slug":"cin-fabrika-toptan-astm-aisi-ss316l-201-321-310-32570-32670-a312-sinif-dikissiz-paslanmaz-celik-boru","status":"publish","type":"product","link":"https:\/\/steelsupplydirect.com\/tr\/%c3%bcr%c3%bcn\/cin-fabrika-toptan-astm-aisi-ss316l-201-321-310-32570-32670-a312-sinif-dikissiz-paslanmaz-celik-boru","title":{"rendered":"\u00c7in Fabrika Toptan ASTM AISI SS316L 201 321 310 32570 32670 A312 S\u0131n\u0131f\u0131 Diki\u015fsiz Paslanmaz \u00c7elik Boru"},"content":{"rendered":"<p>Paslanmaz \u00e7elik boru, esas olarak end\u00fcstriyel nakliye boru hatlar\u0131nda ve petrol, kimya end\u00fcstrisi, t\u0131bbi tedavi, g\u0131da, hafif sanayi, mekanik enstr\u00fcmantasyon vb. gibi mekanik yap\u0131sal bile\u015fenlerde yayg\u0131n olarak kullan\u0131lan bir t\u00fcr i\u00e7i bo\u015f uzun yuvarlak \u00e7eliktir. Ek olarak, e\u011filme ve burulma mukavemeti ayn\u0131 oldu\u011funda, a\u011f\u0131rl\u0131k daha hafiftir, bu nedenle mekanik par\u00e7alar\u0131n ve m\u00fchendislik yap\u0131lar\u0131n\u0131n imalat\u0131nda da yayg\u0131n olarak kullan\u0131l\u0131r. Ayr\u0131ca mobilya, mutfak e\u015fyalar\u0131 vb. olarak da yayg\u0131n olarak kullan\u0131lmaktad\u0131r.<\/p>\n<p>-S\u0131n\u0131fland\u0131rma: Paslanmaz \u00e7elik borular \u00fcretim y\u00f6ntemlerine g\u00f6re diki\u015fsiz borular ve kaynakl\u0131 borular olmak \u00fczere iki kategoriye ayr\u0131l\u0131r. Diki\u015fsiz \u00e7elik borular s\u0131cak haddelenmi\u015f borular, so\u011fuk haddelenmi\u015f borular, so\u011fuk \u00e7ekilmi\u015f borular ve ekstr\u00fcde borular olarak ayr\u0131labilir. So\u011fuk \u00e7ekilmi\u015f ve so\u011fuk haddelenmi\u015f borular, \u00e7elik borular\u0131n ikincil i\u015flemleridir. \u0130\u015fleme; kaynakl\u0131 borular d\u00fcz diki\u015f kaynakl\u0131 borular ve spiral kaynakl\u0131 borular olarak ikiye ayr\u0131l\u0131r.<\/p>\n<p>-Sertlik Testi: Brinell Sertli\u011fi; Rockwell Sertli\u011fi; Vickers Sertli\u011fi<\/p>\n<p>-Paslanmaz \u00e7elik boru uygulama standartlar\u0131:<\/p>\n<p>GB\/T14976-2012 S\u0131v\u0131 ta\u015f\u0131mac\u0131l\u0131\u011f\u0131 i\u00e7in paslanmaz \u00e7elik diki\u015fsiz \u00e7elik borular<br \/>\n(GB\/T14976-2002 yerine, GB\/T14976-1994 yerine, GB2270-1980 yerine)<br \/>\nGB\/T14975-2012 Yap\u0131sal kullan\u0131m i\u00e7in paslanmaz \u00e7elik diki\u015fsiz \u00e7elik borular (GB\/T14975-2002'nin yerine)<br \/>\nGB13296-2013 Kazan borular\u0131 ve \u0131s\u0131 e\u015fanj\u00f6rleri i\u00e7in paslanmaz \u00e7elik borular<br \/>\n(GJB2608-96) (YB676-73) Havac\u0131l\u0131k yap\u0131sal borular\u0131, kal\u0131n duvarl\u0131 diki\u015fsiz \u00e7elik borular<br \/>\n(GJB2296-95) (YB678-71) Havac\u0131l\u0131k i\u00e7in paslanmaz \u00e7elik boru<br \/>\n(YB\/T679-97) (YB679-71) Havac\u0131l\u0131k i\u00e7in 18A i\u00e7i bo\u015f per\u00e7inli ince duvarl\u0131 diki\u015fsiz \u00e7elik boru<br \/>\n(GJB2609-96) (YB680-71) Havac\u0131l\u0131k yap\u0131sal borular\u0131, ince duvarl\u0131 diki\u015fsiz \u00e7elik borular<br \/>\n(YB\/T681-97) (YB681-71) Havac\u0131l\u0131k kanal\u0131 20A ince duvarl\u0131 diki\u015fsiz \u00e7elik boru<br \/>\nGB3090-2000 k\u00fc\u00e7\u00fck \u00e7apl\u0131 paslanmaz \u00e7elik boru<br \/>\nGB5310-2017 Y\u00fcksek bas\u0131n\u00e7l\u0131 kazanlar i\u00e7in diki\u015fsiz \u00e7elik boru<br \/>\nGB3087-2008 d\u00fc\u015f\u00fck ve orta bas\u0131n\u00e7l\u0131 kazan borular\u0131<br \/>\nGB3089-2008 Paslanmaz aside dayan\u0131kl\u0131 son derece ince duvarl\u0131 diki\u015fsiz \u00e7elik boru<br \/>\nGB9948-2013 Petrol \u00e7atlamas\u0131 i\u00e7in diki\u015fsiz \u00e7elik<br \/>\nASTM A213 Kazanlar ve \u0131s\u0131 e\u015fanj\u00f6rleri i\u00e7in ferritik ve \u00f6stenitik ala\u015f\u0131ml\u0131 borular<br \/>\nASTM A269 Genel Ama\u00e7l\u0131 \u00d6stenitik Paslanmaz \u00c7elik Boru ve Diki\u015fli Boru<br \/>\nASTM A312 \u00f6stenitik paslanmaz \u00e7elik diki\u015fsiz \u00e7elik boru kaynakl\u0131 \u00e7elik boru kaynakl\u0131 boru<br \/>\nASTM A450 Karbon, Ferritik ve \u00d6stenitik Ala\u015f\u0131ml\u0131 \u00c7elik Boru i\u00e7in Genel Gereklilikler<br \/>\nASTM A530 \u00d6zel Ama\u00e7l\u0131 Demir ve Ala\u015f\u0131ml\u0131 \u00c7elikler i\u00e7in Genel Gereklilikler<br \/>\nASTM A789 Karbonitik \u00d6stenitik Paslanmaz \u00c7elik Diki\u015fsiz ve Diki\u015fli \u00c7elik Boru i\u00e7in Genel Gereklilikler<br \/>\nJIS G3456-88 Mekanik yap\u0131lar i\u00e7in paslanmaz \u00e7elik borular<br \/>\nJIS G3448-88 S\u0131radan borular i\u00e7in paslanmaz \u00e7elik borular<br \/>\nJIS G3459-88 Boru hatlar\u0131 i\u00e7in paslanmaz \u00e7elik borular<br \/>\nJIS G3463-88 Kazanlar ve \u0131s\u0131 e\u015fanj\u00f6rleri i\u00e7in paslanmaz \u00e7elik borular<br \/>\nKimya end\u00fcstrisi i\u00e7in Q\/HYAD diki\u015fsiz \u00e7elik boru<br \/>\n(0Cr18NI11T) Q\/HYAD Cr18Ni5MO3Si2 dubleks paslanmaz \u00e7elik diki\u015fsiz \u00e7elik boru<\/p>\n<p>-Paslanmaz \u00e7elik diki\u015fsiz borular\u0131n \u00fcretim s\u00fcreci:<br \/>\na. Yuvarlak \u00e7elik haz\u0131rlama;<br \/>\nb. \u0131s\u0131tma;<br \/>\nc. s\u0131cak haddelenmi\u015f perforasyon;<br \/>\nd. kafas\u0131n\u0131 kesmek;<br \/>\ne. asitleme;<br \/>\nf. ta\u015flama; \u00f6\u011f\u00fctme<br \/>\ng. ya\u011flama;<br \/>\nh. So\u011fuk haddeleme i\u015flemi;<br \/>\ni. Ya\u011fs\u0131z;<br \/>\nj. \u00c7\u00f6zelti \u0131s\u0131l i\u015flemi;<br \/>\nk\uff0e d\u00fczeltmek; d\u00fczeltmek<br \/>\nBorular\u0131 kesin;<br \/>\nm. tur\u015fu;<br \/>\nn.\u00dcr\u00fcn testi<\/p>\n<p>Uygulama:<\/p>\n<p>-Otomobil end\u00fcstrisi<br \/>\nPaslanmaz \u00e7elik esas olarak egzoz sistemlerinde kullan\u0131l\u0131r. Yayg\u0131n olarak kullan\u0131lan \u00e7elik t\u00fcrleri aras\u0131nda, otomobillerde kullan\u0131lan toplam paslanmaz \u00e7eli\u011fin 1\/2'sinden fazlas\u0131n\u0131 olu\u015fturan 409L, 436L vb. ve 80% ferritik paslanmaz \u00e7eliktir.<\/p>\n<p>-G\u00fcbre end\u00fcstrisi dahil petrokimya end\u00fcstrisi<br \/>\nBu end\u00fcstri a\u011f\u0131rl\u0131kl\u0131 olarak paslanmaz \u00e7elik diki\u015fsiz borular kullan\u0131r, \u00f6zellikler \u015funlar\u0131 i\u00e7erir: 304, 321, 316, 316L, 347, 317L, vb., d\u0131\u015f \u00e7ap \u03c618-\u03c6610 civar\u0131ndad\u0131r ve duvar kal\u0131nl\u0131\u011f\u0131 6mm-50mm civar\u0131ndad\u0131r.<\/p>\n<p>-Su ve gaz gibi ak\u0131\u015fkan ta\u015f\u0131mac\u0131l\u0131\u011f\u0131<br \/>\nPaslanmaz \u00e7elik boru hatlar\u0131 ve bunlar\u0131n su da\u011f\u0131t\u0131m ekipmanlar\u0131 bug\u00fcn d\u00fcnyadaki en geli\u015fmi\u015f temel su ar\u0131tma malzemeleridir.<\/p>\n<p>-Ekipman imalat\u0131 ve onar\u0131m\u0131<br \/>\nY\u0131ll\u0131k paslanmaz \u00e7elik boru t\u00fcketimi 20.000 tondan fazlad\u0131r. A\u011f\u0131rl\u0131kl\u0131 olarak s\u0131hhi veya antibakteriyel s\u0131n\u0131f paslanmaz \u00e7elik borular kullan\u0131l\u0131r. \u0130thal SUS304 ve 316L'den yap\u0131lm\u0131\u015f hijyenik diki\u015fsiz borular.<\/p>\n<p>&nbsp;<\/p>","protected":false},"excerpt":{"rendered":"<p>Paslanmaz \u00e7elik boru, esas olarak end\u00fcstriyel ula\u015f\u0131m boru hatlar\u0131nda ve petrol, kimya end\u00fcstrisi, t\u0131bbi tedavi, g\u0131da, hafif sanayi, mekanik enstr\u00fcmantasyon vb. gibi mekanik yap\u0131sal bile\u015fenlerde yayg\u0131n olarak kullan\u0131lan bir t\u00fcr i\u00e7i bo\u015f uzun yuvarlak \u00e7eliktir. Ek olarak, b\u00fck\u00fclme ve burulma mukavemeti ayn\u0131 oldu\u011funda, a\u011f\u0131rl\u0131k daha hafiftir, bu nedenle [...]","protected":false},"featured_media":3139,"comment_status":"closed","ping_status":"closed","template":"","meta":[],"product_cat":[57,54],"class_list":{"0":"post-3369","1":"product","2":"type-product","3":"status-publish","4":"has-post-thumbnail","6":"product_cat-stainless-steel-tube","7":"product_cat-stainless-steel","9":"first","10":"instock","11":"shipping-taxable","12":"product-type-simple"},"_links":{"self":[{"href":"https:\/\/steelsupplydirect.com\/tr\/wp-json\/wp\/v2\/product\/3369","targetHints":{"allow":["GET"]}}],"collection":[{"href":"https:\/\/steelsupplydirect.com\/tr\/wp-json\/wp\/v2\/product"}],"about":[{"href":"https:\/\/steelsupplydirect.com\/tr\/wp-json\/wp\/v2\/types\/product"}],"replies":[{"embeddable":true,"href":"https:\/\/steelsupplydirect.com\/tr\/wp-json\/wp\/v2\/comments?post=3369"}],"wp:featuredmedia":[{"embeddable":true,"href":"https:\/\/steelsupplydirect.com\/tr\/wp-json\/wp\/v2\/media\/3139"}],"wp:attachment":[{"href":"https:\/\/steelsupplydirect.com\/tr\/wp-json\/wp\/v2\/media?parent=3369"}],"wp:term":[{"taxonomy":"product_cat","embeddable":true,"href":"https:\/\/steelsupplydirect.com\/tr\/wp-json\/wp\/v2\/product_cat?post=3369"}],"curies":[{"name":"wp","href":"https:\/\/api.w.org\/{rel}","templated":true}]}}