{"id":3370,"date":"2023-09-11T14:06:34","date_gmt":"2023-09-11T06:06:34","guid":{"rendered":"https:\/\/steelsupplydirect.com\/?post_type=product&#038;p=3370"},"modified":"2024-06-27T16:50:00","modified_gmt":"2024-06-27T08:50:00","slug":"parlak-dubleks-soguk-cekilmis-300-serisi-200-serisi-su-projesi-icin-kucuk-capli-paslanmaz-celik-boru","status":"publish","type":"product","link":"https:\/\/steelsupplydirect.com\/tr\/%c3%bcr%c3%bcn\/parlak-dubleks-soguk-cekilmis-300-serisi-200-serisi-su-projesi-icin-kucuk-capli-paslanmaz-celik-boru","title":{"rendered":"Su Projesi i\u00e7in Parlak \/ Dubleks \/ So\u011fuk \u00c7ekilmi\u015f 300 Serisi 200 Serisi K\u00fc\u00e7\u00fck \u00c7apl\u0131 Paslanmaz \u00c7elik Boru"},"content":{"rendered":"<p>Paslanmaz \u00e7elik boru, esas olarak end\u00fcstriyel nakliye boru hatlar\u0131nda ve petrol, kimya end\u00fcstrisi, t\u0131bbi tedavi, g\u0131da, hafif sanayi, mekanik enstr\u00fcmantasyon vb. gibi mekanik yap\u0131sal bile\u015fenlerde yayg\u0131n olarak kullan\u0131lan bir t\u00fcr i\u00e7i bo\u015f uzun yuvarlak \u00e7eliktir. Ek olarak, e\u011filme ve burulma mukavemeti ayn\u0131 oldu\u011funda, a\u011f\u0131rl\u0131k daha hafiftir, bu nedenle mekanik par\u00e7alar\u0131n ve m\u00fchendislik yap\u0131lar\u0131n\u0131n imalat\u0131nda da yayg\u0131n olarak kullan\u0131l\u0131r. Ayr\u0131ca mobilya, mutfak e\u015fyalar\u0131 vb. olarak da yayg\u0131n olarak kullan\u0131lmaktad\u0131r.<\/p>\n<p>-Paslanmaz \u00e7elik borular\u0131n sertli\u011fini azaltmak i\u00e7in genellikle Brinell, Rockwell ve Vickers \u015feffafl\u0131k g\u00f6stergeleri kullan\u0131l\u0131r.<\/p>\n<p>-Paslanmaz \u00e7elik diki\u015fsiz borular\u0131n \u00fcretim s\u00fcreci:<br \/>\na. Yuvarlak \u00e7elik haz\u0131rlama;<br \/>\nb. \u0131s\u0131tma;<br \/>\nc. s\u0131cak haddelenmi\u015f perforasyon;<br \/>\nd. kafas\u0131n\u0131 kesmek;<br \/>\ne. asitleme;<br \/>\nf. ta\u015flama; \u00f6\u011f\u00fctme<br \/>\ng. ya\u011flama;<br \/>\nh. So\u011fuk haddeleme i\u015flemi;<br \/>\ni. Ya\u011fs\u0131z;<br \/>\nj. \u00c7\u00f6zelti \u0131s\u0131l i\u015flemi;<br \/>\nk\uff0e d\u00fczeltmek; d\u00fczeltmek<br \/>\nBorular\u0131 kesin;<br \/>\nm. tur\u015fu;<br \/>\nn.\u00dcr\u00fcn testi.<\/p>\n<p>Paslanmaz \u00e7elik borular \u00fcretim y\u00f6ntemlerine g\u00f6re diki\u015fsiz borular ve kaynakl\u0131 borular olmak \u00fczere iki kategoriye ayr\u0131l\u0131r. Diki\u015fsiz \u00e7elik borular s\u0131cak haddelenmi\u015f borular, so\u011fuk haddelenmi\u015f borular, so\u011fuk \u00e7ekilmi\u015f borular ve ekstr\u00fcde borular olarak ayr\u0131labilir. So\u011fuk \u00e7ekilmi\u015f ve so\u011fuk haddelenmi\u015f borular, \u00e7elik borular\u0131n ikincil i\u015flemleridir. \u0130\u015fleme; kaynakl\u0131 borular d\u00fcz diki\u015f kaynakl\u0131 borular ve spiral kaynakl\u0131 borular vb. olarak ikiye ayr\u0131l\u0131r.<\/p>\n<p>-Paslanmaz \u00e7elik kaynakl\u0131 boru \u00fcretim s\u00fcreci:<br \/>\nHammadde-dilimleme-kaynak boru yap\u0131m\u0131-u\u00e7 d\u00fczeltme-parlatma-muayene (bask\u0131)-paketleme-sevkiyat (depolama) (dekoratif kaynakl\u0131 boru)<\/p>\n<p>Hammadde - dilme - kaynak boru yap\u0131m\u0131 - \u0131s\u0131l i\u015flem - d\u00fczeltme - d\u00fczeltme - d\u00fczeltme - asitleme - hidrolik test - muayene (bask\u0131) - paketleme - nakliye (depolama) (End\u00fcstriyel borular i\u00e7in kaynakl\u0131 boru).<\/p>\n<p>-Paslanmaz \u00e7elik boru \u00f6zellikleri:<\/p>\n<p>\u03c66-12\u00d71.5-2.5, \u03c614\u00d71.5-2.5-3, \u03c616\u00d71.5-2.5-4, \u03c618\u00d72.3-4-5, \u03c620\u00d72.5-3-5, \u03c624\u00d72.5-3-4-5-6, ...\u03c695\u00d74.5-6-8, \u03c6102\u00d74.5-5-6-10-12-14-16-20, \u03c6152\u00d74.5-6-10-12-14, ...\u03c6219\u00d76-8-12-16-18-20-25<\/p>\n<p>-\u00c7elik boru boyutu ve izin verilen sapma:<\/p>\n<p>D1: \u00b11.5%\uff0cMin \u00b10.75mm; D2: \u00b11%\uff0cMin \u00b10.50mm; D3: \u00b10.75%\uff0cMin \u00b10.30mm; D4: \u00b10.5%\uff0cMin \u00b10.10mm<\/p>\n<p>S-\u00c7elik borunun nominal et kal\u0131nl\u0131\u011f\u0131, mm;<br \/>\nD-\u00c7elik borunun nominal d\u0131\u015f \u00e7ap\u0131, mm.<br \/>\nW=(d\u0131\u015f \u00e7ap-duvar kal\u0131nl\u0131\u011f\u0131)\u00d7duvar kal\u0131nl\u0131\u011f\u0131\u00d70,02491=KG\/M (metre ba\u015f\u0131na a\u011f\u0131rl\u0131k)<\/p>\n<p>-SS T\u00fcplerin S\u0131n\u0131fland\u0131r\u0131lmas\u0131<\/p>\n<p>Paslanmaz \u00e7elik borular bile\u015fimlerine g\u00f6re Cr serisi (400 serisi), Cr-Ni serisi (300 serisi), Cr-Mn-Ni (200 serisi) ve \u00e7\u00f6kelme sertle\u015fmesi serisi (600 serisi) olarak ayr\u0131labilir.<br \/>\n200 Serisi-Krom-Nikel-Manganez \u00d6stenitik Paslanmaz \u00c7elik 300 Serisi-Krom-Nikel \u00d6stenitik Paslanmaz \u00c7elik.<\/p>\n<p>301--\u0130yi s\u00fcneklik, kal\u0131planm\u0131\u015f \u00fcr\u00fcnler i\u00e7in kullan\u0131l\u0131r. Mekanik i\u015flemlerle de sertle\u015ftirilebilir. \u0130yi kaynaklanabilirlik. A\u015f\u0131nma direnci ve yorulma mukavemeti 304 paslanmaz \u00e7elikten daha iyidir.<br \/>\n302 - Korozyon direnci 304 ile ayn\u0131d\u0131r, ancak nispeten daha y\u00fcksek karbon i\u00e7eri\u011fi nedeniyle mukavemet daha iyidir.<br \/>\n303 - Az miktarda s\u00fclf\u00fcr ve fosfor eklenerek 304'e g\u00f6re daha kolay kesilebilir.<br \/>\n304 - yani 18\/8 paslanmaz \u00e7elik. GB s\u0131n\u0131f\u0131 0Cr18Ni9'dur. 309, 304'ten daha iyi s\u0131cakl\u0131k direncine sahiptir.<br \/>\n316 - 304'ten sonra en yayg\u0131n olarak kullan\u0131lan ikinci \u00e7elik t\u00fcr\u00fc, esas olarak g\u0131da end\u00fcstrisinde, ila\u00e7 end\u00fcstrisinde ve cerrahi ekipmanlarda kullan\u0131l\u0131r, molibden elementinin eklenmesi ona korozyona dayan\u0131kl\u0131 \u00f6zel bir yap\u0131 kazand\u0131r\u0131r. Klor\u00fcr korozyonuna kar\u015f\u0131 304 paslanmaz \u00e7elik borulardan daha iyi dirence sahip oldu\u011fu i\u00e7in \"deniz \u00e7eli\u011fi\" olarak da kullan\u0131l\u0131r. SS316 genellikle n\u00fckleer yak\u0131t geri kazan\u0131m cihazlar\u0131nda kullan\u0131l\u0131r. Grade 18\/10 paslanmaz \u00e7elik boru da genellikle bu uygulama s\u0131n\u0131f\u0131n\u0131 kar\u015f\u0131lar.<\/p>\n<p>SS321-Titanyum ilavesinin malzeme kaynak korozyonu riskini azaltmas\u0131 d\u0131\u015f\u0131nda 304'e benzer.<br \/>\n400 Serisi-ferritik ve martensitik paslanmaz \u00e7elikler.<br \/>\n408-\u0130yi \u0131s\u0131 direnci, zay\u0131f korozyon direnci, 11% Cr, 8% Ni.<br \/>\n409 - yayg\u0131n olarak otomobil egzoz borusu olarak kullan\u0131lan en ucuz model (\u0130ngiliz ve Amerikan), ferritik bir paslanmaz \u00e7eliktir (krom \u00e7eli\u011fi).<br \/>\n410-Martensit (y\u00fcksek mukavemetli krom \u00e7elik), iyi a\u015f\u0131nma direnci, zay\u0131f korozyon direnci.<br \/>\n416-K\u00fck\u00fcrt ilavesi malzemenin i\u015fleme \u00f6zelliklerini iyile\u015ftirir.<br \/>\n420-\"Kesme s\u0131n\u0131f\u0131\" martensitik \u00e7elik, Brinell y\u00fcksek kromlu \u00e7eli\u011fe benzer, en eski paslanmaz \u00e7elik. \u00c7ok parlak yap\u0131labilen cerrahi b\u0131\u00e7aklarda da kullan\u0131l\u0131r.<br \/>\n430-ferritik paslanmaz \u00e7elik, otomotiv aksesuarlar\u0131 gibi dekoratif ama\u00e7lar i\u00e7in. \u0130yi \u015fekillendirilebilirlik, ancak zay\u0131f s\u0131cakl\u0131k direnci ve korozyon direnci.<br \/>\n440 - Biraz daha y\u00fcksek karbon i\u00e7eri\u011fine sahip y\u00fcksek mukavemetli kesici tak\u0131m \u00e7eli\u011fi. Uygun \u0131s\u0131l i\u015flemden sonra daha y\u00fcksek akma dayan\u0131m\u0131 elde edebilir ve sertli\u011fi en sert paslanmaz \u00e7elikler aras\u0131nda olan 58HRC'ye ula\u015fabilir. En yayg\u0131n uygulama \u00f6rne\u011fi \"t\u0131ra\u015f b\u0131\u00e7aklar\u0131 \"d\u0131r. Yayg\u0131n olarak kullan\u0131lan \u00fc\u00e7 modeli vard\u0131r: 440A, 440B, 440C ve 440F (i\u015flenmesi kolay tip).<br \/>\n500 Serisi-Is\u0131ya dayan\u0131kl\u0131 krom ala\u015f\u0131ml\u0131 \u00e7elik.<br \/>\n600 Serisi-Martensitik \u00e7\u00f6keltme ile sertle\u015ftirilmi\u015f paslanmaz \u00e7elik boru.<\/p>","protected":false},"excerpt":{"rendered":"<p>Paslanmaz \u00e7elik boru, esas olarak end\u00fcstriyel ula\u015f\u0131m boru hatlar\u0131nda ve petrol, kimya end\u00fcstrisi, t\u0131bbi tedavi, g\u0131da, hafif sanayi, mekanik enstr\u00fcmantasyon vb. gibi mekanik yap\u0131sal bile\u015fenlerde yayg\u0131n olarak kullan\u0131lan bir t\u00fcr i\u00e7i bo\u015f uzun yuvarlak \u00e7eliktir. Ek olarak, b\u00fck\u00fclme ve burulma mukavemeti ayn\u0131 oldu\u011funda, a\u011f\u0131rl\u0131k daha hafiftir, bu nedenle [...]","protected":false},"featured_media":2828,"comment_status":"closed","ping_status":"closed","template":"","meta":[],"product_cat":[54,57],"class_list":{"0":"post-3370","1":"product","2":"type-product","3":"status-publish","4":"has-post-thumbnail","6":"product_cat-stainless-steel","7":"product_cat-stainless-steel-tube","9":"first","10":"instock","11":"shipping-taxable","12":"product-type-simple"},"_links":{"self":[{"href":"https:\/\/steelsupplydirect.com\/tr\/wp-json\/wp\/v2\/product\/3370","targetHints":{"allow":["GET"]}}],"collection":[{"href":"https:\/\/steelsupplydirect.com\/tr\/wp-json\/wp\/v2\/product"}],"about":[{"href":"https:\/\/steelsupplydirect.com\/tr\/wp-json\/wp\/v2\/types\/product"}],"replies":[{"embeddable":true,"href":"https:\/\/steelsupplydirect.com\/tr\/wp-json\/wp\/v2\/comments?post=3370"}],"wp:featuredmedia":[{"embeddable":true,"href":"https:\/\/steelsupplydirect.com\/tr\/wp-json\/wp\/v2\/media\/2828"}],"wp:attachment":[{"href":"https:\/\/steelsupplydirect.com\/tr\/wp-json\/wp\/v2\/media?parent=3370"}],"wp:term":[{"taxonomy":"product_cat","embeddable":true,"href":"https:\/\/steelsupplydirect.com\/tr\/wp-json\/wp\/v2\/product_cat?post=3370"}],"curies":[{"name":"wp","href":"https:\/\/api.w.org\/{rel}","templated":true}]}}