{"id":3371,"date":"2023-09-11T15:15:40","date_gmt":"2023-09-11T07:15:40","guid":{"rendered":"https:\/\/steelsupplydirect.com\/?post_type=product&#038;p=3371"},"modified":"2023-09-11T15:15:41","modified_gmt":"2023-09-11T07:15:41","slug":"cin-tedarikcisi-astm-a213-304-316l-321-310s-parlak-ayna-cilali-paslanmaz-celik-yuvarlak-kare-cubuk","status":"publish","type":"product","link":"https:\/\/steelsupplydirect.com\/tr\/%c3%bcr%c3%bcn\/cin-tedarikcisi-astm-a213-304-316l-321-310s-parlak-ayna-cilali-paslanmaz-celik-yuvarlak-kare-cubuk","title":{"rendered":"\u00c7in Tedarik\u00e7isi ASTM A213 304 316L 321 310S Parlak Ayna Cilal\u0131 Paslanmaz \u00c7elik Yuvarlak Kare \u00c7ubuk"},"content":{"rendered":"<p>304 paslanmaz \u00e7elik \u00e7ubuk, \u00e7ukur korozyon direnci, y\u00fcksek s\u0131cakl\u0131k direnci, s\u00fcr\u00fcnme direnci ve y\u00fcksek mukavemete sahip ala\u015f\u0131ml\u0131 bir \u00e7elik malzemedir.<\/p>\n<p>-Uygulama standartlar\u0131<br \/>\n\u00c7in standard\u0131:<br \/>\nS\u0131cak haddelenmi\u015f ve d\u00f6v\u00fclm\u00fc\u015f paslanmaz \u00e7elik \u00e7ubuklar: GB\/T1220-2007<br \/>\nSo\u011fuk i\u015flenmi\u015f paslanmaz \u00e7elik \u00e7ubuk: GB4226-2009<br \/>\nAmerikan standard\u0131:<br \/>\nPaslanmaz \u00c7elik \u00c7ubuklar ve \u015eekiller Standart: ASTM A276-2011<br \/>\nPaslanmaz \u00e7elik \u00e7ubuklar, k\u00fct\u00fckler ve d\u00f6vmeler i\u00e7in genel standart ASTM A484-2011<br \/>\nKolay i\u015flenebilen paslanmaz \u00e7elik \u00e7ubuklar i\u00e7in standart ASTM A582-2011<br \/>\nASME SA276-2010, ASME SA484-2010<\/p>\n<p>ASTM A484\/A484M, ASTM A213\/213A, ASTM A269\/269M<\/p>\n<p>M\u00fckemmel \u00e7ukur korozyon direnci ve m\u00fckemmel y\u00fcksek s\u0131cakl\u0131k s\u00fcr\u00fcnme mukavemeti.<\/p>\n<p>2. \u00d6zellikler 1) So\u011fuk haddelenmi\u015f \u00fcr\u00fcn iyi parlakl\u0131\u011fa ve g\u00fczel g\u00f6r\u00fcn\u00fcme sahiptir; 2) Mo eklendi, m\u00fckemmel korozyon direnci, \u00f6zellikle \u00e7ukur korozyon direnci; 3) M\u00fckemmel y\u00fcksek s\u0131cakl\u0131k dayan\u0131m\u0131; 4) M\u00fckemmel i\u015f sertle\u015fmesi (i\u015flemden sonra zay\u0131f manyetizma) 5) Kat\u0131 \u00e7\u00f6zelti durumunda manyetik olmayan; 6) 304 paslanmaz \u00e7elik ile kar\u015f\u0131la\u015ft\u0131r\u0131ld\u0131\u011f\u0131nda, fiyat daha y\u00fcksektir.<br \/>\n3. Uygulama kapsam\u0131: borular, \u0131s\u0131 e\u015fanj\u00f6rleri, g\u0131da end\u00fcstrisi, kimya end\u00fcstrisi vb.<\/p>\n<p>304 paslanmaz \u00e7elik yuvarlak \u00e7ubuk, 304 paslanmaz \u00e7elik k\u0131lcal \u00e7ubuk<br \/>\nMarka: 0Cr18Ni9 (0Cr19Ni9)<br \/>\nElement<br \/>\nC: \u22640,07, Si: \u22641,0,<br \/>\nMn: \u22642.0,<br \/>\nCr: 17.0\uff5e19.0,<br \/>\nNi: 8.0~11.0,<br \/>\nS: \u22640.03,<br \/>\nP: \u22640.035.<br \/>\n\u00c7ekme dayan\u0131m\u0131 (Mpa) 620 MIN<br \/>\nAkma dayan\u0131m\u0131 (Mpa) 310 MIN<br \/>\nUzama (%) 30 DAK\u0130KA<br \/>\nAlan azaltma (%) 40 MIN<br \/>\n304 paslanmaz \u00e7eli\u011fin yo\u011funlu\u011fu 7,93 g\/cm3't\u00fcr. \u00d6stenitik paslanmaz \u00e7elik genellikle bu de\u011feri kullan\u0131r. 304 krom i\u00e7eri\u011fi (%) 18-20'dir. 304 \u00fclkemin 0Cr19Ni9 (0Cr18Ni9) paslanmaz \u00e7eli\u011fine e\u015fde\u011ferdir. 304 paslanmaz \u00e7elik evrensel bir paslanmaz \u00e7elik malzemedir. Pas \u00f6nleme performans\u0131 200 serisi paslanmaz \u00e7elik malzemelerden daha g\u00fc\u00e7l\u00fcd\u00fcr. Y\u00fcksek s\u0131cakl\u0131k direnci a\u00e7\u0131s\u0131ndan da nispeten iyidir ve 1000-1200 dereceye kadar y\u00fcksek s\u0131cakl\u0131klara ula\u015fabilir. 304 paslanmaz \u00e7elik m\u00fckemmel paslanmaz korozyon direncine ve iyi taneler aras\u0131 korozyon direncine sahiptir. Oksitleyici asitler i\u00e7in, deneylerde 304 paslanmaz \u00e7eli\u011fin \u226465% konsantrasyonlu kaynama s\u0131cakl\u0131\u011f\u0131n\u0131n alt\u0131ndaki nitrik asitte g\u00fc\u00e7l\u00fc korozyon direncine sahip oldu\u011fu bulunmu\u015ftur. Ayr\u0131ca alkali \u00e7\u00f6zeltilere ve \u00e7o\u011fu organik ve inorganik asitlere kar\u015f\u0131 iyi bir korozyon direncine sahiptir.<\/p>\n<p>-A\u011f\u0131rl\u0131k hesaplama form\u00fcl\u00fc<\/p>\n<p>A\u011f\u0131rl\u0131k (kg)=\u00c7ap (mm)*\u00c7ap (mm)*Uzunluk (m)*0,00623<br \/>\nPaslanmaz \u00e7eli\u011fin \u00f6zg\u00fcl a\u011f\u0131rl\u0131\u011f\u0131:<br \/>\nKrom paslanmaz \u00e7elik 7,75 ton\/M3 al\u0131r<br \/>\nKrom-nikel paslanmaz \u00e7elik 7,93 ton\/M3<br \/>\nDemir \u00e7\u0131karma 7,87 ton\/M3<br \/>\nPaslanmaz \u00e7elik levha teorik a\u011f\u0131rl\u0131k hesaplama form\u00fcl\u00fc<br \/>\n\u00c7elik \u00fcr\u00fcnlerin teorik a\u011f\u0131rl\u0131\u011f\u0131 A\u011f\u0131rl\u0131k (kg) = Kal\u0131nl\u0131k (mm) \u00d7 Geni\u015flik (mm) \u00d7 Uzunluk (mm) \u00d7 Yo\u011funluk de\u011feri<\/p>\n<p>-Amerikan ve ulusal standart kal\u0131nl\u0131k:<br \/>\n28GA=0.015inches=0.38mm<br \/>\n26GA=0.018inches=0.46mm<br \/>\n24GA=0.024inches=0.61mm<br \/>\n22GA=0.030inches=0.76mm<br \/>\n20GA=0.036inches=1.00mm<br \/>\n18GA=0.048inches=1.25mm<br \/>\n16GA=0.060inches=1.60mm<br \/>\n14GA=0.075inches=2.00mm<br \/>\n12GA=0.105inches=2.70mm<\/p>\n<p>Malzemeler 304, 304L, 321, 316, 316L, 310S, 630, 1Cr13, 2Cr13, 3Cr13, 1Cr17Ni2, dubleks \u00e7elik, antibakteriyel \u00e7elik ve di\u011fer malzemeler!<\/p>\n<p>304 (18Cr-8Ni) malzeme:<\/p>\n<p>Yayg\u0131n olarak kullan\u0131lan bir \u00e7elik olarak, iyi korozyon direnci, \u0131s\u0131 direnci, d\u00fc\u015f\u00fck mukavemet ve mekanik \u00f6zelliklere sahiptir; damgalama ve b\u00fckme gibi iyi s\u0131cak i\u015flenebilirlik ve \u0131s\u0131l i\u015flem olgusu (\u0131s\u0131l i\u015flem olgusu yok) Parlak, kullan\u0131r: Ev \u00fcr\u00fcnleri (S\u0131n\u0131f 1 ve 2 s\u0131hhi tesisat, gard\u0131roplar, i\u00e7 mekan kablolar\u0131, su \u0131s\u0131t\u0131c\u0131lar\u0131, kazanlar, k\u00fcvetler), otomobil par\u00e7alar\u0131 (\u00f6n cam silecekleri, susturucular, kal\u0131planm\u0131\u015f \u00fcr\u00fcnler), t\u0131bbi ekipman, yap\u0131 malzemeleri, kimya, g\u0131da end\u00fcstrisi, tar\u0131m, gemi par\u00e7as\u0131.<\/p>\n<p>-Paslanmaz \u00c7elik \u00c7ubuk S\u0131n\u0131f\u0131:<\/p>\n<p>200 paslanmaz \u00e7elik serisi: 201, 202 (krom, nikel, manganez-\u00f6stenitik paslanmaz \u00e7elik)<br \/>\n300 paslanmaz \u00e7elik serisi: 301, 302, 302HQ, 303, 304, 304L, 304F, 304HC, 316, 316L, 316F, 316S, 316Ti, 310, 310S, 314, 314L, 317, 317L, 321 (krom, nikel-\u00f6stenitik g\u00f6vdeli paslanmaz \u00e7elik)<br \/>\n400 paslanmaz \u00e7elik serisi: 410, 420, 420J2, 430, 430F, 431 (ferritik ve martensitik paslanmaz \u00e7elik)<\/p>\n<p>Not: L d\u00fc\u015f\u00fck karbon anlam\u0131na gelir. \u00d6rne\u011fin 304L, 304'ten daha d\u00fc\u015f\u00fck karbon i\u00e7eri\u011fine sahiptir. H ve S y\u00fcksek s\u0131cakl\u0131k direncini temsil eder. \u00d6rne\u011fin, 310S, 310'dan daha fazla \u0131s\u0131ya dayan\u0131kl\u0131d\u0131r ve 304H, 304'ten daha fazla \u0131s\u0131ya dayan\u0131kl\u0131d\u0131r.<br \/>\nPaslanmaz \u00e7elik \u00e7ubuklar yuvarlak \u00e7ubuklar, alt\u0131gen \u00e7ubuklar, kare \u00e7ubuklar, d\u00fcz \u00e7ubuklar, yuvarlak \u00e7ubuklar ve masif \u00e7ubuklar olarak ayr\u0131l\u0131r. Parlak y\u00fczeyli olanlar siyah deri y\u00fczeyli olanlara g\u00f6re daha pahal\u0131d\u0131r. 303 \u00e7ubuklarda e\u015fsiz bir malzemedir. Kolay tornalanabilir (kesilebilir) tipte bir malzemedir ve \u00e7o\u011funlukla otomatik torna kesimi i\u00e7in kullan\u0131l\u0131r. Ek olarak: 304F, 303CU ve 316F de kolay kesilebilen malzemelerdir. \u00d6zellikler: \u04241mm\uff5e\u0424280mm.<\/p>\n<p>&nbsp;<\/p>\n<p>&nbsp;<\/p>","protected":false},"excerpt":{"rendered":"<p>304 paslanmaz \u00e7elik \u00e7ubuk, \u00e7ukur korozyon direnci, y\u00fcksek s\u0131cakl\u0131k direnci, s\u00fcr\u00fcnme direnci ve y\u00fcksek mukavemete sahip ala\u015f\u0131ml\u0131 bir \u00e7elik malzemedir -Uygulama standartlar\u0131 \u00c7in standard\u0131: S\u0131cak haddelenmi\u015f ve d\u00f6v\u00fclm\u00fc\u015f paslanmaz \u00e7elik \u00e7ubuklar: GB\/T1220-2007 So\u011fuk i\u015flenmi\u015f paslanmaz \u00e7elik \u00e7ubuk: GB4226-2009 Amerikan standard\u0131: Paslanmaz \u00c7elik \u00c7ubuklar ve \u015eekiller Standard\u0131: ASTM A276-2011 Paslanmaz \u00e7elik \u00e7ubuklar i\u00e7in genel standart, [...]","protected":false},"featured_media":2908,"comment_status":"closed","ping_status":"closed","template":"","meta":[],"product_cat":[54,58],"class_list":{"0":"post-3371","1":"product","2":"type-product","3":"status-publish","4":"has-post-thumbnail","6":"product_cat-stainless-steel","7":"product_cat-stainless-steel-rod","9":"first","10":"instock","11":"shipping-taxable","12":"product-type-simple"},"_links":{"self":[{"href":"https:\/\/steelsupplydirect.com\/tr\/wp-json\/wp\/v2\/product\/3371","targetHints":{"allow":["GET"]}}],"collection":[{"href":"https:\/\/steelsupplydirect.com\/tr\/wp-json\/wp\/v2\/product"}],"about":[{"href":"https:\/\/steelsupplydirect.com\/tr\/wp-json\/wp\/v2\/types\/product"}],"replies":[{"embeddable":true,"href":"https:\/\/steelsupplydirect.com\/tr\/wp-json\/wp\/v2\/comments?post=3371"}],"wp:featuredmedia":[{"embeddable":true,"href":"https:\/\/steelsupplydirect.com\/tr\/wp-json\/wp\/v2\/media\/2908"}],"wp:attachment":[{"href":"https:\/\/steelsupplydirect.com\/tr\/wp-json\/wp\/v2\/media?parent=3371"}],"wp:term":[{"taxonomy":"product_cat","embeddable":true,"href":"https:\/\/steelsupplydirect.com\/tr\/wp-json\/wp\/v2\/product_cat?post=3371"}],"curies":[{"name":"wp","href":"https:\/\/api.w.org\/{rel}","templated":true}]}}