{"id":3372,"date":"2023-09-11T14:35:47","date_gmt":"2023-09-11T06:35:47","guid":{"rendered":"https:\/\/steelsupplydirect.com\/?post_type=product&#038;p=3372"},"modified":"2023-09-11T14:39:11","modified_gmt":"2023-09-11T06:39:11","slug":"paslanmaz-celi%cc%87k-cubuk","status":"publish","type":"product","link":"https:\/\/steelsupplydirect.com\/tr\/%c3%bcr%c3%bcn\/paslanmaz-celi%cc%87k-cubuk","title":{"rendered":"Y\u00fcksek H\u0131zl\u0131 Fabrika Paslanmaz \u00c7elik Yuvarlak \u00c7ubuk Cilal\u0131 Asitleme ASTM AISI 200 300 400 \u00c7ap"},"content":{"rendered":"<p>304 paslanmaz \u00e7elik \u00e7ubuk, \u00e7ukur korozyon direnci, y\u00fcksek s\u0131cakl\u0131k direnci, s\u00fcr\u00fcnme direnci ve y\u00fcksek mukavemete sahip bir ala\u015f\u0131ml\u0131 \u00e7elik malzemedir.<\/p>\n<p>-Uygulama standartlar\u0131<br \/>\n\u00c7in standard\u0131:<br \/>\nS\u0131cak haddelenmi\u015f ve d\u00f6v\u00fclm\u00fc\u015f paslanmaz \u00e7elik \u00e7ubuklar: GB\/T1220-2007;<br \/>\nSo\u011fuk i\u015flenmi\u015f paslanmaz \u00e7elik \u00e7ubuk: GB4226-2009<\/p>\n<p>GB\/T14975-2002, GB\/T14976-2002, GB\/T13296-91<\/p>\n<p>Amerikan standard\u0131:<br \/>\nPaslanmaz \u00c7elik \u00c7ubuklar ve \u015eekiller Standart: ASTM A276-2011<br \/>\nPaslanmaz \u00e7elik \u00e7ubuklar, k\u00fct\u00fckler ve d\u00f6vmeler i\u00e7in genel standart ASTM A484-2011<br \/>\nKolay i\u015flenebilen paslanmaz \u00e7elik \u00e7ubuklar i\u00e7in standart ASTM A582-2011<br \/>\nASME SA276-2010<br \/>\nASME SA484-2010<\/p>\n<p>ASTM A484\/A484M, ASTM A213\/213A, ASTM A269\/269M<\/p>\n<p>Paslanmaz \u00e7elik \u00e7ubuk malzemeleri: 304, 304L, 321, 316, 316L, 310S, 630, 1Cr13, 2Cr13, 3Cr13, 1Cr17Ni2, dubleks \u00e7elik, antibakteriyel \u00e7elik ve di\u011fer malzemeler.<\/p>\n<p>-S\u0131n\u0131fland\u0131rma:<\/p>\n<p>Paslanmaz \u00e7elik \u00e7ubuklar \u00fcretim teknolojisine g\u00f6re \u00fc\u00e7 tipe ayr\u0131labilir: s\u0131cak haddeleme, d\u00f6vme ve so\u011fuk \u00e7ekme. Boyutlar\u0131 (\u00e7ap, kenar uzunlu\u011fu, kal\u0131nl\u0131k veya kar\u015f\u0131l\u0131kl\u0131 kenarlar aras\u0131ndaki mesafe) 250 mm'den b\u00fcy\u00fck olmayan s\u0131cak haddelenmi\u015f ve d\u00f6v\u00fclm\u00fc\u015f paslanmaz \u00e7elik \u00e7ubuklar.<br \/>\nS\u0131cak haddelenmi\u015f paslanmaz \u00e7elik yuvarlak \u00e7ubuklar\u0131n \u00f6zellikleri 5,5-250 mm'dir. Bunlar aras\u0131nda: 5,5-25 mm'lik k\u00fc\u00e7\u00fck paslanmaz \u00e7elik yuvarlak \u00e7ubuklar \u00e7o\u011funlukla d\u00fcz \u015feritler halinde tedarik edilir ve genellikle \u00e7elik \u00e7ubuklar, c\u0131vatalar ve \u00e7e\u015fitli mekanik par\u00e7alar olarak kullan\u0131l\u0131r; 25 mm'den b\u00fcy\u00fck paslanmaz \u00e7elik yuvarlak \u00e7ubuklar \u00e7o\u011funlukla mekanik par\u00e7alar veya diki\u015fsiz \u00e7elik boru bo\u015fluklar\u0131 \u00fcretmek i\u00e7in kullan\u0131l\u0131r.<\/p>\n<p>M\u00fckemmel \u00e7ukur korozyon direnci ve m\u00fckemmel y\u00fcksek s\u0131cakl\u0131k s\u00fcr\u00fcnme mukavemeti.<br \/>\n-\u00d6zellikler 1) So\u011fuk haddelenmi\u015f \u00fcr\u00fcn iyi parlakl\u0131\u011fa ve g\u00fczel g\u00f6r\u00fcn\u00fcme sahiptir; 2) Mo eklendi, m\u00fckemmel korozyon direnci, \u00f6zellikle \u00e7ukur korozyon direnci; 3) M\u00fckemmel y\u00fcksek s\u0131cakl\u0131k dayan\u0131m\u0131; 4) M\u00fckemmel i\u015f sertle\u015fmesi (i\u015flemden sonra zay\u0131f manyetizma) 5) Kat\u0131 \u00e7\u00f6zelti durumunda manyetik olmayan; 6) 304 paslanmaz \u00e7elik ile kar\u015f\u0131la\u015ft\u0131r\u0131ld\u0131\u011f\u0131nda, fiyat daha y\u00fcksektir.<br \/>\n-Uygulama kapsam\u0131: borular, \u0131s\u0131 e\u015fanj\u00f6rleri, g\u0131da end\u00fcstrisi, kimya end\u00fcstrisi vb.<br \/>\n304 paslanmaz \u00e7elik yuvarlak \u00e7ubuk, 304 paslanmaz \u00e7elik k\u0131lcal \u00e7ubuk<br \/>\nMarka: 0Cr18Ni9 (0Cr19Ni9)<br \/>\nKimyasal Bile\u015fen Eleman\u0131<br \/>\nC: \u22640,07, Si: \u22641,0,<br \/>\nMn: \u22642.0,<br \/>\nCr: 17.0\uff5e19.0,<br \/>\nNi: 8.0~11.0,<br \/>\nS: \u22640.03,<br \/>\nP: \u22640.035.<br \/>\n\u00c7ekme dayan\u0131m\u0131 (Mpa) 620 MIN<br \/>\nAkma dayan\u0131m\u0131 (Mpa) 310 MIN<br \/>\nUzama (%) 30 DAK\u0130KA<br \/>\nAlan azaltma (%) 40 MIN<br \/>\n304 paslanmaz \u00e7eli\u011fin yo\u011funlu\u011fu 7,93 g\/cm3't\u00fcr. \u00d6stenitik paslanmaz \u00e7elik genellikle bu de\u011feri kullan\u0131r. 304 krom i\u00e7eri\u011fi (%) 18-20'dir. 304 \u00fclkemin 0Cr19Ni9 (0Cr18Ni9) paslanmaz \u00e7eli\u011fine e\u015fde\u011ferdir. 304 paslanmaz \u00e7elik evrensel bir paslanmaz \u00e7elik malzemedir. Pas \u00f6nleme performans\u0131 200 serisi paslanmaz \u00e7elik malzemelerden daha g\u00fc\u00e7l\u00fcd\u00fcr. Y\u00fcksek s\u0131cakl\u0131k direnci a\u00e7\u0131s\u0131ndan da nispeten iyidir ve 1000-1200 dereceye kadar y\u00fcksek s\u0131cakl\u0131klara ula\u015fabilir. 304 paslanmaz \u00e7elik m\u00fckemmel paslanmaz korozyon direncine ve iyi taneler aras\u0131 korozyon direncine sahiptir. Oksitleyici asitler i\u00e7in, deneylerde 304 paslanmaz \u00e7eli\u011fin \u226465% konsantrasyonlu kaynama s\u0131cakl\u0131\u011f\u0131n\u0131n alt\u0131ndaki nitrik asitte g\u00fc\u00e7l\u00fc korozyon direncine sahip oldu\u011fu bulunmu\u015ftur. Ayr\u0131ca alkali \u00e7\u00f6zeltilere ve \u00e7o\u011fu organik ve inorganik asitlere kar\u015f\u0131 iyi bir korozyon direncine sahiptir.<\/p>\n<p>Nature-Advantage:<br \/>\nAkma dayan\u0131m\u0131 (Mpa) 310 MIN<br \/>\nUzama (%) 30 DAK\u0130KA<br \/>\nAlan azaltma (%) 40 MIN<br \/>\n304 paslanmaz \u00e7eli\u011fin yo\u011funlu\u011fu: 7,93 g\/cm3. \u00d6stenitik paslanmaz \u00e7elik genellikle bu de\u011feri kullan\u0131r: 304 krom i\u00e7eri\u011fi (%) 18-20. \u00dclkemin 0Cr19Ni9 (0Cr18Ni9) paslanmaz \u00e7eli\u011fi ile kar\u015f\u0131la\u015ft\u0131r\u0131ld\u0131\u011f\u0131nda, 304 paslanmaz \u00e7elik, 200 serisi paslanmaz \u00e7elik malzemelerden daha g\u00fc\u00e7l\u00fc pas \u00f6nleme performans\u0131na sahip evrensel bir paslanmaz \u00e7elik malzemedir. Y\u00fcksek s\u0131cakl\u0131k dayan\u0131m\u0131 a\u00e7\u0131s\u0131ndan da daha iyidir.<br \/>\n1000-1200 derece kadar y\u00fcksek olabilir. 304 paslanmaz \u00e7elik m\u00fckemmel paslanmaz korozyon direncine ve taneler aras\u0131 korozyona kar\u015f\u0131 iyi bir dirence sahiptir. Deney sonu\u00e7lar\u0131: 304 paslanmaz \u00e7elik, \u226465% konsantrasyonlu \u0131s\u0131tma s\u0131cakl\u0131\u011f\u0131n\u0131n alt\u0131ndaki nitrik asitte en g\u00fc\u00e7l\u00fc korozyon direncine sahiptir. Alkali \u00e7\u00f6zeltilerine ve \u00e7o\u011fu organik ve inorganik asitlere kar\u015f\u0131 iyi korozyon direncine sahiptir.<\/p>\n<p>304 (18Cr-8Ni) malzeme: Yayg\u0131n olarak kullan\u0131lan bir \u00e7elik olarak, iyi korozyon direnci \/ \u0131s\u0131 direnci, d\u00fc\u015f\u00fck s\u0131cakl\u0131k dayan\u0131m\u0131 ve mekanik \u00f6zelliklere sahiptir; damgalama \/ b\u00fckme gibi iyi s\u0131cak i\u015flenebilirlik, \u0131s\u0131l i\u015flem sertle\u015ftirme olgusu yok (manyetik olmayan, -196 \u2103 \uff5e 800 \u2103 s\u0131cakl\u0131k kullan\u0131n). Kullan\u0131m alan\u0131: Ev \u00fcr\u00fcnleri (S\u0131n\u0131f 1\/2 sofra tak\u0131m\u0131 \/ dolaplar \/ i\u00e7 mekan borular\u0131 \/ su \u0131s\u0131t\u0131c\u0131lar\u0131 \/ kazanlar \/ k\u00fcvetler), otomobil par\u00e7alar\u0131 (\u00f6n cam silecekleri \/ susturucular \/ kal\u0131planm\u0131\u015f \u00fcr\u00fcnler), t\u0131bbi ekipman, yap\u0131 malzemeleri, kimyasallar, g\u0131da end\u00fcstrisi, tar\u0131m, gemi par\u00e7alar\u0131.<\/p>\n<p>&nbsp;<\/p>","protected":false},"excerpt":{"rendered":"<p>304 paslanmaz \u00e7elik \u00e7ubuk, \u00e7ukur korozyon direnci, y\u00fcksek s\u0131cakl\u0131k direnci, s\u00fcr\u00fcnme direnci ve y\u00fcksek mukavemete sahip bir ala\u015f\u0131ml\u0131 \u00e7elik malzemedir. -Uygulama standartlar\u0131 \u00c7in standard\u0131: S\u0131cak haddelenmi\u015f ve d\u00f6v\u00fclm\u00fc\u015f paslanmaz \u00e7elik \u00e7ubuklar: GB\/T1220-2007; So\u011fuk i\u015flenmi\u015f paslanmaz \u00e7elik \u00e7ubuk: GB4226-2009 GB\/T14975-2002, GB\/T14976-2002, GB\/T13296-91 Amerikan standard\u0131: Paslanmaz \u00c7elik \u00c7ubuklar ve \u015eekiller Standard\u0131: ASTM A276-2011 [...] i\u00e7in genel standart","protected":false},"featured_media":3308,"comment_status":"closed","ping_status":"closed","template":"","meta":[],"product_cat":[54,58],"class_list":{"0":"post-3372","1":"product","2":"type-product","3":"status-publish","4":"has-post-thumbnail","6":"product_cat-stainless-steel","7":"product_cat-stainless-steel-rod","9":"first","10":"instock","11":"shipping-taxable","12":"product-type-simple"},"_links":{"self":[{"href":"https:\/\/steelsupplydirect.com\/tr\/wp-json\/wp\/v2\/product\/3372","targetHints":{"allow":["GET"]}}],"collection":[{"href":"https:\/\/steelsupplydirect.com\/tr\/wp-json\/wp\/v2\/product"}],"about":[{"href":"https:\/\/steelsupplydirect.com\/tr\/wp-json\/wp\/v2\/types\/product"}],"replies":[{"embeddable":true,"href":"https:\/\/steelsupplydirect.com\/tr\/wp-json\/wp\/v2\/comments?post=3372"}],"wp:featuredmedia":[{"embeddable":true,"href":"https:\/\/steelsupplydirect.com\/tr\/wp-json\/wp\/v2\/media\/3308"}],"wp:attachment":[{"href":"https:\/\/steelsupplydirect.com\/tr\/wp-json\/wp\/v2\/media?parent=3372"}],"wp:term":[{"taxonomy":"product_cat","embeddable":true,"href":"https:\/\/steelsupplydirect.com\/tr\/wp-json\/wp\/v2\/product_cat?post=3372"}],"curies":[{"name":"wp","href":"https:\/\/api.w.org\/{rel}","templated":true}]}}