{"id":3375,"date":"2023-09-11T16:42:28","date_gmt":"2023-09-11T08:42:28","guid":{"rendered":"https:\/\/steelsupplydirect.com\/?post_type=product&#038;p=3375"},"modified":"2023-09-11T16:42:29","modified_gmt":"2023-09-11T08:42:29","slug":"paslanmaz-celik-cubuk-2","status":"publish","type":"product","link":"https:\/\/steelsupplydirect.com\/tr\/%c3%bcr%c3%bcn\/paslanmaz-celik-cubuk-2","title":{"rendered":"Paslanmaz \u00c7elik \u00c7ubuk"},"content":{"rendered":"<p>Paslanmaz \u00e7elik yuvarlak \u00e7ubuk<\/p>\n<p>-300 serisi paslanmaz \u00e7elik yuvarlak \u00e7ubuk: 316 paslanmaz \u00e7elik yuvarlak \u00e7ubuk, 304L paslanmaz \u00e7elik yuvarlak \u00e7ubuk, 304 paslanmaz \u00e7elik yuvarlak \u00e7ubuk, 310 paslanmaz \u00e7elik yuvarlak \u00e7ubuk, 303 paslanmaz \u00e7elik yuvarlak \u00e7ubuk, 302 paslanmaz \u00e7elik yuvarlak \u00e7ubuk, 301 paslanmaz \u00e7elik yuvarlak \u00e7ubuk,<br \/>\n-200 serisi paslanmaz \u00e7elik yuvarlak \u00e7ubuklar: 202 paslanmaz \u00e7elik yuvarlak \u00e7ubuklar, 201 paslanmaz \u00e7elik yuvarlak \u00e7ubuklar,<br \/>\n-400 serisi paslanmaz \u00e7elik yuvarlak \u00e7ubuk: 410 paslanmaz \u00e7elik yuvarlak \u00e7ubuk, 420 paslanmaz \u00e7elik yuvarlak \u00e7ubuk, 430 paslanmaz \u00e7elik yuvarlak \u00e7ubuk<br \/>\n-300 serisi paslanmaz \u00e7elik yuvarlak \u00e7ubuklar\u0131n detayl\u0131 a\u00e7\u0131klamas\u0131:<\/p>\n<p>316L paslanmaz \u00e7elik yuvarlak \u00e7ubuk: 316 paslanmaz \u00e7elik molibden ve d\u00fc\u015f\u00fck karbon i\u00e7eri\u011fi i\u00e7erir. Okyanus ve kimyasal end\u00fcstriyel ortamda \u00e7ukur korozyonuna kar\u015f\u0131 direnci 304 paslanmaz \u00e7elikten \u00e7ok daha iyidir! (316L d\u00fc\u015f\u00fck karbonludur, 316N azot i\u00e7erir ve y\u00fcksek mukavemete sahiptir, 316F paslanmaz \u00e7elik y\u00fcksek s\u00fclf\u00fcr i\u00e7eri\u011fine sahiptir ve paslanmaz \u00e7eli\u011fin kesilmesi kolayd\u0131r.<\/p>\n<p>304L paslanmaz \u00e7elik yuvarlak \u00e7ubuk: D\u00fc\u015f\u00fck karbonlu bir 304 \u00e7eli\u011fi olarak, normal \u015fartlar alt\u0131nda korozyon direnci 304'\u00fcnkine benzer. Bununla birlikte, kaynak veya gerilim giderme i\u015fleminden sonra, tane s\u0131n\u0131r\u0131 korozyonuna kar\u015f\u0131 direnci m\u00fckemmeldir. Is\u0131l i\u015flem olmadan da korozyona kar\u015f\u0131 koyabilir. \u0130yi korozyon direncini korur.<\/p>\n<p>304 paslanmaz \u00e7elik yuvarlak \u00e7ubuk: \u0130yi korozyon direncine, \u0131s\u0131 direncine, d\u00fc\u015f\u00fck s\u0131cakl\u0131k mukavemetine ve mekanik \u00f6zelliklere, damgalama ve b\u00fckme gibi iyi s\u0131cak i\u015flenebilirli\u011fe sahiptir ve \u0131s\u0131l i\u015flem sertle\u015ftirme fenomeni yoktur. Kullan\u0131m: sofra tak\u0131mlar\u0131, dolaplar, kazanlar, otomobil par\u00e7alar\u0131, t\u0131bbi ekipman, yap\u0131 malzemeleri, g\u0131da end\u00fcstrisi (kullan\u0131m s\u0131cakl\u0131\u011f\u0131 -196 \u00b0 C-700 \u00b0 C) 310 paslanmaz \u00e7elik yuvarlak \u00e7ubuk: ana \u00f6zellikleri \u015funlard\u0131r: genellikle kazanlarda ve otomobil egzoz borusunda kullan\u0131lan y\u00fcksek s\u0131cakl\u0131k direnci. Di\u011fer \u00f6zellikler ortalamad\u0131r.<\/p>\n<p>303 paslanmaz \u00e7elik yuvarlak \u00e7ubuk: Az miktarda s\u00fclf\u00fcr ve fosfor eklenerek kesilmesi 304'e g\u00f6re daha kolayd\u0131r ve di\u011fer \u00f6zellikleri 304'e benzer.<br \/>\n302 paslanmaz \u00e7elik yuvarlak \u00e7ubuk: 302 paslanmaz \u00e7elik \u00e7ubuk, otomobil par\u00e7alar\u0131, havac\u0131l\u0131k, havac\u0131l\u0131k donan\u0131m ara\u00e7lar\u0131 ve kimya end\u00fcstrisinde yayg\u0131n olarak kullan\u0131lmaktad\u0131r. Detaylar a\u015fa\u011f\u0131daki gibidir: el sanatlar\u0131, rulmanlar, kayma kal\u0131plar\u0131, t\u0131bbi aletler, elektrikli ev aletleri vb. \u00d6zellikler: 302 paslanmaz \u00e7elik bilye, 304'e yak\u0131n olan \u00f6stenitik bir \u00e7eliktir, ancak 302'nin sertli\u011fi daha y\u00fcksektir, HRC\u226428 ve iyi pas \u00f6nleyici ve korozyon \u00f6nleyici \u00f6zelliklere sahiptir.<br \/>\n301 paslanmaz \u00e7elik yuvarlak \u00e7ubuk: iyi s\u00fcneklik, kal\u0131planm\u0131\u015f \u00fcr\u00fcnler i\u00e7in kullan\u0131l\u0131r. Mekanik i\u015fleme ile de sertle\u015ftirilebilir. \u0130yi kaynaklanabilirlik. A\u015f\u0131nma direnci ve yorulma mukavemeti 304 paslanmaz \u00e7elikten daha iyidir.<\/p>\n<p>-200 serisi paslanmaz \u00e7elik yuvarlak \u00e7ubuklar\u0131n detayl\u0131 a\u00e7\u0131klamas\u0131:<\/p>\n<p>202 paslanmaz \u00e7elik yuvarlak \u00e7ubuk: Krom-nikel-manganez \u00f6stenitik paslanmaz \u00e7elik olup 201 paslanmaz \u00e7elikten daha iyi performansa sahiptir.<br \/>\n201 paslanmaz \u00e7elik yuvarlak \u00e7ubuk: nispeten d\u00fc\u015f\u00fck manyetizmaya sahip krom-nikel-manganez \u00f6stenitik paslanmaz \u00e7eli\u011fe aittir. 400 serisi paslanmaz \u00e7elik yuvarlak \u00e7ubu\u011fun ayr\u0131nt\u0131l\u0131 a\u00e7\u0131klamas\u0131:<br \/>\n410 paslanmaz \u00e7elik yuvarlak \u00e7ubuk: martensitik (y\u00fcksek mukavemetli krom \u00e7elik) aittir, iyi a\u015f\u0131nma direncine ve zay\u0131f korozyon direncine sahiptir.<br \/>\n420 paslanmaz \u00e7elik yuvarlak \u00e7ubuk: Brinell y\u00fcksek kromlu \u00e7elik gibi en eski paslanmaz \u00e7eliklere benzeyen \"kesici tak\u0131m s\u0131n\u0131f\u0131\" martensitik \u00e7elik. \u00c7ok parlak yap\u0131labilen cerrahi b\u0131\u00e7aklarda da kullan\u0131l\u0131r.<br \/>\n430 paslanmaz \u00e7elik yuvarlak \u00e7ubuk: ferritik paslanmaz \u00e7elik, araba aksesuarlar\u0131 gibi dekorasyon i\u00e7in kullan\u0131l\u0131r. \u0130yi \u015fekillendirilebilirlik, ancak zay\u0131f s\u0131cakl\u0131k direnci ve korozyon direnci.<\/p>\n<p>-Paslanmaz \u00e7elik \u00e7ubuklar i\u00e7in ulusal standart: GB\/T14975-2002, GB\/T14976-2002, GB\/T13296-91<br \/>\nAmerikan standartlar\u0131: ASTM A484\/A484M, ASTM A213\/213A, ASTM A269\/269M<\/p>\n<p>Paslanmaz \u00e7elik \u00e7ubuklar \u00fcretim teknolojisine g\u00f6re \u00fc\u00e7 tipe ayr\u0131labilir: s\u0131cak haddeleme, d\u00f6vme ve so\u011fuk \u00e7ekme. S\u0131cak haddelenmi\u015f paslanmaz \u00e7elik yuvarlak \u00e7ubuklar\u0131n \u00f6zellikleri 5,5-250 mm'dir. Bunlar aras\u0131nda: 5,5-25 mm'lik k\u00fc\u00e7\u00fck paslanmaz \u00e7elik yuvarlak \u00e7ubuklar \u00e7o\u011funlukla d\u00fcz \u015feritler halinde tedarik edilir ve genellikle \u00e7elik \u00e7ubuklar, c\u0131vatalar ve \u00e7e\u015fitli mekanik par\u00e7alar olarak kullan\u0131l\u0131r; 25 mm'den b\u00fcy\u00fck paslanmaz \u00e7elik yuvarlak \u00e7ubuklar \u00e7o\u011funlukla mekanik par\u00e7alar veya diki\u015fsiz \u00e7elik boru bo\u015fluklar\u0131 \u00fcretmek i\u00e7in kullan\u0131l\u0131r.<\/p>\n<p>&nbsp;<\/p>","protected":false},"excerpt":{"rendered":"<p>Paslanmaz \u00e7elik yuvarlak \u00e7ubuk -300 serisi paslanmaz \u00e7elik yuvarlak \u00e7ubuk: 316 paslanmaz \u00e7elik yuvarlak \u00e7ubuk, 304L paslanmaz \u00e7elik yuvarlak \u00e7ubuk, 304 paslanmaz \u00e7elik yuvarlak \u00e7ubuk, 310 paslanmaz \u00e7elik yuvarlak \u00e7ubuk, 303 paslanmaz \u00e7elik yuvarlak \u00e7ubuk, 302 paslanmaz \u00e7elik yuvarlak \u00e7ubuk, 301 paslanmaz \u00e7elik yuvarlak \u00e7ubuk, -200 serisi paslanmaz \u00e7elik yuvarlak \u00e7ubuklar: 202 paslanmaz \u00e7elik yuvarlak [...]","protected":false},"featured_media":2907,"comment_status":"closed","ping_status":"closed","template":"","meta":[],"product_cat":[54,58],"class_list":{"0":"post-3375","1":"product","2":"type-product","3":"status-publish","4":"has-post-thumbnail","6":"product_cat-stainless-steel","7":"product_cat-stainless-steel-rod","9":"first","10":"instock","11":"shipping-taxable","12":"product-type-simple"},"_links":{"self":[{"href":"https:\/\/steelsupplydirect.com\/tr\/wp-json\/wp\/v2\/product\/3375","targetHints":{"allow":["GET"]}}],"collection":[{"href":"https:\/\/steelsupplydirect.com\/tr\/wp-json\/wp\/v2\/product"}],"about":[{"href":"https:\/\/steelsupplydirect.com\/tr\/wp-json\/wp\/v2\/types\/product"}],"replies":[{"embeddable":true,"href":"https:\/\/steelsupplydirect.com\/tr\/wp-json\/wp\/v2\/comments?post=3375"}],"wp:featuredmedia":[{"embeddable":true,"href":"https:\/\/steelsupplydirect.com\/tr\/wp-json\/wp\/v2\/media\/2907"}],"wp:attachment":[{"href":"https:\/\/steelsupplydirect.com\/tr\/wp-json\/wp\/v2\/media?parent=3375"}],"wp:term":[{"taxonomy":"product_cat","embeddable":true,"href":"https:\/\/steelsupplydirect.com\/tr\/wp-json\/wp\/v2\/product_cat?post=3375"}],"curies":[{"name":"wp","href":"https:\/\/api.w.org\/{rel}","templated":true}]}}