{"id":3376,"date":"2023-09-11T17:38:45","date_gmt":"2023-09-11T09:38:45","guid":{"rendered":"https:\/\/steelsupplydirect.com\/?post_type=product&#038;p=3376"},"modified":"2023-10-30T13:37:45","modified_gmt":"2023-10-30T05:37:45","slug":"tip-900-910-paslanmaz-celi%cc%87k-oluklu-levha-qn1701-qn1803-geni%cc%87sli%cc%87k-760mm-1025mm-915mm","status":"publish","type":"product","link":"https:\/\/steelsupplydirect.com\/tr\/%c3%bcr%c3%bcn\/tip-900-910-paslanmaz-celi%cc%87k-oluklu-levha-qn1701-qn1803-geni%cc%87sli%cc%87k-760mm-1025mm-915mm","title":{"rendered":"Tip 900\/910 Paslanmaz \u00c7elik Oluklu Levha QN1701 QN1803 Geni\u015flik 760mm 1025mm 915mm"},"content":{"rendered":"<h2>B\u00f6l\u00fcm 1 \u00dcretim tan\u0131m\u0131<\/h2>\n<p>Paslanmaz \u00e7elik oluklu mukavva, paslanmaz \u00e7elik ince rulolardan yap\u0131lm\u0131\u015f ve \u00e7e\u015fitli oluklu \u015fekillere ekipmanla haddelenmi\u015f ve so\u011fuk b\u00fck\u00fclm\u00fc\u015f profilli bir levhad\u0131r. End\u00fcstriyel ve sivil binalar\u0131n, depolar\u0131n, \u00f6zel binalar\u0131n ve geni\u015f a\u00e7\u0131kl\u0131kl\u0131 \u00e7elik yap\u0131 evlerin \u00e7at\u0131lar\u0131, duvarlar\u0131 ve i\u00e7 ve d\u0131\u015f duvar dekoratif \u0131\u015f\u0131klar\u0131 i\u00e7in uygundur. Yang\u0131ndan korunma, ya\u011fmur ge\u00e7irmezlik, uzun \u00f6m\u00fcr ve bak\u0131m gerektirmeme \u00f6zelliklerine sahiptir ve yayg\u0131n olarak tan\u0131t\u0131lm\u0131\u015f ve uygulanm\u0131\u015ft\u0131r.<\/p>\n<p>Tek katmanl\u0131 paslanmaz \u00e7elik oluklu levhalar genellikle fabrikalarda ve \u0131s\u0131 ve ses yal\u0131t\u0131m\u0131n\u0131n gerekli olmad\u0131\u011f\u0131 di\u011fer yerlerde kullan\u0131l\u0131r. S\u0131radan oluklu levhalarla kar\u015f\u0131la\u015ft\u0131r\u0131ld\u0131\u011f\u0131nda, \u00e7elik oluklu levhalar iyi mekanik \u00f6zelliklere, y\u00fcksek mukavemete, geni\u015f a\u00e7\u0131kl\u0131\u011fa ve dayan\u0131kl\u0131l\u0131\u011fa sahiptir (asit ya\u011fmuruna, a\u015f\u0131nd\u0131r\u0131c\u0131 gazlara, zay\u0131f asitlere ve alkalilere kar\u015f\u0131 diren\u00e7).<\/p>\n<p>Oluklu paslanmaz \u00e7elik paneller ya\u011fmur, buz, g\u00fcne\u015f ve kar\u0131n sert etkilerine kar\u015f\u0131 dayan\u0131kl\u0131d\u0131r. Bu, d\u0131\u015f uygulamalar i\u00e7in, minimum bak\u0131m gerektirerek her y\u0131l s\u00fcrekli olarak \u00e7ekici bir y\u00fczeye sahip olaca\u011f\u0131n\u0131z anlam\u0131na gelir. Bu korozyon direnci \u00e7eli\u011fin y\u00fcksek mukavemeti ile e\u015fle\u015ftirilmi\u015ftir, yani oluklu zemin kaplamas\u0131, \u00e7at\u0131 veya d\u0131\u015f cephe kaplaman\u0131z\u0131n ciddi strese dayanacak kadar sa\u011flam olaca\u011f\u0131ndan emin olabilirsiniz. Az bak\u0131m gerektiren, iyi g\u00f6r\u00fcn\u00fcml\u00fc oluklu paneller ar\u0131yorsan\u0131z, paslanmaz \u00e7eli\u011fi sizin i\u00e7in bir se\u00e7enek olarak d\u00fc\u015f\u00fcn\u00fcn.<\/p>\n<p>Paslanmaz \u00e7elik oluklu mukavva, in\u015faat, dekorasyon, imalat ve \u00e7e\u015fitli \u00f6zelliklere sahip di\u011fer alanlarda yayg\u0131n olarak kullan\u0131lan y\u00fcksek mukavemetli, korozyona dayan\u0131kl\u0131 bir metal malzemedir. A\u015fa\u011f\u0131dakiler yayg\u0131n paslanmaz \u00e7elik oluklu levha \u00f6zellikleridir<\/p>\n<div style=\"overflow: auto\">\n<table>\n<thead>\n<tr>\n<th>Standart:<\/th>\n<th>JIS, AiSi, ASTM, GB, DIN, EN.<\/th>\n<\/tr>\n<\/thead>\n<tbody>\n<tr>\n<td>Kal\u0131nl\u0131k:<\/td>\n<td>0,3 mm - 3,0 mm.<\/td>\n<\/tr>\n<tr>\n<td>Geni\u015flik:<\/td>\n<td>1000mm, 1219mm, 1250mm, 1500mm, \u00d6zelle\u015ftirilmi\u015f.<\/td>\n<\/tr>\n<tr>\n<td>Uzunluk:<\/td>\n<td>2000mm, 2438mm, 2500mm, 3000mm, 3048mm, \u00d6zelle\u015ftirilmi\u015f.<\/td>\n<\/tr>\n<tr>\n<td>Tolerans:<\/td>\n<td>\u00b11%.<\/td>\n<\/tr>\n<tr>\n<td>SS S\u0131n\u0131f\u0131:<\/td>\n<td>304, 316, 201, 430, vb.<\/td>\n<\/tr>\n<\/tbody>\n<\/table>\n<\/div>\n<h2>B\u00f6l\u00fcm 2 \u00dcretim S\u0131n\u0131fland\u0131rmas\u0131:<\/h2>\n<p>\u00d6zellikleri aras\u0131nda korozyon direnci, y\u00fcksek s\u0131cakl\u0131kta oksidasyon direnci, \u0131s\u0131 transferi bulunmaktad\u0131r.<\/p>\n<p>1. Hafif: 4-8kg \/ Metrekare<\/p>\n<p>2. Termal iletkenlik:<\/p>\n<p>3. Y\u00fcksek mukavemet: b\u00fck\u00fclmeye ve s\u0131k\u0131\u015ft\u0131rmaya dayan\u0131kl\u0131 tavan muhafaza yap\u0131s\u0131 i\u00e7in bir tart\u0131 plakas\u0131 olarak kullan\u0131labilir; genel evlerde kiri\u015f ve kolon kullan\u0131lmaz.<\/p>\n<p>4. Renk: Y\u00fczey dekorasyonuna gerek yok, Paslanmaz \u00e7elik do\u011fal renk, renkli kaplama ile de i\u015flenebilir.<\/p>\n<p>5. Hizmet \u00f6mr\u00fc: 20-30 y\u0131l<\/p>\n<p>6. Esnek ve h\u0131zl\u0131 kurulum: in\u015faat s\u00fcresi 40%'den daha fazla k\u0131salt\u0131labilir.<\/p>\n<p>Paslanmaz \u00e7elik levha p\u00fcr\u00fczs\u00fcz bir y\u00fczeye, y\u00fcksek plastisiteye, toklu\u011fa ve mekanik mukavemete sahiptir ve asitler, alkali gazlar, \u00e7\u00f6zeltiler ve di\u011fer ortamlar taraf\u0131ndan korozyona kar\u015f\u0131 dayan\u0131kl\u0131d\u0131r.<\/p>","protected":false},"excerpt":{"rendered":"<p>B\u00f6l\u00fcm 1 \u00dcretim a\u00e7\u0131klamas\u0131 Paslanmaz \u00e7elik oluklu mukavva, paslanmaz \u00e7elik ince rulolardan yap\u0131lm\u0131\u015f ve ekipmanla \u00e7e\u015fitli oluklu \u015fekillere haddelenmi\u015f ve so\u011fuk b\u00fck\u00fclm\u00fc\u015f profilli bir levhad\u0131r. End\u00fcstriyel ve sivil binalar\u0131n, depolar\u0131n, \u00f6zel binalar\u0131n ve geni\u015f a\u00e7\u0131kl\u0131kl\u0131 \u00e7elik yap\u0131lar\u0131n \u00e7at\u0131lar\u0131, duvarlar\u0131 ve i\u00e7 ve d\u0131\u015f duvar dekoratif \u0131\u015f\u0131klar\u0131 i\u00e7in uygundur [...]","protected":false},"featured_media":3138,"comment_status":"closed","ping_status":"closed","template":"","meta":[],"product_cat":[54,44,59],"class_list":{"0":"post-3376","1":"product","2":"type-product","3":"status-publish","4":"has-post-thumbnail","6":"product_cat-stainless-steel","7":"product_cat-galvanized-corrugated-steel","8":"product_cat-stainless-steel-corrugated","10":"first","11":"instock","12":"shipping-taxable","13":"product-type-simple"},"_links":{"self":[{"href":"https:\/\/steelsupplydirect.com\/tr\/wp-json\/wp\/v2\/product\/3376","targetHints":{"allow":["GET"]}}],"collection":[{"href":"https:\/\/steelsupplydirect.com\/tr\/wp-json\/wp\/v2\/product"}],"about":[{"href":"https:\/\/steelsupplydirect.com\/tr\/wp-json\/wp\/v2\/types\/product"}],"replies":[{"embeddable":true,"href":"https:\/\/steelsupplydirect.com\/tr\/wp-json\/wp\/v2\/comments?post=3376"}],"wp:featuredmedia":[{"embeddable":true,"href":"https:\/\/steelsupplydirect.com\/tr\/wp-json\/wp\/v2\/media\/3138"}],"wp:attachment":[{"href":"https:\/\/steelsupplydirect.com\/tr\/wp-json\/wp\/v2\/media?parent=3376"}],"wp:term":[{"taxonomy":"product_cat","embeddable":true,"href":"https:\/\/steelsupplydirect.com\/tr\/wp-json\/wp\/v2\/product_cat?post=3376"}],"curies":[{"name":"wp","href":"https:\/\/api.w.org\/{rel}","templated":true}]}}