{"id":3382,"date":"2023-09-12T15:14:45","date_gmt":"2023-09-12T07:14:45","guid":{"rendered":"https:\/\/steelsupplydirect.com\/?post_type=product&#038;p=3382"},"modified":"2023-09-12T15:14:46","modified_gmt":"2023-09-12T07:14:46","slug":"insaat-endustrisi-icin-dusuk-karbonlu-45-a36-serisi-esit-acili-celik-60x60x5","status":"publish","type":"product","link":"https:\/\/steelsupplydirect.com\/tr\/%c3%bcr%c3%bcn\/insaat-endustrisi-icin-dusuk-karbonlu-45-a36-serisi-esit-acili-celik-60x60x5","title":{"rendered":"\u0130n\u015faat End\u00fcstrisi i\u00e7in D\u00fc\u015f\u00fck Karbonlu 45# A36 Serisi E\u015fit A\u00e7\u0131l\u0131 \u00c7elik 60x60x5"},"content":{"rendered":"<p>K\u00f6\u015febent \u00e7eli\u011fi, iki kenar\u0131 birbirine dik olan uzun bir \u00e7elik \u015ferittir. E\u015fkenar k\u00f6\u015febent \u00e7eli\u011fi ve e\u015fit olmayan k\u00f6\u015febent \u00e7eli\u011fi vard\u0131r. E\u015fkenar k\u00f6\u015febent \u00e7eli\u011fin her iki taraf\u0131n\u0131n geni\u015fli\u011fi e\u015fittir. \u00d6zellikleri milimetre yan geni\u015flik \u00d7 yan geni\u015flik \u00d7 yan kal\u0131nl\u0131k olarak ifade edilir.<\/p>\n<p>-S\u0131n\u0131fland\u0131rma:<\/p>\n<p>Temel olarak iki t\u00fcre ayr\u0131l\u0131r: E\u015fkenar a\u00e7\u0131l\u0131 \u00e7elik ve E\u015fit olmayan a\u00e7\u0131l\u0131 \u00e7elik.<\/p>\n<p>E\u015fit olmayan a\u00e7\u0131l\u0131 \u00e7elik iki t\u00fcre ayr\u0131labilir: e\u015fit olmayan kenarlar ve e\u015fit kal\u0131nl\u0131k ve e\u015fit olmayan kenarlar ve e\u015fit olmayan kal\u0131nl\u0131k.<br \/>\nK\u00f6\u015febent \u00e7eli\u011finin \u00f6zellikleri, kenar uzunlu\u011fu ve kenar kal\u0131nl\u0131\u011f\u0131 boyutlar\u0131yla ifade edilir. Yurti\u00e7i k\u00f6\u015febent \u00e7elik \u00f6zellikleri No. 2 ile No. 20 aras\u0131nda de\u011fi\u015fir ve santimetre cinsinden kenar uzunlu\u011fu say\u0131d\u0131r. Ayn\u0131 k\u00f6\u015febent \u00e7eli\u011fin genellikle 2 ila 7 farkl\u0131 yan kal\u0131nl\u0131\u011f\u0131 vard\u0131r. \u0130thal k\u00f6\u015febent \u00e7eli\u011fi, her iki taraf\u0131n ger\u00e7ek boyutunu ve kal\u0131nl\u0131\u011f\u0131n\u0131 ve ilgili standartlar\u0131 g\u00f6sterir. Genel olarak, kenar uzunlu\u011fu 12,5 cm'den fazla olanlar b\u00fcy\u00fck k\u00f6\u015febent \u00e7elikleri, kenar uzunlu\u011fu 12,5 cm ile 5 cm aras\u0131nda olanlar orta boy k\u00f6\u015febent \u00e7elikleri ve kenar uzunlu\u011fu 5 cm'den az olanlar k\u00fc\u00e7\u00fck k\u00f6\u015febent \u00e7elikleridir.<\/p>\n<p>E\u015fit olmayan a\u00e7\u0131l\u0131 \u00e7eli\u011fin kesit y\u00fcksekli\u011fi, e\u015fit olmayan a\u00e7\u0131l\u0131 \u00e7eli\u011fin uzun kenar geni\u015fli\u011fine g\u00f6re hesaplan\u0131r. A\u00e7\u0131sal bir kesite ve her iki tarafta e\u015fit olmayan uzunluklara sahip \u00e7eli\u011fi ifade eder. Bir \u00e7e\u015fit k\u00f6\u015febent \u00e7eli\u011fidir. Kenar uzunlu\u011fu 25mm\u00d716mm ile 200mm\u00d7125mm aras\u0131nda de\u011fi\u015fir. S\u0131cak haddehane ile haddelenir. Genel e\u015fit olmayan a\u00e7\u0131l\u0131 \u00e7elik \u00f6zellikleri \u015funlard\u0131r: \u221f50 * 32 ~ \u221f200 * 125, kal\u0131nl\u0131k 4-18mm.<\/p>\n<p>-Uygulama kapsam\u0131:<\/p>\n<p>Q235B a\u00e7\u0131l\u0131 \u00e7elik, yap\u0131n\u0131n farkl\u0131 ihtiya\u00e7lar\u0131na g\u00f6re \u00e7e\u015fitli gerilim ta\u015f\u0131yan bile\u015fenlerden olu\u015fabilir ve bile\u015fenler aras\u0131nda bir ba\u011flay\u0131c\u0131 olarak da kullan\u0131labilir. \u00c7at\u0131 kiri\u015fleri, k\u00f6pr\u00fcler, iletim kuleleri, kald\u0131rma ve ta\u015f\u0131ma makineleri, gemiler, end\u00fcstriyel f\u0131r\u0131nlar, reaksiyon kuleleri, konteyner raflar\u0131 ve depo raflar\u0131 gibi \u00e7e\u015fitli bina yap\u0131lar\u0131nda ve m\u00fchendislik yap\u0131lar\u0131nda yayg\u0131n olarak kullan\u0131lmaktad\u0131r.<br \/>\nK\u00f6\u015febent \u00e7eli\u011fi, in\u015faatlarda kullan\u0131lan bir karbon yap\u0131 \u00e7eli\u011fidir. Basit kesitli bir \u00e7elik malzemedir. Esas olarak metal bile\u015fenler ve fabrika bina \u00e7er\u00e7eveleri i\u00e7in kullan\u0131l\u0131r. Kullan\u0131m s\u0131ras\u0131nda iyi kaynaklanabilirlik, plastik deformasyon performans\u0131 ve belirli mekanik mukavemet gerektirir. A\u00e7\u0131l\u0131 \u00e7elik \u00fcretimi i\u00e7in hammadde k\u00fct\u00fc\u011f\u00fc d\u00fc\u015f\u00fck karbonlu kare \u00e7elik k\u00fct\u00fckt\u00fcr ve bitmi\u015f a\u00e7\u0131l\u0131 \u00e7elik s\u0131cak haddelenmi\u015f, normalize edilmi\u015f veya s\u0131cak haddelenmi\u015f halde teslim edilir.<\/p>\n<p>-E\u015fkenar k\u00f6\u015febent \u00e7elik \u00f6zellikleri ve modelleri:<\/p>\n<p>2.5#: 25*25*3=1.124kg\/m, 25*25*4=1.459kg\/m<\/p>\n<p>3#: 30*30*3=1.373kg\/m, 30*30*4=1.786kg\/m<\/p>\n<p>4#: 40*40*3=1.852kg\/m, 40*40*4=2.422kg\/m, 40*40*5=2.976kg\/m<\/p>\n<p>5#: 50*50*4=3.059kg\/m, 50*50*5=3.77kg\/m, 50*50*6=4.465kg\/m,<\/p>\n<p>6#: 60*60*5=4,57kg\/m, 60*60*6=5,42kg\/m<\/p>\n<p>7#: 70*70*5=5.397kg\/m, 70*70*6=6.406kg\/m,70*70*8=8.373kg\/m<\/p>\n<p>7.5#: 75*75*5=5.818kg\/m, 75*75*6=6.905kg\/m, 75*75*7=7.976kg\/m<\/p>\n<p>8#: 80*80*6=7.376kg\/m, 80*80*8=9.658kg\/m, 80*80*10=11.874kg\/m<\/p>\n<p>9#: 90*90*8=10.946kg\/m, 90*90*10=13.476kg\/m, 90*90*12=15.94kg\/m<\/p>\n<p>10#: 100*100*6=9.366kg\/m, 100*100*8=12.276kg\/m, 100*100*10=15.12kg\/m, 100*100*12=17.898kg\/m<\/p>\n<p>11#: 110*110*8=13.532kg\/m, 110*110*10=16.69kg\/m,110*110*14=22.809kg\/m<\/p>\n<p>12.5#: 125*125*8=15.504kg\/m, 125*125*10=19.133kg\/m, 125*125*14=26.193kg\/m<\/p>\n<p>14#: 140*140*10=21.488kg\/m, 140*140*12=25.522kg\/m, 140*140*14=29.49kg\/m<\/p>\n<p>16#: 160*160*12=29.391kg\/m, 160*160*14=33.987kg\/m, 160*160*16=38.518kg\/m, 160*160*18=48.634kg\/m<\/p>\n<p>18#: 180*180*12=33.159kg\/m, 180*180*14=38.383kg\/m, 180*180*16=43.542kg\/m,180*180*18=48.634kg\/m<\/p>\n<p>20#: 200*200*14=42.894kg\/m, 200*200*16=48.68kg\/m, 200*200*18=54.401kg\/m, 200*200*20=60.056kg\/m<\/p>\n<p>-E\u015fit A\u00e7\u0131l\u0131 \u00c7elik:<\/p>\n<p>Q235B: 56*36*4, 63*40*5, 75*50*6, 100*63*6*9m, 125*80*10*9m, 110*70*8*9m, 160*100*10*9m...<\/p>\n<p>-Kimyasal Bile\u015fim:<\/p>\n<p>(1) Bile\u015fim endeksi: K\u00f6\u015febent \u00e7eli\u011finin kimyasal bile\u015fimi genel yap\u0131sal haddelenmi\u015f \u00e7elik serisine aittir ve ana do\u011frulama indeksleri C, Mn, P ve S'dir. Genel aral\u0131k C&lt;0.22%, Mn&#039;dir: 0.30-0.65%, P&lt;0.060%, S&lt;0.060%.<br \/>\n(2) Muayene y\u00f6ntemleri: Yukar\u0131daki kimyasal bile\u015fenleri test ederken, yayg\u0131n olarak kullan\u0131lan standart denetim y\u00f6ntemleri aras\u0131nda GB223, JISG1211-1215, BS1837, BS Manual 19, \u0413\u041e\u0421\u042222536, vb. bulunur.<\/p>\n<p>-Performans: Muayene kalemleri esas olarak \u00e7ekme testi ve b\u00fckme testidir. G\u00f6stergeler aras\u0131nda akma noktas\u0131, gerilme mukavemeti, uzama ve b\u00fck\u00fclme yeterlili\u011fi bulunur.<\/p>\n<p>-A\u011f\u0131rl\u0131k hesaplama form\u00fcl\u00fc:<br \/>\nMetre ba\u015f\u0131na a\u011f\u0131rl\u0131k = 0,00785 \u00d7 (yan geni\u015flik + yan geni\u015flik - yan kal\u0131nl\u0131k) \u00d7 yan kal\u0131nl\u0131k<\/p>\n<p>&nbsp;<\/p>","protected":false},"excerpt":{"rendered":"<p>K\u00f6\u015febent \u00e7eli\u011fi, iki kenar\u0131 birbirine dik olan uzun bir \u00e7elik \u015ferittir. E\u015fkenar k\u00f6\u015febent \u00e7eli\u011fi ve e\u015fit olmayan k\u00f6\u015febent \u00e7eli\u011fi vard\u0131r. E\u015fkenar k\u00f6\u015febent \u00e7eli\u011fin her iki taraf\u0131n\u0131n geni\u015fli\u011fi e\u015fittir. \u00d6zellikleri milimetre yan geni\u015flik \u00d7 yan geni\u015flik \u00d7 yan kal\u0131nl\u0131k olarak ifade edilir. -S\u0131n\u0131fland\u0131rma: Esas olarak [...]","protected":false},"featured_media":2851,"comment_status":"closed","ping_status":"closed","template":"","meta":[],"product_cat":[18,49],"class_list":{"0":"post-3382","1":"product","2":"type-product","3":"status-publish","4":"has-post-thumbnail","6":"product_cat-steel-profile","7":"product_cat-angle-steel","9":"first","10":"instock","11":"shipping-taxable","12":"product-type-simple"},"_links":{"self":[{"href":"https:\/\/steelsupplydirect.com\/tr\/wp-json\/wp\/v2\/product\/3382","targetHints":{"allow":["GET"]}}],"collection":[{"href":"https:\/\/steelsupplydirect.com\/tr\/wp-json\/wp\/v2\/product"}],"about":[{"href":"https:\/\/steelsupplydirect.com\/tr\/wp-json\/wp\/v2\/types\/product"}],"replies":[{"embeddable":true,"href":"https:\/\/steelsupplydirect.com\/tr\/wp-json\/wp\/v2\/comments?post=3382"}],"wp:featuredmedia":[{"embeddable":true,"href":"https:\/\/steelsupplydirect.com\/tr\/wp-json\/wp\/v2\/media\/2851"}],"wp:attachment":[{"href":"https:\/\/steelsupplydirect.com\/tr\/wp-json\/wp\/v2\/media?parent=3382"}],"wp:term":[{"taxonomy":"product_cat","embeddable":true,"href":"https:\/\/steelsupplydirect.com\/tr\/wp-json\/wp\/v2\/product_cat?post=3382"}],"curies":[{"name":"wp","href":"https:\/\/api.w.org\/{rel}","templated":true}]}}