{"id":3385,"date":"2023-09-12T16:43:02","date_gmt":"2023-09-12T08:43:02","guid":{"rendered":"https:\/\/steelsupplydirect.com\/?post_type=product&#038;p=3385"},"modified":"2023-09-26T10:24:49","modified_gmt":"2023-09-26T02:24:49","slug":"profesyonel-insaat-kullanimi-sicak-haddelenmis-u-sekli-c-kanal-celik-dusuk-karbonlu-celik","status":"publish","type":"product","link":"https:\/\/steelsupplydirect.com\/tr\/%c3%bcr%c3%bcn\/profesyonel-insaat-kullanimi-sicak-haddelenmis-u-sekli-c-kanal-celik-dusuk-karbonlu-celik","title":{"rendered":"Profesyonel \u0130n\u015faat Kullan\u0131m\u0131 S\u0131cak Haddelenmi\u015f U \u015eekli C Kanal \u00c7elik D\u00fc\u015f\u00fck Karbonlu \u00c7elik"},"content":{"rendered":"<p>Kanal \u00e7eli\u011fi, oluk \u015feklinde bir enine kesite sahip uzun bir \u00e7elik \u015ferittir. \u0130n\u015faat ve makinelerde kullan\u0131lan bir karbon yap\u0131 \u00e7eli\u011fidir. Karma\u015f\u0131k bir enine kesite sahip bir profil \u00e7eli\u011fidir ve oluk \u015feklinde bir enine kesite sahiptir. Kanal \u00e7eli\u011fi esas olarak bina yap\u0131lar\u0131nda, perde duvar m\u00fchendisli\u011finde, mekanik ekipmanlarda ve ara\u00e7 imalat\u0131nda kullan\u0131l\u0131r.<\/p>\n<p>-Temel Durum:<br \/>\nKullan\u0131mda, iyi kaynak, per\u00e7inleme performans\u0131 ve kapsaml\u0131 mekanik \u00f6zelliklere sahip olmas\u0131 gerekir. Kanal \u00e7eli\u011fi \u00fcretmek i\u00e7in hammadde k\u00fct\u00fckleri, karbon i\u00e7eri\u011fi 0.25%'den fazla olmayan karbon \u00e7eli\u011fi veya d\u00fc\u015f\u00fck ala\u015f\u0131ml\u0131 \u00e7elik k\u00fct\u00fcklerdir. Bitmi\u015f kanal \u00e7eli\u011fi s\u0131cak \u015fekillendirilmi\u015f, normalize edilmi\u015f veya s\u0131cak haddelenmi\u015f halde teslim edilir. Spesifikasyonlar, bel y\u00fcksekli\u011fi (h) * bacak geni\u015fli\u011fi (b) * bel kal\u0131nl\u0131\u011f\u0131 (d) milimetre cinsinden ifade edilir. \u00d6rne\u011fin, 100*48*5,3 bel y\u00fcksekli\u011finin 100 mm, bacak geni\u015fli\u011finin 48 mm ve bel kal\u0131nl\u0131\u011f\u0131n\u0131n 5,3 mm oldu\u011fu anlam\u0131na gelir. \u00c7elik veya 10# kanal \u00e7eli\u011fi. Ayn\u0131 bel y\u00fcksekli\u011fine sahip kanal \u00e7eli\u011fi i\u00e7in, birka\u00e7 farkl\u0131 bacak geni\u015fli\u011fi ve bel kal\u0131nl\u0131\u011f\u0131 varsa, bunlar\u0131 ay\u0131rt etmek i\u00e7in model numaras\u0131n\u0131n sa\u011f\u0131na a b c eklemek gerekir, \u00f6rne\u011fin 25#a 25#b 25#c, vb.<br \/>\n-S\u0131n\u0131fland\u0131rma:<br \/>\nKanal \u00e7eli\u011fi, normal kanal \u00e7eli\u011fi ve hafif kanal \u00e7eli\u011fi olarak ikiye ayr\u0131l\u0131r. S\u0131cak haddelenmi\u015f normal kanal \u00e7eli\u011finin \u00f6zellikleri 5-40#'dir. Tedarik\u00e7i ve al\u0131c\u0131 aras\u0131ndaki anla\u015fma ile tedarik edilen s\u0131cak haddelenmi\u015f modifiye kanal \u00e7eli\u011finin \u00f6zellikleri 6.5-30#'dir. Kanal \u00e7eli\u011fi esas olarak bina yap\u0131lar\u0131nda, ara\u00e7 imalat\u0131nda, di\u011fer end\u00fcstriyel yap\u0131larda ve sabit panellerde kullan\u0131l\u0131r. Kanal \u00e7eli\u011fi genellikle I-kiri\u015flerle birlikte kullan\u0131l\u0131r.<br \/>\nKanal \u00e7eli\u011fi \u015fekline g\u00f6re 4 tipe ayr\u0131labilir: so\u011fuk \u015fekillendirilmi\u015f e\u015fit kenarl\u0131 kanal \u00e7eli\u011fi, so\u011fuk \u015fekillendirilmi\u015f e\u015fit olmayan kenarl\u0131 kanal \u00e7eli\u011fi, so\u011fuk \u015fekillendirilmi\u015f i\u00e7 k\u0131vr\u0131ml\u0131 kanal \u00e7eli\u011fi ve so\u011fuk \u015fekillendirilmi\u015f d\u0131\u015f k\u0131vr\u0131ml\u0131 kanal \u00e7eli\u011fi.<br \/>\n\u00c7elik yap\u0131 teorisine g\u00f6re, kanal \u00e7eli\u011fi kanat plakas\u0131 kuvveti ta\u015f\u0131mal\u0131d\u0131r, yani kanal \u00e7eli\u011fi yatmak yerine ayakta durmal\u0131d\u0131r.<\/p>\n<p>-\u00d6zellikler:<br \/>\nKanal \u00e7eli\u011finin \u00f6zellikleri esas olarak y\u00fckseklik (h), bacak geni\u015fli\u011fi (b), bel kal\u0131nl\u0131\u011f\u0131 (d) ve di\u011fer boyutlarla ifade edilir. Yerli kanal \u00e7eli\u011finin \u00f6zellikleri 5 ila 40 aras\u0131nda de\u011fi\u015fir, yani kar\u015f\u0131l\u0131k gelen y\u00fckseklik 5 ila 40 cm'dir.<br \/>\nAyn\u0131 y\u00fckseklikte hafif kanal \u00e7eli\u011fi, s\u0131radan kanal \u00e7eli\u011fine g\u00f6re daha dar bacaklara, daha ince bele ve daha hafif a\u011f\u0131rl\u0131\u011fa sahiptir. No. 18 ila 40 b\u00fcy\u00fck kanal \u00e7elikleridir ve No. 5 ila 16 orta kanal \u00e7elikleridir. \u0130thal edilen kanal \u00e7eli\u011fi ger\u00e7ek \u00f6zellikleri, boyutlar\u0131 ve ilgili standartlar\u0131 ile i\u015faretlenir. Kanal \u00e7eli\u011fi ithalat ve ihracat sipari\u015fleri genellikle ilgili karbon \u00e7eli\u011fi (veya d\u00fc\u015f\u00fck ala\u015f\u0131ml\u0131 \u00e7elik) \u00e7elik s\u0131n\u0131f\u0131n\u0131 belirledikten sonra kullan\u0131m i\u00e7in gerekli \u00f6zelliklere dayan\u0131r. Spesifikasyon numaralar\u0131 d\u0131\u015f\u0131nda, kanal \u00e7eli\u011finin belirli bir bile\u015fimi ve performans serisi yoktur.<br \/>\nKanal \u00e7eli\u011finin teslimat uzunlu\u011fu iki t\u00fcre ayr\u0131l\u0131r: sabit uzunluk ve \u00e7ift uzunluk ve tolerans de\u011feri ilgili standartta belirtilmi\u015ftir. Yerli kanal \u00e7eli\u011finin uzunluk se\u00e7im aral\u0131\u011f\u0131, farkl\u0131 \u00f6zelliklere g\u00f6re \u00fc\u00e7 t\u00fcre ayr\u0131l\u0131r: 5-12m, 5-19m ve 6-19m. \u0130thal kanal \u00e7eli\u011finin uzunluk se\u00e7im aral\u0131\u011f\u0131 genellikle 6-15 m'dir.<\/p>\n<p>-Teorik A\u011f\u0131rl\u0131k:<\/p>\n<p>5#: 50*37*4.5=5.438kg\/m<\/p>\n<p>6.3#: 63*40*4.8=6.634kg\/m<\/p>\n<p>6.5#: 65*40*4.3=6.709kg\/m<\/p>\n<p>8#: 80*43*5.0=8.045kg\/m<\/p>\n<p>10#: 100*48*5.3=10.007kg\/m<\/p>\n<p>12#: 120*53*5.5=12.059kg\/m<\/p>\n<p>&#8230;.<\/p>\n<p>-\u0130zin verilen sapma (mm):<br \/>\nY\u00fckseklik h \u00b11.5 \u00b12.0 \u00b12.0 \u00b13.0 \u00b13.0<br \/>\nBacak geni\u015fli\u011fib \u00b11.5 \u00b12.0 \u00b12.5 \u00b13.0 \u00b13.5<br \/>\nBel kal\u0131nl\u0131\u011f\u0131 d \u00b10.4 \u00b10.5 \u00b10.6 \u00b10.7 \u00b10.8<br \/>\nE\u011filme sapmas\u0131 0,15d'yi ge\u00e7memelidir<br \/>\nGenellikle uzunluk 5 ~ 12m 5 ~ 19m 6 ~ 19m<\/p>","protected":false},"excerpt":{"rendered":"<p>Kanal \u00e7eli\u011fi, oluk \u015feklinde bir enine kesite sahip uzun bir \u00e7elik \u015ferittir. \u0130n\u015faat ve makinelerde kullan\u0131lan bir karbon yap\u0131 \u00e7eli\u011fidir. Karma\u015f\u0131k bir enine kesite sahip bir profil \u00e7eli\u011fidir ve oluk \u015feklinde bir enine kesite sahiptir. Kanal \u00e7eli\u011fi esas olarak bina yap\u0131lar\u0131nda, perde duvar m\u00fchendisli\u011finde, mekanik ekipmanlarda ve ara\u00e7 imalat\u0131nda kullan\u0131l\u0131r. -Temel Durum: [...]","protected":false},"featured_media":3411,"comment_status":"closed","ping_status":"closed","template":"","meta":[],"product_cat":[18,50],"class_list":{"0":"post-3385","1":"product","2":"type-product","3":"status-publish","4":"has-post-thumbnail","6":"product_cat-steel-profile","7":"product_cat-channel-steel","9":"first","10":"instock","11":"shipping-taxable","12":"product-type-simple"},"_links":{"self":[{"href":"https:\/\/steelsupplydirect.com\/tr\/wp-json\/wp\/v2\/product\/3385","targetHints":{"allow":["GET"]}}],"collection":[{"href":"https:\/\/steelsupplydirect.com\/tr\/wp-json\/wp\/v2\/product"}],"about":[{"href":"https:\/\/steelsupplydirect.com\/tr\/wp-json\/wp\/v2\/types\/product"}],"replies":[{"embeddable":true,"href":"https:\/\/steelsupplydirect.com\/tr\/wp-json\/wp\/v2\/comments?post=3385"}],"wp:featuredmedia":[{"embeddable":true,"href":"https:\/\/steelsupplydirect.com\/tr\/wp-json\/wp\/v2\/media\/3411"}],"wp:attachment":[{"href":"https:\/\/steelsupplydirect.com\/tr\/wp-json\/wp\/v2\/media?parent=3385"}],"wp:term":[{"taxonomy":"product_cat","embeddable":true,"href":"https:\/\/steelsupplydirect.com\/tr\/wp-json\/wp\/v2\/product_cat?post=3385"}],"curies":[{"name":"wp","href":"https:\/\/api.w.org\/{rel}","templated":true}]}}