{"id":3389,"date":"2023-09-13T11:08:45","date_gmt":"2023-09-13T03:08:45","guid":{"rendered":"https:\/\/steelsupplydirect.com\/?post_type=product&#038;p=3389"},"modified":"2025-09-26T11:50:49","modified_gmt":"2025-09-26T03:50:49","slug":"h-kiris-2","status":"publish","type":"product","link":"https:\/\/steelsupplydirect.com\/tr\/%c3%bcr%c3%bcn\/h-kiris-2","title":{"rendered":"Prefabrik Ev \u00c7elik Q235 Q345 i\u00e7in Ms Ala\u015f\u0131ml\u0131 \u00c7elik H Kiri\u015f"},"content":{"rendered":"<p data-block-id=\"40c501fb-e266-49b8-98b1-7b6e647efa20\" data-pm-slice=\"1 3 []\">Ucuz bir enine kesit profili H harfine benzer. \u00dcniversal \u00e7elik kiri\u015f, geni\u015f kenarl\u0131 I-kiri\u015f veya paralel flan\u015fl\u0131 I-kiri\u015f olarak da bilinir.<\/p>\n<p data-block-id=\"40c501fb-e266-49b8-98b1-7b6e647efa20\" data-pm-slice=\"1 3 []\">H-\u015fekilli \u00e7eli\u011fin enine kesiti genellikle iki par\u00e7adan olu\u015fur: bel ve kenar olarak da bilinen a\u011f ve flan\u015f plakas\u0131.<\/p>\n<h2 data-block-id=\"02c3321a-1986-4c10-8e3c-da7d27c89e0f\">\u00d6zellikler:<\/h2>\n<p data-block-id=\"ff9ce22c-49a0-48ce-b33e-e581c70dec1e\">H \u015feklindeki \u00e7elik flan\u015flar\u0131n i\u00e7 ve d\u0131\u015f kenarlar\u0131 paraleldir veya neredeyse paraleldir. Flan\u015f u\u00e7lar\u0131 dik a\u00e7\u0131lar olu\u015fturur, bu y\u00fczden paralel flan\u015fl\u0131 I-kiri\u015f olarak adland\u0131r\u0131l\u0131r. H-\u015fekilli \u00e7eli\u011fin a\u011f kal\u0131nl\u0131\u011f\u0131, ayn\u0131 a\u011f y\u00fcksekli\u011fine sahip normal I-kiri\u015flerinkinden daha incedir. Bununla birlikte, flan\u015f geni\u015fli\u011fi ayn\u0131 y\u00fckseklikteki normal I-kiri\u015flerinkinden daha geni\u015ftir. Bu nedenle, genellikle geni\u015f kenarl\u0131 I-kiri\u015f olarak adland\u0131r\u0131l\u0131r. H-\u015fekilli \u00e7elik, ayn\u0131 a\u011f\u0131rl\u0131ktaki normal I-kiri\u015flere g\u00f6re daha iyi bir kesit mod\u00fcl\u00fcne, atalet momentine ve mukavemete sahiptir. Bu avantaj \u015feklinden kaynaklan\u0131r. \u00c7e\u015fitli ihtiya\u00e7lar\u0131 olan metal yap\u0131larda \u00fcst\u00fcnl\u00fck sa\u011flar. E\u011filme momentleri, bas\u0131n\u00e7 y\u00fckleri ve eksantrik y\u00fckler alt\u0131nda iyi performans g\u00f6sterir. S\u0131radan I-kiri\u015flere k\u0131yasla y\u00fck ta\u015f\u0131ma kapasitesini b\u00fcy\u00fck \u00f6l\u00e7\u00fcde art\u0131rabilir ve 10% ila 40% metal tasarrufu sa\u011flayabilir. H-\u015fekilli \u00e7elik geni\u015f flan\u015flara, ince a\u011flara, \u00e7oklu \u00f6zelliklere ve esnek kullan\u0131ma sahiptir. \u00c7e\u015fitli kafes yap\u0131larda kullan\u0131ld\u0131\u011f\u0131nda 15% ila 20% metal tasarrufu sa\u011flayabilir. Flan\u015f\u0131n paralel i\u00e7 ve d\u0131\u015f kenarlar\u0131 vard\u0131r ve kenar u\u00e7lar\u0131 dik a\u00e7\u0131l\u0131d\u0131r. Bu tasar\u0131m, farkl\u0131 bile\u015fenlere monte edilmesini kolayla\u015ft\u0131r\u0131r. Sonu\u00e7 olarak, kaynak ve per\u00e7inlemede yakla\u015f\u0131k 25% tasarruf sa\u011flar. Bu, in\u015faat\u0131 h\u0131zland\u0131rabilir ve proje zaman \u00e7izelgelerini k\u0131saltabilir.<\/p>\n<h2 data-block-id=\"88f8b045-f276-46ec-addb-3db5e4de8e8f\">S\u0131n\u0131fland\u0131rma<\/h2>\n<p data-block-id=\"a743a380-c1e2-4b48-8bbe-01518bca5ad8\">H-\u015fekilli \u00e7eli\u011fin bir\u00e7ok \u00fcr\u00fcn \u00f6zelli\u011fi vard\u0131r ve s\u0131n\u0131fland\u0131rma y\u00f6ntemleri a\u015fa\u011f\u0131daki gibidir. (1) \u00dcr\u00fcn\u00fcn flan\u015f geni\u015fli\u011fi onu geni\u015f flan\u015f, orta flan\u015f ve dar flan\u015f H-\u015fekilli \u00e7elik olarak ay\u0131r\u0131r.<\/p>\n<p data-block-id=\"86f6f7a6-82c2-456f-b873-53695d0d5721\">Geni\u015f flan\u015fl\u0131 ve orta flan\u015fl\u0131 H-\u015fekilli \u00e7eliklerde, flan\u015f geni\u015fli\u011fi B en az a\u011f y\u00fcksekli\u011fi H kadar geni\u015ftir.<\/p>\n<p data-block-id=\"5adf1d8b-2184-4ce8-a71f-e1d259baeebb\">Dar flan\u015fl\u0131 H-\u015fekilli \u00e7elikte, flan\u015f geni\u015fli\u011fi B, a\u011f y\u00fcksekli\u011fi H'nin kabaca yar\u0131s\u0131d\u0131r.<\/p>\n<p data-block-id=\"cc5663e1-5bc1-4b67-ba08-009f0c8bdafe\">Ayr\u0131ca, kullan\u0131mlar\u0131na g\u00f6re H-\u015fekilli \u00e7elikler \u015fu \u015fekilde s\u0131n\u0131fland\u0131r\u0131l\u0131r:<\/p>\n<ul data-block-id=\"3d6229f2-5f5f-4544-846e-f88d87833e52\">\n<li>\n<p data-block-id=\"abb0421f-dc22-4d72-ad7e-f80708f932e8\">H-\u015fekilli \u00e7elik kiri\u015fler<\/p>\n<\/li>\n<li>\n<p data-block-id=\"e8304289-d88d-4ed4-a299-1a03e6922d9c\">H-\u015fekilli \u00e7elik kolonlar<\/p>\n<\/li>\n<li>\n<p data-block-id=\"260b4827-abd6-44d9-8008-e90d6a3327f9\">H-\u015fekilli \u00e7elik kaz\u0131klar<\/p>\n<\/li>\n<li>\n<p data-block-id=\"65a25042-df01-4c98-a7f4-ff4cdf5f4062\">Son derece kal\u0131n flan\u015fl\u0131 H-\u015fekilli \u00e7elik kiri\u015fler<\/p>\n<\/li>\n<\/ul>\n<p data-block-id=\"3e6c88cf-2f14-4955-b766-43b0a114d180\">Bazen paralel ayakl\u0131 kanal \u00e7eli\u011fi ve paralel flan\u015fl\u0131 T-\u015fekilli \u00e7elik de H-\u015fekilli \u00e7elik kapsam\u0131na dahil edilir. M\u00fchendisler genellikle kiri\u015fler i\u00e7in dar flan\u015fl\u0131 H-\u015fekilli \u00e7elik kullan\u0131rken, kolonlar i\u00e7in geni\u015f flan\u015fl\u0131 H-\u015fekilli \u00e7elik kullan\u0131rlar. Buna g\u00f6re, kiri\u015f tipi H-\u015fekilli \u00e7elik ve kolon tipi H-\u015fekilli \u00e7elik olarak da adland\u0131r\u0131l\u0131r. (3) \u00dcretim y\u00f6ntemine g\u00f6re, kaynakl\u0131 H-\u015fekilli \u00e7elik ve haddelenmi\u015f H-\u015fekilli \u00e7elik olarak ikiye ayr\u0131l\u0131r. (4) Boyuta g\u00f6re b\u00fcy\u00fck, orta ve k\u00fc\u00e7\u00fck H-\u015fekilli \u00e7elik olarak ayr\u0131l\u0131r. A\u011f y\u00fcksekli\u011fi (H) 700 mm'nin \u00fczerinde olan \u00fcr\u00fcnler b\u00fcy\u00fckt\u00fcr. 300 mm ile 700 mm aras\u0131nda olanlar orta boydur. A\u011f y\u00fcksekli\u011fi 300 mm'den az olan \u00fcr\u00fcnler k\u00fc\u00e7\u00fckt\u00fcr. 1990 y\u0131l\u0131 sonunda, d\u00fcnyan\u0131n en b\u00fcy\u00fck H-\u015fekilli \u00e7elik a\u011f\u0131n\u0131n y\u00fcksekli\u011fi 1200 mm ve flan\u015f geni\u015fli\u011fi 530 mm idi.<\/p>\n<h2 data-block-id=\"b2d6a407-3651-4a35-ae13-696b0124edbf\">S\u0131cak Haddelenmi\u015f H-Beam'in Avantajlar\u0131<\/h2>\n<ol data-block-id=\"20c9177a-7b35-4eb9-86c6-9658caa029f7\">\n<li>\n<p data-block-id=\"0185893c-ce7e-4d3a-b316-0c92cc04b3eb\">S\u0131cak haddelenmi\u015f H-\u015fekilli \u00e7elikten yap\u0131lan \u00e7elik yap\u0131lar y\u00fcksek oranda \u00fcretilmektedir. Kolay mekanik \u00fcretim ve kuruluma izin verirler. Bu y\u00f6ntem y\u00fcksek hassasiyet ve kalite sa\u011flar, bu da onu \u00e7ok kullan\u0131\u015fl\u0131 hale getirir. Evler, k\u00f6pr\u00fcler, end\u00fcstriyel tesisler ve daha fazlas\u0131n\u0131 in\u015fa etmek i\u00e7in fabrikalar haline getirilebilirler.<\/p>\n<\/li>\n<li>\n<p data-block-id=\"29fe1cae-ad15-41fb-a75c-2ac27afeeb14\">Proje h\u0131zl\u0131 bir in\u015faat h\u0131z\u0131na sahiptir. K\u00fc\u00e7\u00fck bir alan\u0131 kaps\u0131yor ve her t\u00fcrl\u00fc hava ko\u015fulunda \u00e7al\u0131\u015fmaya uygun. Bu da iklim ko\u015fullar\u0131ndan daha az etkilenece\u011fi anlam\u0131na geliyor.<\/p>\n<\/li>\n<li>\n<p data-block-id=\"0dce3428-f8a7-43eb-a209-477cab304bfb\">Yap\u0131n\u0131n etkin kullan\u0131m alan\u0131n\u0131 art\u0131r\u0131n.<\/p>\n<\/li>\n<li>\n<p data-block-id=\"9ea8f7b2-de00-4768-b153-a3083da812b0\">Kaynak yerine H-\u015fekilli \u00e7elik kullanmak i\u015f\u00e7ilik ve malzemeden tasarruf sa\u011flar. Hammadde, enerji ve i\u015f\u00e7ilik kullan\u0131m\u0131n\u0131 azalt\u0131r. Ayr\u0131ca, d\u00fc\u015f\u00fck art\u0131k gerilime neden olur ve m\u00fckemmel g\u00f6r\u00fcn\u00fcm ve y\u00fczey kalitesi sunar.<\/p>\n<\/li>\n<li>\n<p data-block-id=\"60a26e03-59a8-488b-852a-6d01c6121701\">\u0130\u015fleme, yap\u0131sal ba\u011flant\u0131 ve montaj\u0131 kolayla\u015ft\u0131r\u0131r. Ayr\u0131ca, s\u00f6k\u00fclmesi ve yeniden kullan\u0131lmas\u0131 kolayd\u0131r.<\/p>\n<\/li>\n<\/ol>","protected":false},"excerpt":{"rendered":"<p>Ucuz bir kesit profili H harfine benzer. \u00dcniversal \u00e7elik kiri\u015f, geni\u015f kenarl\u0131 I-kiri\u015f veya paralel flan\u015fl\u0131 I-kiri\u015f olarak da bilinir. H \u015feklindeki \u00e7eli\u011fin enine kesiti genellikle iki par\u00e7a i\u00e7erir: bel ve kenar olarak da bilinen a\u011f ve flan\u015f plakas\u0131. \u00d6zellikler: H \u015feklindeki \u00e7elik flan\u015flar\u0131n i\u00e7 ve d\u0131\u015f taraflar\u0131 [...]","protected":false},"featured_media":3084,"comment_status":"closed","ping_status":"closed","template":"","meta":[],"product_cat":[18,51],"class_list":{"0":"post-3389","1":"product","2":"type-product","3":"status-publish","4":"has-post-thumbnail","6":"product_cat-steel-profile","7":"product_cat-h-beam","9":"first","10":"instock","11":"shipping-taxable","12":"product-type-simple"},"_links":{"self":[{"href":"https:\/\/steelsupplydirect.com\/tr\/wp-json\/wp\/v2\/product\/3389","targetHints":{"allow":["GET"]}}],"collection":[{"href":"https:\/\/steelsupplydirect.com\/tr\/wp-json\/wp\/v2\/product"}],"about":[{"href":"https:\/\/steelsupplydirect.com\/tr\/wp-json\/wp\/v2\/types\/product"}],"replies":[{"embeddable":true,"href":"https:\/\/steelsupplydirect.com\/tr\/wp-json\/wp\/v2\/comments?post=3389"}],"wp:featuredmedia":[{"embeddable":true,"href":"https:\/\/steelsupplydirect.com\/tr\/wp-json\/wp\/v2\/media\/3084"}],"wp:attachment":[{"href":"https:\/\/steelsupplydirect.com\/tr\/wp-json\/wp\/v2\/media?parent=3389"}],"wp:term":[{"taxonomy":"product_cat","embeddable":true,"href":"https:\/\/steelsupplydirect.com\/tr\/wp-json\/wp\/v2\/product_cat?post=3389"}],"curies":[{"name":"wp","href":"https:\/\/api.w.org\/{rel}","templated":true}]}}