{"id":3391,"date":"2023-09-13T11:31:59","date_gmt":"2023-09-13T03:31:59","guid":{"rendered":"https:\/\/steelsupplydirect.com\/?post_type=product&#038;p=3391"},"modified":"2023-10-09T14:11:05","modified_gmt":"2023-10-09T06:11:05","slug":"sicak-haddelenmis-yapisal-astm-s235-s355-ss400-s235jr-s355jr-h-kiris-sekilli","status":"publish","type":"product","link":"https:\/\/steelsupplydirect.com\/tr\/%c3%bcr%c3%bcn\/sicak-haddelenmis-yapisal-astm-s235-s355-ss400-s235jr-s355jr-h-kiris-sekilli","title":{"rendered":"S\u0131cak Haddelenmi\u015f Yap\u0131sal ASTM S235 S355 SS400 S235jr S355jr H Kiri\u015f \u015eekilli"},"content":{"rendered":"<p>H-\u015fekilli \u00e7elik, daha optimize edilmi\u015f kesit alan\u0131 da\u011f\u0131l\u0131m\u0131 ve daha makul mukavemet-a\u011f\u0131rl\u0131k oran\u0131 ile ekonomik bir kesit ve y\u00fcksek verimli bir profildir. Kesiti \u0130ngilizce \"H\" harfiyle ayn\u0131 oldu\u011fu i\u00e7in bu ad\u0131 alm\u0131\u015ft\u0131r.<\/p>\n<p>H-\u015fekilli \u00e7eli\u011fin flan\u015flar\u0131n\u0131n i\u00e7 ve d\u0131\u015f kenarlar\u0131 paralel veya paralele yak\u0131nd\u0131r ve flan\u015f u\u00e7lar\u0131 dik a\u00e7\u0131dad\u0131r, bu nedenle paralel flan\u015f I-kiri\u015f ad\u0131 verilir. H-\u015fekilli \u00e7eli\u011fin a\u011f kal\u0131nl\u0131\u011f\u0131, ayn\u0131 a\u011f y\u00fcksekli\u011fine sahip s\u0131radan I-kiri\u015flerinkinden daha k\u00fc\u00e7\u00fckt\u00fcr ve flan\u015f geni\u015fli\u011fi, ayn\u0131 a\u011f y\u00fcksekli\u011fine sahip s\u0131radan I-kiri\u015flerinkinden daha b\u00fcy\u00fckt\u00fcr, bu nedenle geni\u015f kenarl\u0131 I-kiri\u015f olarak da adland\u0131r\u0131l\u0131r. \u015eekli ile belirlenen H-\u015fekilli \u00e7eli\u011fin kesit mod\u00fcl\u00fc, atalet momenti ve kar\u015f\u0131l\u0131k gelen mukavemeti, ayn\u0131 birim a\u011f\u0131rl\u0131\u011fa sahip s\u0131radan I-kiri\u015flerden \u00f6nemli \u00f6l\u00e7\u00fcde daha iyidir. Farkl\u0131 gereksinimleri olan metal yap\u0131larda kullan\u0131ld\u0131\u011f\u0131nda, e\u011filme momenti, bas\u0131n\u00e7 y\u00fck\u00fc veya eksantrik y\u00fck ta\u015f\u0131y\u0131p ta\u015f\u0131mad\u0131\u011f\u0131na bak\u0131lmaks\u0131z\u0131n \u00fcst\u00fcn performans\u0131n\u0131 g\u00f6sterir. S\u0131radan I-kiri\u015flere k\u0131yasla y\u00fck ta\u015f\u0131ma kapasitesini b\u00fcy\u00fck \u00f6l\u00e7\u00fcde art\u0131rabilir ve 10% ila 40% metal tasarrufu sa\u011flayabilir. H-\u015fekilli \u00e7elik geni\u015f flan\u015flara, ince a\u011flara, \u00e7oklu \u00f6zelliklere ve esnek kullan\u0131ma sahiptir. \u00c7e\u015fitli kafes yap\u0131larda kullan\u0131ld\u0131\u011f\u0131nda 15% ila 20% metal tasarrufu sa\u011flayabilir. Flan\u015f\u0131n i\u00e7 ve d\u0131\u015f taraflar\u0131 paralel oldu\u011fundan ve kenar u\u00e7lar\u0131 dik a\u00e7\u0131larda oldu\u011fundan, \u00e7e\u015fitli bile\u015fenlere monte edilmesi ve birle\u015ftirilmesi kolayd\u0131r, b\u00f6ylece kaynak ve per\u00e7inleme i\u015finden yakla\u015f\u0131k 25% tasarruf sa\u011flar, bu da projenin in\u015faat h\u0131z\u0131n\u0131 b\u00fcy\u00fck \u00f6l\u00e7\u00fcde h\u0131zland\u0131rabilir ve in\u015faat s\u00fcresini k\u0131saltabilir.<\/p>\n<p>-S\u0131cak haddelenmi\u015f H-kiri\u015f \u00fcretim hatt\u0131 proses ak\u0131\u015f\u0131\uff1a<\/p>\n<p>\u00c7elik levha - otomatik \u015feritleme - montaj - otomatik tozalt\u0131 kayna\u011f\u0131 - hata tespiti - flan\u015f d\u00fczeltme - a\u011f d\u00fczeltme - u\u00e7 y\u00fczey i\u015fleme - kumlama ve pas giderme - boyama. Tam otomatik tozalt\u0131 kaynak \u00fcretim hatt\u0131n\u0131n kesme, montaj ve kaynak i\u015flemlerinin t\u00fcm\u00fc, \u00fcretilen H-\u015fekilli \u00e7eli\u011fin boyutsal do\u011frulu\u011funu ve kaynaklar\u0131n kalitesinin ulusal standartlar\u0131 kar\u015f\u0131lamas\u0131n\u0131 sa\u011flamak i\u00e7in mikrobilgisayarlar taraf\u0131ndan kontrol edilmektedir. \u00c7elik yap\u0131 binas\u0131, binan\u0131n i\u00e7 alan\u0131n\u0131 geni\u015fleten, \u00e7elik tasarrufu sa\u011flayan ve k\u0131sa bir kurulum s\u00fcresine sahip olan basit ve hafif bir yap\u0131ya sahiptir. \u00c7at\u0131 ve duvarlar renkli profilli \u00e7elik plakalardan yap\u0131lm\u0131\u015ft\u0131r.<\/p>\n<p>-S\u0131cak Haddelenmi\u015f H Kiri\u015fin Avantajlar\u0131<\/p>\n<p>1. S\u0131cak haddelenmi\u015f H-\u015fekilli \u00e7eli\u011fe dayal\u0131 \u00e7elik yap\u0131lar, y\u00fcksek derecede end\u00fcstriyel \u00fcretime sahiptir, mekanik \u00fcretim, yo\u011fun \u00fcretim, y\u00fcksek hassasiyet, kolay kurulum ve kaliteyi sa\u011flamak i\u00e7in uygundur.<\/p>\n<p>2. Projenin in\u015faat h\u0131z\u0131 h\u0131zl\u0131d\u0131r, alan k\u00fc\u00e7\u00fckt\u00fcr ve her t\u00fcrl\u00fc hava ko\u015fulunda in\u015faat i\u00e7in uygundur ve iklim ko\u015fullar\u0131ndan daha az etkilenir.<\/p>\n<p>3. Yap\u0131n\u0131n etkin kullan\u0131m alan\u0131n\u0131n art\u0131r\u0131lmas\u0131<\/p>\n<p>4. H-\u015fekilli \u00e7eli\u011fin kayna\u011f\u0131 ile kar\u015f\u0131la\u015ft\u0131r\u0131ld\u0131\u011f\u0131nda, i\u015f\u00e7ilik ve malzemeden \u00f6nemli \u00f6l\u00e7\u00fcde tasarruf sa\u011flar, hammadde, enerji ve i\u015f\u00e7ilik t\u00fcketimini azalt\u0131r, d\u00fc\u015f\u00fck art\u0131k gerilime sahiptir ve iyi g\u00f6r\u00fcn\u00fcm ve y\u00fczey kalitesine sahiptir.<\/p>\n<p>5. \u0130\u015fleme, yap\u0131sal ba\u011flant\u0131 ve montaj\u0131 kolayla\u015ft\u0131r\u0131r. Ayr\u0131ca s\u00f6k\u00fclmesi ve yeniden kullan\u0131lmas\u0131 kolayd\u0131r.<\/p>\n<p>-Uygulama Aral\u0131\u011f\u0131<\/p>\n<p>End\u00fcstriyel ve sivil bina \u00e7elik yap\u0131lar\u0131nda kiri\u015f ve kolon bile\u015fenleri. End\u00fcstriyel yap\u0131lar i\u00e7in \u00e7elik yap\u0131 y\u00fck ta\u015f\u0131y\u0131c\u0131 destekler. Yeralt\u0131 projeleri i\u00e7in \u00e7elik kaz\u0131klar ve destek yap\u0131lar\u0131. Petrokimya ve elektrik enerjisi gibi end\u00fcstriyel ekipman yap\u0131lar\u0131. Uzun a\u00e7\u0131kl\u0131kl\u0131 \u00e7elik k\u00f6pr\u00fc bile\u015fenleri. Gemi ve makine imalat\u0131 \u00e7er\u00e7eve yap\u0131lar\u0131. Trenler, arabalar ve trakt\u00f6rler i\u00e7in kiri\u015f destekleri. Liman konvey\u00f6r band\u0131, otoyol b\u00f6lme braketi.<\/p>","protected":false},"excerpt":{"rendered":"<p>H-\u015fekilli \u00e7elik, daha optimize edilmi\u015f kesit alan\u0131 da\u011f\u0131l\u0131m\u0131 ve daha makul mukavemet-a\u011f\u0131rl\u0131k oran\u0131 ile ekonomik bir kesit ve y\u00fcksek verimli bir profildir. Enine kesiti \u0130ngilizce \"H\" harfiyle ayn\u0131 oldu\u011fu i\u00e7in bu ad\u0131 alm\u0131\u015ft\u0131r. H \u015feklindeki \u00e7eli\u011fin flan\u015flar\u0131n\u0131n i\u00e7 ve d\u0131\u015f taraflar\u0131 paralel veya paralele yak\u0131nd\u0131r ve flan\u015f u\u00e7lar\u0131 [...]","protected":false},"featured_media":3718,"comment_status":"closed","ping_status":"closed","template":"","meta":[],"product_cat":[18,51],"class_list":{"0":"post-3391","1":"product","2":"type-product","3":"status-publish","4":"has-post-thumbnail","6":"product_cat-steel-profile","7":"product_cat-h-beam","9":"first","10":"instock","11":"shipping-taxable","12":"product-type-simple"},"_links":{"self":[{"href":"https:\/\/steelsupplydirect.com\/tr\/wp-json\/wp\/v2\/product\/3391","targetHints":{"allow":["GET"]}}],"collection":[{"href":"https:\/\/steelsupplydirect.com\/tr\/wp-json\/wp\/v2\/product"}],"about":[{"href":"https:\/\/steelsupplydirect.com\/tr\/wp-json\/wp\/v2\/types\/product"}],"replies":[{"embeddable":true,"href":"https:\/\/steelsupplydirect.com\/tr\/wp-json\/wp\/v2\/comments?post=3391"}],"wp:featuredmedia":[{"embeddable":true,"href":"https:\/\/steelsupplydirect.com\/tr\/wp-json\/wp\/v2\/media\/3718"}],"wp:attachment":[{"href":"https:\/\/steelsupplydirect.com\/tr\/wp-json\/wp\/v2\/media?parent=3391"}],"wp:term":[{"taxonomy":"product_cat","embeddable":true,"href":"https:\/\/steelsupplydirect.com\/tr\/wp-json\/wp\/v2\/product_cat?post=3391"}],"curies":[{"name":"wp","href":"https:\/\/api.w.org\/{rel}","templated":true}]}}