{"id":3392,"date":"2023-09-13T11:51:50","date_gmt":"2023-09-13T03:51:50","guid":{"rendered":"https:\/\/steelsupplydirect.com\/?post_type=product&#038;p=3392"},"modified":"2025-09-28T10:44:15","modified_gmt":"2025-09-28T02:44:15","slug":"karbon-celik-malzemeler-q235a-q345b-celik-yapisal-h-kiris-celigi","status":"publish","type":"product","link":"https:\/\/steelsupplydirect.com\/tr\/%c3%bcr%c3%bcn\/karbon-celik-malzemeler-q235a-q345b-celik-yapisal-h-kiris-celigi","title":{"rendered":"Karbon \u00c7elik Malzemeler, Q235a Q345b \u00c7elik Yap\u0131sal H Kiri\u015f"},"content":{"rendered":"<p data-block-id=\"d3380f90-751c-49da-8b42-0ffa2150123d\" data-pm-slice=\"1 1 []\">H-\u015fekilli \u00e7elik uygun maliyetli bir profildir. \u015eekli b\u00fcy\u00fck H harfini and\u0131r\u0131r. \u00dcniversal \u00e7elik kiri\u015f, geni\u015f kenarl\u0131 I-kiri\u015f veya paralel flan\u015fl\u0131 I-kiri\u015f olarak da bilinir. H \u015feklindeki \u00e7eli\u011fin enine kesiti genellikle iki par\u00e7adan olu\u015fur: bel ve kenar olarak da bilinen a\u011f ve flan\u015f plakas\u0131.<\/p>\n<h2 class=\"p1\">H-profil \u00c7elik \u00dcretim Y\u00f6ntemi<\/h2>\n<p data-block-id=\"cd8da25e-e59f-499f-bf0a-d8c9ba285965\">\u00dcreticiler H-\u015fekilli \u00e7eli\u011fi kaynak veya haddeleme yoluyla \u00fcretirler. H-\u015fekilli \u00e7eli\u011fi kaynaklamak i\u00e7in, \u015ferit \u00e7eli\u011fi do\u011fru kal\u0131nl\u0131k ve geni\u015flikte kesin. Ard\u0131ndan, flan\u015f ve a\u011f\u0131 birle\u015ftirmek i\u00e7in s\u00fcrekli bir kaynak \u00fcnitesi kullan\u0131n. H-\u015fekilli \u00e7eli\u011fin kayna\u011f\u0131n\u0131n baz\u0131 dezavantajlar\u0131 vard\u0131r: \u00e7ok fazla metal kullan\u0131r, kalite de\u011fi\u015febilir ve boyut se\u00e7enekleri s\u0131n\u0131rl\u0131d\u0131r. Bu nedenle, H-\u015fekilli \u00e7elik \u00fcretimi \u00f6ncelikle haddeleme y\u00f6ntemini i\u00e7erir. Modern \u00e7elik haddeleme \u00fcretiminde, H-\u015fekilli \u00e7eli\u011fi haddelemek i\u00e7in \u00fcniversal haddehaneler kullan\u0131l\u0131r. H-\u015fekilli \u00e7eli\u011fin a\u011f\u0131, \u00fcst ve alt yatay silindirler aras\u0131nda yuvarlan\u0131r. Ayn\u0131 zamanda flan\u015f, yatay silindirlerin kenarlar\u0131 ile dikey silindirler aras\u0131nda yuvarlan\u0131r. \u00dcniversal haddehane flan\u015f kenar\u0131n\u0131 tek ba\u015f\u0131na bast\u0131ramaz. Bu nedenle, arkas\u0131nda flan\u015f haddeleme makinesi olarak da adland\u0131r\u0131lan bir kenar haddeleme makinesi kurulmal\u0131d\u0131r. Bu makine flan\u015f kenar\u0131n\u0131 a\u015fa\u011f\u0131 bast\u0131r\u0131r ve flan\u015f geni\u015fli\u011fini kontrol eder. . Haddeleme i\u015fleminde iki stand birlikte \u00e7al\u0131\u015f\u0131r. Haddelenmi\u015f par\u00e7an\u0131n birka\u00e7 kez ileri geri ge\u00e7mesini sa\u011flarlar (bkz. \u015eekil 2a). Alternatif olarak, haddelenmi\u015f par\u00e7a birka\u00e7 \u00fcniversal standdan ve bir veya iki kenar haddeleme u\u00e7 stand\u0131ndan ge\u00e7ebilir. S\u00fcrekli hadde grubu her ge\u00e7i\u015fte malzemeyi azalt\u0131r. Bu i\u015flem, i\u015flenmemi\u015f par\u00e7ay\u0131 belirli boyut ve \u00f6zelliklere sahip \u00fcr\u00fcnlere d\u00f6n\u00fc\u015ft\u00fcr\u00fcr.<\/p>\n<p data-block-id=\"12a9add5-05c8-4230-a536-eeaad39141de\">Haddelenmi\u015f par\u00e7an\u0131n flan\u015f alan\u0131nda, yatay silindir buna kar\u015f\u0131 kayar. Bu, merdanede \u00f6nemli \u00f6l\u00e7\u00fcde a\u015f\u0131nmaya neden olur. A\u011f\u0131r haddelemeden sonra merdanelerin \u015feklini yeniden kazanmas\u0131na yard\u0131mc\u0131 olmak i\u00e7in kaba hadde \u00fcnitesinin \u00fcst ve alt yatay merdanelerini 3\u00b0 ila 8\u00b0 aras\u0131nda bir a\u00e7\u0131yla e\u011fin. Ayn\u0131 \u015fey dikey merdane y\u00fczeyleri i\u00e7in de ge\u00e7erlidir. Bitmi\u015f \u00fcr\u00fcn flan\u015f\u0131n\u0131n e\u011fim a\u00e7\u0131s\u0131n\u0131 sabitlemek i\u00e7in bir \u00fcniversal haddehane kurduk. Bu hadde ayn\u0131 zamanda \u00fcniversal fini\u015f haddesi olarak da bilinir. Yatay merdanenin kenar\u0131 ya eksenine diktir ya da genellikle 20 dereceden fazla olmayan hafif bir e\u011fime sahiptir. Dikey merdane silindiriktir.<\/p>\n<h2 class=\"p1\">H-kiri\u015fli \u00e7elik Temsil Y\u00f6ntemi<\/h2>\n<p data-block-id=\"005570de-6d6d-4419-acd7-eb580848a401\">H-\u015fekilli \u00e7eli\u011fin \u00fc\u00e7 t\u00fcr\u00fc vard\u0131r:<\/p>\n<ul data-block-id=\"56c95e21-890a-4bce-8cff-7141a86ef637\">\n<li>\n<p data-block-id=\"febd9de7-d33b-42a3-90a9-8dd747ec8b7a\">Geni\u015f flan\u015fl\u0131 H-\u015fekilli \u00e7elik (HK)<\/p>\n<\/li>\n<li>\n<p data-block-id=\"1c98dd06-62e9-490f-8147-8df70f3eac40\">Dar flan\u015fl\u0131 H-\u015fekilli \u00e7elik (HZ)<\/p>\n<\/li>\n<li>\n<p data-block-id=\"396a6ff9-abd4-4fdf-9640-0053cc516d9a\">H-\u015fekilli \u00e7elik kolon (HU)<\/p>\n<\/li>\n<\/ul>\n<p data-block-id=\"9209e3ce-c0ef-4b12-a8b2-9aff4fca6688\">\u0130fade y\u00f6ntemi \u015f\u00f6yledir: y\u00fckseklik Hx geni\u015flik Bx a\u011f kal\u0131nl\u0131\u011f\u0131 t1x kanat plakas\u0131 kal\u0131nl\u0131\u011f\u0131 t2. \u00d6rne\u011fin, H-\u015fekilli \u00e7elik Q235\\SS400: 200x200x8x12, 200 mm y\u00fcksekli\u011fe ve 200 mm geni\u015fli\u011fe sahip oldu\u011fu anlam\u0131na gelir. A\u011f kal\u0131nl\u0131\u011f\u0131 8 mm ve kanat plakas\u0131 kal\u0131nl\u0131\u011f\u0131 12 mm'dir. S\u0131n\u0131f Q235 veya SS400'd\u00fcr.<\/p>\n<h2 data-block-id=\"d40f2b8a-42a2-4967-85e4-e46e2b1a1071\">S\u0131cak Haddelenmi\u015f karbon \u00e7elik malzemelerin avantajlar\u0131<\/h2>\n<p data-block-id=\"1e689451-57e7-4591-b61f-39ae14d9ed65\">1. S\u0131cak haddelenmi\u015f H-\u015fekilli \u00e7elik yap\u0131lar y\u00fcksek oranda \u00fcretilmi\u015ftir. Mekanik i\u015fler ve yo\u011fun \u00fcretim i\u00e7in m\u00fckemmeldirler. Bu yap\u0131lar y\u00fcksek hassasiyet, kolay kurulum ve tutarl\u0131 kalite sunar.<\/p>\n<p data-block-id=\"c25a5d63-afea-419e-942f-70936b059abc\">2. Proje h\u0131zl\u0131 bir \u015fekilde in\u015fa edilir. K\u00fc\u00e7\u00fck bir alan\u0131 kapsar. Her t\u00fcrl\u00fc hava ko\u015fulunda iyi \u00e7al\u0131\u015f\u0131r ve iklimden daha az etkilenir.<\/p>\n<p data-block-id=\"412291f8-5e92-44ab-bf25-13bf093e6160\">3. Yap\u0131n\u0131n etkin kullan\u0131m alan\u0131n\u0131n art\u0131r\u0131lmas\u0131<\/p>\n<p data-block-id=\"6f55f2a5-1c28-43c3-b1bd-c0748a749400\">4. H-\u015fekilli \u00e7elik kayna\u011f\u0131 ile kar\u015f\u0131la\u015ft\u0131r\u0131ld\u0131\u011f\u0131nda, bu y\u00f6ntem i\u015f\u00e7ilik ve malzemeden tasarruf sa\u011flar. Hammadde, enerji ve i\u015f\u00e7ilik kullan\u0131m\u0131n\u0131 azalt\u0131r. Ayr\u0131ca d\u00fc\u015f\u00fck art\u0131k gerilime neden olur ve m\u00fckemmel bir g\u00f6r\u00fcn\u00fcm ve y\u00fczey kalitesi sunar.<\/p>\n<p data-block-id=\"342c96ff-f553-4257-a529-5909091b0aaa\">5. \u0130\u015fleme, yap\u0131sal ba\u011flant\u0131 ve montaj\u0131 kolayla\u015ft\u0131r\u0131r. Ayr\u0131ca s\u00f6k\u00fclmesi ve yeniden kullan\u0131lmas\u0131 kolayd\u0131r.<\/p>\n<p data-block-id=\"f93f0a15-20dc-4433-a224-d8e6151389e7\">","protected":false},"excerpt":{"rendered":"<p>H-\u015fekilli \u00e7elik uygun maliyetli bir profildir. \u015eekli b\u00fcy\u00fck H harfini and\u0131r\u0131r. \u00dcniversal \u00e7elik kiri\u015f, geni\u015f kenarl\u0131 I-kiri\u015f veya paralel flan\u015fl\u0131 I-kiri\u015f olarak da bilinir. H-\u015fekilli \u00e7eli\u011fin enine kesiti genellikle iki par\u00e7a i\u00e7erir: bel ve kenar olarak da bilinen a\u011f ve flan\u015f plakas\u0131. H-profil \u00c7elik \u00dcretim Y\u00f6ntemi \u00dcreticiler H-\u015fekilli [...]","protected":false},"featured_media":3716,"comment_status":"closed","ping_status":"closed","template":"","meta":[],"product_cat":[18,51],"class_list":{"0":"post-3392","1":"product","2":"type-product","3":"status-publish","4":"has-post-thumbnail","6":"product_cat-steel-profile","7":"product_cat-h-beam","9":"first","10":"instock","11":"shipping-taxable","12":"product-type-simple"},"_links":{"self":[{"href":"https:\/\/steelsupplydirect.com\/tr\/wp-json\/wp\/v2\/product\/3392","targetHints":{"allow":["GET"]}}],"collection":[{"href":"https:\/\/steelsupplydirect.com\/tr\/wp-json\/wp\/v2\/product"}],"about":[{"href":"https:\/\/steelsupplydirect.com\/tr\/wp-json\/wp\/v2\/types\/product"}],"replies":[{"embeddable":true,"href":"https:\/\/steelsupplydirect.com\/tr\/wp-json\/wp\/v2\/comments?post=3392"}],"wp:featuredmedia":[{"embeddable":true,"href":"https:\/\/steelsupplydirect.com\/tr\/wp-json\/wp\/v2\/media\/3716"}],"wp:attachment":[{"href":"https:\/\/steelsupplydirect.com\/tr\/wp-json\/wp\/v2\/media?parent=3392"}],"wp:term":[{"taxonomy":"product_cat","embeddable":true,"href":"https:\/\/steelsupplydirect.com\/tr\/wp-json\/wp\/v2\/product_cat?post=3392"}],"curies":[{"name":"wp","href":"https:\/\/api.w.org\/{rel}","templated":true}]}}