{"id":3393,"date":"2023-09-13T14:15:14","date_gmt":"2023-09-13T06:15:14","guid":{"rendered":"https:\/\/steelsupplydirect.com\/?post_type=product&#038;p=3393"},"modified":"2023-10-10T09:59:47","modified_gmt":"2023-10-10T01:59:47","slug":"i-evrensel-isin","status":"publish","type":"product","link":"https:\/\/steelsupplydirect.com\/tr\/%c3%bcr%c3%bcn\/i-evrensel-isin","title":{"rendered":"\u00c7in Fabrika A36 Ss400 S235 Q345 Q235 I Evrensel Kiri\u015f D\u00fc\u015f\u00fck Fiyat"},"content":{"rendered":"<p>\u00c7elik kiri\u015f olarak da bilinen I-kiri\u015f (\u0130ngilizce ad\u0131 Universal Beam), I \u015feklinde bir kesite sahip uzun bir \u00e7elik \u00e7ubuktur.<\/p>\n<p>-S\u0131n\u0131fland\u0131rma:<\/p>\n<p>I-kiri\u015fler esas olarak s\u0131radan I-kiri\u015fler, hafif I-kiri\u015fler ve geni\u015f flan\u015fl\u0131 I-kiri\u015fler olarak ikiye ayr\u0131l\u0131r. Flan\u015f\u0131n a\u011fa olan y\u00fckseklik oran\u0131na g\u00f6re geni\u015f, orta ve dar geni\u015f flan\u015fl\u0131 I-kiri\u015flere ayr\u0131l\u0131r. \u0130lk ikisi 10-60 boyutlar\u0131nda \u00fcretilir, yani kar\u015f\u0131l\u0131k gelen y\u00fckseklikler 10 cm-60 cm'dir. Ayn\u0131 y\u00fckseklikte, hafif I-kiri\u015fler dar flan\u015flara, ince a\u011flara ve hafifli\u011fe sahiptir. Geni\u015f flan\u015fl\u0131 I-kiri\u015f, H-\u015fekilli \u00e7elik olarak da adland\u0131r\u0131l\u0131r. Kesit \u00f6zelli\u011fi bacaklar\u0131n paralel olmas\u0131 ve bacaklar\u0131n i\u00e7 k\u0131sm\u0131nda e\u011fim olmamas\u0131d\u0131r. Ekonomik kesitli bir \u00e7eliktir ve d\u00f6rt merdaneli \u00fcniversal haddehanede haddelenir, bu nedenle \"\u00fcniversal I-kiri\u015f\" olarak da adland\u0131r\u0131l\u0131r.<\/p>\n<p>-\u00d6zellikler ve modeller:<br \/>\nSpesifikasyonlar y\u00fckseklik \u00d7 bacak kal\u0131nl\u0131\u011f\u0131 \u00d7 bel kal\u0131nl\u0131\u011f\u0131 olarak ifade edilir. Spesifikasyonlar\u0131n ana boyutlar\u0131 say\u0131larla da ifade edilebilir. \u00d6rne\u011fin, No. 18 I-kiri\u015f 18 cm y\u00fcksekli\u011finde bir I-kiri\u015f anlam\u0131na gelir. I-kiri\u015fler ayn\u0131 y\u00fckseklikteyse, 36a, 36b, 36c, vb. gibi belirtmek i\u00e7in numaradan sonra a veya b veya c k\u00f6\u015fe kodu eklenebilir. S\u0131radan I-kiri\u015f, hafif I-kiri\u015f ve geni\u015f flan\u015fl\u0131 I-kiri\u015f olarak ayr\u0131l\u0131r. Flan\u015f\u0131n a\u011fa olan y\u00fckseklik oran\u0131na g\u00f6re geni\u015f, orta ve dar geni\u015f flan\u015fl\u0131 I-kiri\u015flere ayr\u0131l\u0131r. \u0130lk ikisi 10-60 boyutlar\u0131nda \u00fcretilir, yani kar\u015f\u0131l\u0131k gelen y\u00fckseklikler 10 cm-60 cm'dir.<\/p>\n<p>-Uygulama \u00f6zellikleri:<br \/>\nI-\u015fekilli \u00e7elik ister s\u0131radan ister hafif olsun, nispeten y\u00fcksek ve dar kesit boyutlar\u0131 nedeniyle, kesitin iki ana ekseninin atalet momenti olduk\u00e7a farkl\u0131d\u0131r, bu nedenle yaln\u0131zca do\u011frudan a\u011f d\u00fczleminde b\u00fck\u00fclmek i\u00e7in kullan\u0131labilir. bile\u015fenler veya bunlar\u0131 kafes tipi gerilmeli bile\u015fenler haline getirin. Eksenel s\u0131k\u0131\u015ft\u0131rma elemanlar\u0131n\u0131n veya a\u011f d\u00fczlemine dik olan ve kavisli elemanlar\u0131n kullan\u0131lmas\u0131 uygun de\u011fildir, bu da uygulama aral\u0131\u011f\u0131n\u0131 b\u00fcy\u00fck \u00f6l\u00e7\u00fcde s\u0131n\u0131rlar. I-kiri\u015fler binalarda veya di\u011fer metal yap\u0131larda yayg\u0131n olarak kullan\u0131l\u0131r.<br \/>\nS\u0131radan I-kiri\u015fler ve hafif I-kiri\u015fler nispeten y\u00fcksek ve dar kesit boyutlar\u0131na sahiptir, bu nedenle kesitin iki ana ekseninin atalet momenti olduk\u00e7a farkl\u0131d\u0131r, bu da uygulama aral\u0131klar\u0131n\u0131 s\u0131n\u0131rlar.<\/p>\n<p>- Avantajlar:<\/p>\n<p>G\u00f6r\u00fcn\u00fc\u015f: S\u0131cak haddelenmi\u015f I-kiri\u015f (YB(T)5601987),<\/p>\n<p>(1) E\u011frilik: I-kiri\u015finin y\u00fcksekli\u011fi 400 mm'den az veya e\u015fit oldu\u011funda. Metre ba\u015f\u0131na e\u011frilik 1,5 mm'den fazla olmayacak ve toplam e\u011frilik toplam uzunlu\u011fun 0,15%'sinden fazla olmayacakt\u0131r. Y\u00fckseklik 400 mm'den fazla oldu\u011funda, metre ba\u015f\u0131na e\u011frilik 1,0 mm'den fazla olmamal\u0131 ve toplam e\u011frilik toplam uzunlu\u011fun 0,1%'sinden fazla olmamal\u0131d\u0131r.<\/p>\n<p>(2) Genellikle uzunluk: model 10-18. Genellikle uzunluk 5-19m: model 20-63, normal uzunluk 6-19m, sabit uzunluk, \u00e7ift uzunluk: I-kiri\u015f sabit uzunlukta veya \u00e7ift uzunlukta teslim edildi\u011finde, s\u00f6zle\u015fme Notuna dahil edilmelidir. Sabit uzunluk ve \u00e7ift uzunluk uzunlu\u011fu 8M'den k\u00fc\u00e7\u00fck veya e\u015fittir ve izin verilen sapma +40mm'dir. Uzunluk 8M'den b\u00fcy\u00fck oldu\u011funda, her ilave 1M i\u00e7in izin verilen sapma 5MM artar, ancak maksimum 80MM'yi ge\u00e7memelidir.<\/p>\n<p>(3) A\u011f\u0131rl\u0131k: I-kiri\u015fler teorik a\u011f\u0131rl\u0131\u011fa veya ger\u00e7ek a\u011f\u0131rl\u0131\u011fa g\u00f6re teslim edilir: teorik a\u011f\u0131rl\u0131k hesaplan\u0131rken, \u00e7eli\u011fin yo\u011funlu\u011fu 7.85G \/ santimetrek\u00fcp ve kesit alan\u0131 hesaplama form\u00fcl\u00fcd\u00fcr: HD+2T(B-D)+0.815(R kare-R1 kare).<\/p>","protected":false},"excerpt":{"rendered":"<p>\u00c7elik kiri\u015f olarak da bilinen I-kiri\u015f (\u0130ngilizce ad\u0131 Universal Beam), I \u015feklinde bir kesite sahip uzun bir \u00e7elik \u00e7ubuktur. -S\u0131n\u0131fland\u0131rma: I-kiri\u015fler temel olarak s\u0131radan I-kiri\u015fler, hafif I-kiri\u015fler ve geni\u015f flan\u015fl\u0131 I-kiri\u015fler olarak ikiye ayr\u0131l\u0131r. Flan\u015f\u0131n a\u011fa olan y\u00fckseklik oran\u0131na g\u00f6re geni\u015f, orta ve dar geni\u015f flan\u015fl\u0131 I-kiri\u015flere ayr\u0131l\u0131r. \u0130lk iki [...]","protected":false},"featured_media":3414,"comment_status":"closed","ping_status":"closed","template":"","meta":[],"product_cat":[18,52],"class_list":{"0":"post-3393","1":"product","2":"type-product","3":"status-publish","4":"has-post-thumbnail","6":"product_cat-steel-profile","7":"product_cat-i-beam","9":"first","10":"instock","11":"shipping-taxable","12":"product-type-simple"},"_links":{"self":[{"href":"https:\/\/steelsupplydirect.com\/tr\/wp-json\/wp\/v2\/product\/3393","targetHints":{"allow":["GET"]}}],"collection":[{"href":"https:\/\/steelsupplydirect.com\/tr\/wp-json\/wp\/v2\/product"}],"about":[{"href":"https:\/\/steelsupplydirect.com\/tr\/wp-json\/wp\/v2\/types\/product"}],"replies":[{"embeddable":true,"href":"https:\/\/steelsupplydirect.com\/tr\/wp-json\/wp\/v2\/comments?post=3393"}],"wp:featuredmedia":[{"embeddable":true,"href":"https:\/\/steelsupplydirect.com\/tr\/wp-json\/wp\/v2\/media\/3414"}],"wp:attachment":[{"href":"https:\/\/steelsupplydirect.com\/tr\/wp-json\/wp\/v2\/media?parent=3393"}],"wp:term":[{"taxonomy":"product_cat","embeddable":true,"href":"https:\/\/steelsupplydirect.com\/tr\/wp-json\/wp\/v2\/product_cat?post=3393"}],"curies":[{"name":"wp","href":"https:\/\/api.w.org\/{rel}","templated":true}]}}