{"id":3399,"date":"2023-09-13T17:33:11","date_gmt":"2023-09-13T09:33:11","guid":{"rendered":"https:\/\/steelsupplydirect.com\/?post_type=product&#038;p=3399"},"modified":"2023-09-14T10:45:04","modified_gmt":"2023-09-14T02:45:04","slug":"profesyonel-tedarikci-z-tipi-celik-sac-kazik-s355jr-s355j0-s355j2-ustun-kalite-ile","status":"publish","type":"product","link":"https:\/\/steelsupplydirect.com\/tr\/%c3%bcr%c3%bcn\/profesyonel-tedarikci-z-tipi-celik-sac-kazik-s355jr-s355j0-s355j2-ustun-kalite-ile","title":{"rendered":"\u00dcst\u00fcn Kalite ile Profesyonel Tedarik\u00e7i Z Tipi \u00c7elik Sac Kaz\u0131k S355jr S355j0 S355j2"},"content":{"rendered":"<p>\u00c7elik sac kaz\u0131k, kenarlar\u0131nda ba\u011flant\u0131 cihazlar\u0131 bulunan \u00e7elik bir yap\u0131d\u0131r ve ba\u011flant\u0131 cihazlar\u0131, s\u00fcrekli ve s\u0131k\u0131 bir istinat topra\u011f\u0131 veya su tutma duvar\u0131 olu\u015fturmak i\u00e7in serbest\u00e7e birle\u015ftirilebilir.<\/p>\n<p>-S\u0131n\u0131fland\u0131rma:<br \/>\n\u00c7elik sac kaz\u0131k \u00fcr\u00fcnleri \u00fcretim teknolojisine g\u00f6re iki tipe ayr\u0131l\u0131r: so\u011fuk \u015fekillendirilmi\u015f ince duvarl\u0131 \u00e7elik sac kaz\u0131klar ve s\u0131cak haddelenmi\u015f \u00e7elik sac kaz\u0131klar.<br \/>\n(1) So\u011fuk \u015fekillendirilmi\u015f \u00e7elik sac kaz\u0131klar, \u0131s\u0131r\u0131ks\u0131z tip so\u011fuk \u015fekillendirilmi\u015f \u00e7elik sac kaz\u0131klar\u0131 (kanal plakalar\u0131 olarak da adland\u0131r\u0131l\u0131r) ve \u0131s\u0131r\u0131k tipi so\u011fuk \u015fekillendirilmi\u015f \u00e7elik sac kaz\u0131klar\u0131 (L tipi kaz\u0131klar, S tipi, U tipi ve Z tipi olarak ayr\u0131l\u0131r) i\u00e7erir \u00dcretim s\u00fcreci: \u0130nce plakalar (yayg\u0131n olarak kullan\u0131lan kal\u0131nl\u0131k 8mm ~ 14mm) s\u00fcrekli olarak haddelenir ve bir so\u011fuk b\u00fckme \u00e7er\u00e7evesinde \u015fekillendirilir. Avantajlar\u0131: \u00fcretim hatlar\u0131na daha az yat\u0131r\u0131m, daha d\u00fc\u015f\u00fck \u00fcretim maliyetleri ve \u00fcr\u00fcn uzunlu\u011funun esnek kontrol\u00fc. Dezavantajlar: Kaz\u0131k g\u00f6vdesinin her bir par\u00e7as\u0131n\u0131n kal\u0131nl\u0131\u011f\u0131 benzerdir ve boyut optimize edilemez, bu da kullan\u0131lan \u00e7elik miktar\u0131nda art\u0131\u015fa neden olur. Kilitleme par\u00e7as\u0131n\u0131n \u015feklini kontrol etmek zordur. Ek yerleri s\u0131k\u0131ca sabitlenmez ve suyu durduramaz. Kaz\u0131k g\u00f6vdesi kullan\u0131m s\u0131ras\u0131nda y\u0131rt\u0131lmaya e\u011filimlidir.<\/p>\n<p>-Markan\u0131n kimyasal bile\u015fimi ve mekanik \u00f6zellikleri \uff1a<\/p>\n<p>Q345B: C\u22640.20\uff0cSi\u22640.50\uff0cMn\u22641.5\uff0cP\u22640.025\uff0cS\u22640.020\uff0cVerim Dayan\u0131m\u0131\u2265345Mpa, \u00c7ekme Dayan\u0131m\u0131=470-630Mpa, Uzama\u226521, Darbe enerjisi\u226534<\/p>\n<p>Q235B: C=0.12-0.2\uff0cSi\u22640.30\uff0cMn=0.3-0.7\uff0cP\u22640.045\uff0cS\u22640.045\uff0cVerim Dayan\u0131m\u0131\u2265235Mpa, \u00c7ekme Dayan\u0131m\u0131=375-500Mpa, Uzama\u226526, Darbe enerjisi\u226527<\/p>\n<p>(2) S\u0131cak haddelenmi\u015f \u00e7elik sac kaz\u0131klar D\u00fcnyada U-tipi, Z-tipi, AS-tipi, H-tipi vb. gibi birka\u00e7 ana s\u0131cak haddelenmi\u015f \u00e7elik sac kaz\u0131k t\u00fcr\u00fc vard\u0131r. Z-tipi ve AS-tipi \u00e7elik sac kaz\u0131klar\u0131n \u00fcretim, i\u015fleme ve montaj teknolojisi \u00dcretim teknolojisi: \u00c7elik sac kaz\u0131klar, \u00e7elik profil haddehanesinde y\u00fcksek s\u0131cakl\u0131kta haddeleme ile olu\u015fturulur. Avantajlar\u0131: \u00f6zellikler, makul performans, makul yap\u0131, y\u00fcksek kalite, s\u0131k\u0131 kilitleme ve kilitleme yap\u0131s\u0131. Dezavantajlar: artan teknoloji, artan \u00fcretim maliyetleri ve esnek olmayan spesifikasyon serileri.<\/p>\n<p>-Markan\u0131n kimyasal bile\u015fimi ve mekanik \u00f6zellikleri \uff1a<\/p>\n<p>JIS A5523-SYW295: C\u22640.18\uff0cSi\u22640.55\uff0cMn\u22641.5\uff0cP\u22640.04\uff0cS\u22640.04\uff0cN\u22640.006\uff0c Akma Dayan\u0131m\u0131\uff1e295N\/mm\u00b2, \u00c7ekme Dayan\u0131m\u0131\uff1e490N\/mm\u00b2, Uzama\uff1e17<\/p>\n<p>SYW390:  C\u22640.18\uff0cSi\u22640.55\uff0cMn\u22641.5\uff0cP\u22640.04\uff0cS\u22640.04\uff0cN\u22640.006\uff0c Akma Dayan\u0131m\u0131\uff1e540N\/mm\u00b2, \u00c7ekme Dayan\u0131m\u0131\uff1e15N\/mm\u00b2,<\/p>\n<p>JIS A5528-SY295: Akma Dayan\u0131m\u0131\uff1e295N\/mm\u00b2, \u00c7ekme Dayan\u0131m\u0131\uff1e490N\/mm\u00b2, Uzama\uff1e17<\/p>\n<p>SY390: Akma Dayan\u0131m\u0131\uff1e540N\/mm\u00b2, Uzama\uff1e15<\/p>\n<p>-\u015eekil Kategorisi<\/p>\n<p>U Tipi Avantaj\u0131: WRU7 (42kg\/m), WRU8 (51kg\/m), WRU9 (59.7kg\/m)...<br \/>\n1) U \u015feklindeki \u00e7elik sac kaz\u0131klar \u00e7e\u015fitli \u00f6zelliklerde ve modellerde mevcuttur.<br \/>\n2) Avrupa standartlar\u0131na g\u00f6re tasarlanan ve \u00fcretilen yap\u0131 simetriktir, bu da tekrarlanan kullan\u0131ma elveri\u015flidir ve tekrarlanan kullan\u0131m a\u00e7\u0131s\u0131ndan s\u0131cak haddelemeye e\u015fde\u011ferdir.<br \/>\n3) Uzunluk, m\u00fc\u015fteri gereksinimlerine g\u00f6re \u00f6zel olarak \u00f6zelle\u015ftirilebilir, bu da in\u015faat i\u00e7in b\u00fcy\u00fck kolayl\u0131k sa\u011flar ve ayr\u0131ca maliyetleri d\u00fc\u015f\u00fcr\u00fcr.<br \/>\n4) \u00dcretim kolayl\u0131\u011f\u0131 nedeniyle, kombine kaz\u0131klarla kullan\u0131ld\u0131\u011f\u0131nda, fabrikadan \u00e7\u0131kmadan \u00f6nce \u00f6n sipari\u015f verilebilir.<br \/>\n5) \u00dcretim tasar\u0131m\u0131 ve \u00fcretim d\u00f6ng\u00fcs\u00fc k\u0131sad\u0131r ve \u00e7elik sac kaz\u0131klar\u0131n performans\u0131 m\u00fc\u015fteri gereksinimlerine g\u00f6re belirlenebilir.<\/p>\n<p>Z Tipi Avantaj\u0131: WRZ16-635 (61.5kg\/m), WRZ18-635, WRZ28-635...<\/p>\n<p>1) Nispeten y\u00fcksek kesit mod\u00fcl\u00fc ve k\u00fctle oran\u0131na sahip esnek tasar\u0131m;<br \/>\n2) Daha y\u00fcksek atalet momenti, b\u00f6ylece palplan\u015f duvar\u0131n\u0131n sertli\u011fini art\u0131r\u0131r ve yer de\u011fi\u015ftirme ve deformasyonu azalt\u0131r;<br \/>\n3) Geni\u015f geni\u015flik, kald\u0131rma ve kaz\u0131k \u00e7akma i\u015flemlerinde etkili bir \u015fekilde zaman tasarrufu sa\u011flar;<br \/>\n4) Artan kesit geni\u015fli\u011fi, palplan\u015f duvar\u0131n b\u00fcz\u00fclme say\u0131s\u0131n\u0131 azalt\u0131r ve su durdurma performans\u0131n\u0131 do\u011frudan art\u0131r\u0131r;<br \/>\n5) \u015eiddetli korozyona sahip par\u00e7alar, korozyon direncini daha da iyi hale getirmek i\u00e7in kal\u0131nla\u015ft\u0131r\u0131l\u0131r.<\/p>\n<p>L Tipi Sac Kaz\u0131k: WRL1.5<\/p>\n<p>Kesit hafiftir, kaz\u0131k duvar az yer kaplar ve kilitler ayn\u0131 y\u00f6ndedir, bu da in\u015faat\u0131 kolayla\u015ft\u0131r\u0131r. Belediye m\u00fchendisli\u011fi kaz\u0131 in\u015faat\u0131 i\u00e7in uygundur<\/p>\n<p>S Tipi Palplan\u015f: WRS4<\/p>\n<p>D\u00fcz \u00e7elik Tip: D\u00fc\u015f\u00fck y\u00fcksekli\u011fi ve d\u00fcz bir \u00e7izgiye yak\u0131n olmas\u0131 nedeniyle, \u00f6zellikle iki bina aras\u0131ndaki bo\u015fluk b\u00fcy\u00fck olmad\u0131\u011f\u0131nda ve kaz\u0131lmas\u0131 gerekti\u011finde baz\u0131 hendeklerin kaz\u0131lmas\u0131 i\u00e7in daha uygundur.<\/p>","protected":false},"excerpt":{"rendered":"<p>\u00c7elik sac kaz\u0131k, kenarlar\u0131nda ba\u011flant\u0131 cihazlar\u0131 bulunan \u00e7elik bir yap\u0131d\u0131r ve ba\u011flant\u0131 cihazlar\u0131, s\u00fcrekli ve s\u0131k\u0131 bir istinat topra\u011f\u0131 veya su istinat duvar\u0131 olu\u015fturmak i\u00e7in serbest\u00e7e birle\u015ftirilebilir. -S\u0131n\u0131fland\u0131rma: \u00c7elik sac kaz\u0131k \u00fcr\u00fcnleri \u00fcretim teknolojisine g\u00f6re iki t\u00fcre ayr\u0131l\u0131r: so\u011fuk \u015fekillendirilmi\u015f ince duvarl\u0131 \u00e7elik sac kaz\u0131klar ve s\u0131cak haddelenmi\u015f \u00e7elik [...]","protected":false},"featured_media":3247,"comment_status":"closed","ping_status":"closed","template":"","meta":[],"product_cat":[18,53],"class_list":{"0":"post-3399","1":"product","2":"type-product","3":"status-publish","4":"has-post-thumbnail","6":"product_cat-steel-profile","7":"product_cat-steel-sheet-pile","9":"first","10":"instock","11":"shipping-taxable","12":"product-type-simple"},"_links":{"self":[{"href":"https:\/\/steelsupplydirect.com\/tr\/wp-json\/wp\/v2\/product\/3399","targetHints":{"allow":["GET"]}}],"collection":[{"href":"https:\/\/steelsupplydirect.com\/tr\/wp-json\/wp\/v2\/product"}],"about":[{"href":"https:\/\/steelsupplydirect.com\/tr\/wp-json\/wp\/v2\/types\/product"}],"replies":[{"embeddable":true,"href":"https:\/\/steelsupplydirect.com\/tr\/wp-json\/wp\/v2\/comments?post=3399"}],"wp:featuredmedia":[{"embeddable":true,"href":"https:\/\/steelsupplydirect.com\/tr\/wp-json\/wp\/v2\/media\/3247"}],"wp:attachment":[{"href":"https:\/\/steelsupplydirect.com\/tr\/wp-json\/wp\/v2\/media?parent=3399"}],"wp:term":[{"taxonomy":"product_cat","embeddable":true,"href":"https:\/\/steelsupplydirect.com\/tr\/wp-json\/wp\/v2\/product_cat?post=3399"}],"curies":[{"name":"wp","href":"https:\/\/api.w.org\/{rel}","templated":true}]}}