{"id":3401,"date":"2023-09-14T11:22:45","date_gmt":"2023-09-14T03:22:45","guid":{"rendered":"https:\/\/steelsupplydirect.com\/?post_type=product&#038;p=3401"},"modified":"2023-09-14T11:22:46","modified_gmt":"2023-09-14T03:22:46","slug":"lasern-soguk-sekillendirilmis-u-sekli-z-sekli-tipi-celik-sac-kazik-sy390-sy295","status":"publish","type":"product","link":"https:\/\/steelsupplydirect.com\/tr\/%c3%bcr%c3%bcn\/lasern-soguk-sekillendirilmis-u-sekli-z-sekli-tipi-celik-sac-kazik-sy390-sy295","title":{"rendered":"Lasern So\u011fuk \u015eekillendirilmi\u015f U-\u015eekilli Z-\u015eekilli Tip \u00c7elik Sac Kaz\u0131k Sy390 Sy295"},"content":{"rendered":"<p>\u00c7elik sac kaz\u0131k, kilitli bir \u00e7elik t\u00fcr\u00fcd\u00fcr. Enine kesitleri d\u00fcz levha, oluk ve Z-\u015fekilli vb. i\u00e7erir ve \u00e7e\u015fitli boyutlarda ve kilitleme formlar\u0131nda mevcuttur. Yayg\u0131n olanlar aras\u0131nda Larson tipi, Lackawanna tipi vb. bulunur. Avantajlar\u0131 \u015funlard\u0131r: y\u00fcksek mukavemet, sert topra\u011fa s\u00fcrmek kolayd\u0131r; derin suda in\u015fa edilebilir ve gerekirse bir kafes olu\u015fturmak i\u00e7in diyagonal destekler eklenebilir. \u0130yi su ge\u00e7irmezlik performans\u0131na sahiptir; gerekti\u011finde \u00e7e\u015fitli \u015fekillerde batardolar olu\u015fturabilir ve bir\u00e7ok kez yeniden kullan\u0131labilir, bu nedenle geni\u015f bir kullan\u0131m alan\u0131na sahiptir.<\/p>\n<p>\u00c7elik sac kaz\u0131k \u00fcr\u00fcnleri \u00fcretim teknolojisine g\u00f6re iki t\u00fcre ayr\u0131l\u0131r: So\u011fuk \u015eekillendirilmi\u015f \u0130nce duvarl\u0131 \u00e7elik sac kaz\u0131klar ve S\u0131cak Haddelenmi\u015f \u00c7elik Sac Kaz\u0131klar (\u00f6nde gelen \u00fcr\u00fcnler).<br \/>\n(1) So\u011fuk \u015fekillendirilmi\u015f \u00e7elik sac kaz\u0131klar, \u0131s\u0131r\u0131ks\u0131z tip so\u011fuk \u015fekillendirilmi\u015f \u00e7elik sac kaz\u0131klar\u0131 (kanal plakalar\u0131 olarak da adland\u0131r\u0131l\u0131r) ve \u0131s\u0131r\u0131k tipi so\u011fuk \u015fekillendirilmi\u015f \u00e7elik sac kaz\u0131klar\u0131 (L tipi, S tipi, U tipi ve Z tipi olarak ayr\u0131l\u0131r) i\u00e7erir. \u00dcretim s\u00fcreci: \u0130nce plakalar (yayg\u0131n olarak kullan\u0131lan kal\u0131nl\u0131k 8mm ~ 14mm) s\u00fcrekli olarak haddelenir ve bir so\u011fuk b\u00fckme \u00fcnitesinde \u015fekillendirilir. Avantajlar\u0131: \u00fcretim hatlar\u0131na daha az yat\u0131r\u0131m, daha d\u00fc\u015f\u00fck \u00fcretim maliyetleri ve esnek \u00fcr\u00fcn uzunlu\u011fu kontrol\u00fc. Dezavantajlar: Kaz\u0131k g\u00f6vdesinin t\u00fcm par\u00e7alar\u0131n\u0131n kal\u0131nl\u0131\u011f\u0131 ayn\u0131d\u0131r, kesit boyutu optimize edilemez, bu da kullan\u0131lan \u00e7elik miktar\u0131nda bir art\u0131\u015fa neden olur, kilitleme par\u00e7as\u0131n\u0131n \u015feklinin kontrol edilmesi zordur, ba\u011flant\u0131lar s\u0131k\u0131ca sabitlenmez ve su s\u0131zd\u0131rmaz hale getirilemez ve kaz\u0131k g\u00f6vdesi kullan\u0131m s\u0131ras\u0131nda y\u0131rt\u0131lmaya e\u011filimlidir.<br \/>\n(2) S\u0131cak haddelenmi\u015f \u00e7elik sac kaz\u0131klar. D\u00fcnyadaki s\u0131cak haddelenmi\u015f \u00e7elik sac kaz\u0131klar esas olarak U tipi, Z tipi, AS tipi, H tipi ve d\u00fczinelerce spesifikasyonu i\u00e7erir. Z-\u015fekilli ve AS-\u015fekilli \u00e7elik sac kaz\u0131klar\u0131n \u00fcretim, i\u015fleme ve montaj s\u00fcre\u00e7leri nispeten karma\u015f\u0131kt\u0131r ve \u00e7o\u011funlukla Avrupa ve Amerika Birle\u015fik Devletleri'nde kullan\u0131l\u0131r; \u00c7in'de \u00e7o\u011funlukla U-\u015fekilli \u00e7elik sac kaz\u0131klar kullan\u0131lmaktad\u0131r. \u00dcretim s\u00fcreci: \u00c7elik profil haddehanesinde y\u00fcksek s\u0131cakl\u0131kta haddeleme ile olu\u015fturulur. Avantajlar\u0131: standartla\u015ft\u0131r\u0131lm\u0131\u015f boyut, \u00fcst\u00fcn performans, makul kesit, y\u00fcksek kalite ve s\u0131k\u0131 su ge\u00e7irmez kilit \u0131s\u0131r\u0131\u011f\u0131. Dezavantajlar\u0131: daha fazla teknik zorluk, daha y\u00fcksek \u00fcretim maliyetleri ve esnek olmayan spesifikasyon serileri.<\/p>\n<p>S\u0131n\u0131f ad\u0131:<\/p>\n<p>A5523-SYW295: C\u22640.18\uff0cSi\u22640.55\uff0cMn\u22641.5\uff0cP\u22640.04\uff0cS\u22640.04\uff0cN\u22640.006\uff0c Akma Dayan\u0131m\u0131\uff1e295N\/mm\u00b2, \u00c7ekme Dayan\u0131m\u0131\uff1e490N\/mm\u00b2, Uzama\uff1e17<\/p>\n<p>SYW390:  C\u22640.18\uff0cSi\u22640.55\uff0cMn\u22641.5\uff0cP\u22640.04\uff0cS\u22640.04\uff0cN\u22640.006\uff0c Akma Dayan\u0131m\u0131\uff1e540N\/mm\u00b2, \u00c7ekme Dayan\u0131m\u0131\uff1e15N\/mm\u00b2,<\/p>\n<p>JIS A5528-SY295: Akma Dayan\u0131m\u0131\uff1e295N\/mm\u00b2, \u00c7ekme Dayan\u0131m\u0131\uff1e490N\/mm\u00b2, Uzama\uff1e17<\/p>\n<p>SY390: Akma Dayan\u0131m\u0131\uff1e540N\/mm\u00b2, Uzama\uff1e15<\/p>\n<p>-\u015eekil Kategorisi<\/p>\n<p>U Tipi:<\/p>\n<p>1) U \u015feklindeki \u00e7elik sac kaz\u0131klar \u00e7e\u015fitli \u00f6zelliklerde ve modellerde mevcuttur.<br \/>\n2) Avrupa standartlar\u0131na g\u00f6re tasarlanan ve \u00fcretilen yap\u0131 simetriktir, bu da tekrarlanan kullan\u0131ma elveri\u015flidir ve tekrarlanan kullan\u0131m a\u00e7\u0131s\u0131ndan s\u0131cak haddelemeye e\u015fde\u011ferdir.<br \/>\n3) Uzunluk, m\u00fc\u015fteri gereksinimlerine g\u00f6re \u00f6zel olarak \u00f6zelle\u015ftirilebilir, bu da in\u015faat i\u00e7in b\u00fcy\u00fck kolayl\u0131k sa\u011flar ve ayr\u0131ca maliyetleri d\u00fc\u015f\u00fcr\u00fcr.<br \/>\n4) \u00dcretim kolayl\u0131\u011f\u0131 nedeniyle, kombine kaz\u0131klarla kullan\u0131ld\u0131\u011f\u0131nda, fabrikadan \u00e7\u0131kmadan \u00f6nce \u00f6n sipari\u015f verilebilir.<br \/>\n5) \u00dcretim tasar\u0131m\u0131 ve \u00fcretim d\u00f6ng\u00fcs\u00fc k\u0131sad\u0131r ve \u00e7elik sac kaz\u0131klar\u0131n performans\u0131 m\u00fc\u015fteri gereksinimlerine g\u00f6re belirlenebilir.<\/p>\n<p>Z Tipi:<\/p>\n<p>1). Nispeten y\u00fcksek kesit mod\u00fcl\u00fc ve k\u00fctle oran\u0131na sahip esnek tasar\u0131m;<br \/>\n2). Daha y\u00fcksek atalet momenti, b\u00f6ylece palplan\u015f duvar\u0131n\u0131n sertli\u011fini art\u0131r\u0131r ve yer de\u011fi\u015ftirme ve deformasyonu azalt\u0131r;<br \/>\n3). Geni\u015f geni\u015flik, kald\u0131rma ve kaz\u0131k \u00e7akma i\u015flemlerinde etkili bir \u015fekilde zaman tasarrufu sa\u011flar;<br \/>\n4). Artan kesit geni\u015fli\u011fi palplan\u015f duvar\u0131n b\u00fcz\u00fclme say\u0131s\u0131n\u0131 azalt\u0131r ve su durdurma performans\u0131n\u0131 do\u011frudan art\u0131r\u0131r;<br \/>\n5). \u015eiddetli korozyona sahip par\u00e7alar, korozyon direncini daha da iyi hale getirmek i\u00e7in kal\u0131nla\u015ft\u0131r\u0131l\u0131r.<\/p>\n<p>L Tipi:<\/p>\n<p>L-tipi esas olarak dolgular\u0131n, baraj duvarlar\u0131n\u0131n, hendeklerin ve kanallar\u0131n desteklenmesi i\u00e7in kullan\u0131l\u0131r.<br \/>\nKesit hafiftir, kaz\u0131k duvar az yer kaplar ve kilitler ayn\u0131 y\u00f6ndedir, bu da in\u015faat\u0131 kolayla\u015ft\u0131r\u0131r.<\/p>\n<p>Do\u011frusal \u00e7elik sac kaz\u0131klar:<\/p>\n<p>D\u00fc\u015f\u00fck y\u00fckseklikleri ve d\u00fcz bir \u00e7izgiye yak\u0131n olmalar\u0131 nedeniyle, \u00f6zellikle iki bina aras\u0131ndaki bo\u015fluk b\u00fcy\u00fck olmad\u0131\u011f\u0131nda ve kaz\u0131lmas\u0131 gerekti\u011finde baz\u0131 hendeklerin kaz\u0131lmas\u0131 i\u00e7in daha uygundurlar.<\/p>","protected":false},"excerpt":{"rendered":"<p>\u00c7elik sac kaz\u0131k, kilitli bir \u00e7elik t\u00fcr\u00fcd\u00fcr. Enine kesitleri d\u00fcz levha, oluk ve Z-\u015fekilli vb. i\u00e7erir ve \u00e7e\u015fitli boyutlarda ve kilitleme formlar\u0131nda mevcuttur. Yayg\u0131n olanlar aras\u0131nda Larson tipi, Lackawanna tipi vb. bulunur. Avantajlar\u0131 \u015funlard\u0131r: y\u00fcksek mukavemet, sert topra\u011fa s\u00fcr\u00fclmesi kolay; derin suda in\u015fa edilebilir, [...]","protected":false},"featured_media":1616,"comment_status":"closed","ping_status":"closed","template":"","meta":[],"product_cat":[18,53],"class_list":{"0":"post-3401","1":"product","2":"type-product","3":"status-publish","4":"has-post-thumbnail","6":"product_cat-steel-profile","7":"product_cat-steel-sheet-pile","9":"first","10":"instock","11":"shipping-taxable","12":"product-type-simple"},"_links":{"self":[{"href":"https:\/\/steelsupplydirect.com\/tr\/wp-json\/wp\/v2\/product\/3401","targetHints":{"allow":["GET"]}}],"collection":[{"href":"https:\/\/steelsupplydirect.com\/tr\/wp-json\/wp\/v2\/product"}],"about":[{"href":"https:\/\/steelsupplydirect.com\/tr\/wp-json\/wp\/v2\/types\/product"}],"replies":[{"embeddable":true,"href":"https:\/\/steelsupplydirect.com\/tr\/wp-json\/wp\/v2\/comments?post=3401"}],"wp:featuredmedia":[{"embeddable":true,"href":"https:\/\/steelsupplydirect.com\/tr\/wp-json\/wp\/v2\/media\/1616"}],"wp:attachment":[{"href":"https:\/\/steelsupplydirect.com\/tr\/wp-json\/wp\/v2\/media?parent=3401"}],"wp:term":[{"taxonomy":"product_cat","embeddable":true,"href":"https:\/\/steelsupplydirect.com\/tr\/wp-json\/wp\/v2\/product_cat?post=3401"}],"curies":[{"name":"wp","href":"https:\/\/api.w.org\/{rel}","templated":true}]}}