{"id":4408,"date":"2024-07-19T09:43:34","date_gmt":"2024-07-19T01:43:34","guid":{"rendered":"https:\/\/steelsupplydirect.com\/?post_type=product&#038;p=3049"},"modified":"2025-12-09T16:14:06","modified_gmt":"2025-12-09T08:14:06","slug":"yumusak-celi%cc%87k-bobi%cc%87n","status":"publish","type":"product","link":"https:\/\/steelsupplydirect.com\/tr\/%c3%bcr%c3%bcn\/yumusak-celi%cc%87k-bobi%cc%87n","title":{"rendered":"Ucuz Hafif \u00c7elik Rulolar"},"content":{"rendered":"<div style=\"overflow: auto;\">\n<table>\n<thead>\n<tr>\n<th>\u00dcr\u00fcn ad\u0131<\/th>\n<th>Karbon \u00c7elik Rulo<\/th>\n<\/tr>\n<\/thead>\n<tbody>\n<tr>\n<td>S\u0131n\u0131f<\/td>\n<td>Q195\u3001Q215\u3001Q235\u3001Q255\u3001Q275\u3001Q345\u3001Q355\u3001SS400\u3001ST37\u3001ST52\u3001S235JR\u3001a36\u3001s235jr etc.<\/td>\n<\/tr>\n<tr>\n<td>Standart<\/td>\n<td>AISI, ASTM, DIN, JIS, GB, JIS, SUS, EN, vb.<\/td>\n<\/tr>\n<tr>\n<td>Geni\u015flik<\/td>\n<td>50MM ~ 2200MM veya m\u00fc\u015fteri taraf\u0131ndan talep edildi\u011fi gibi<\/td>\n<\/tr>\n<tr>\n<td>Kal\u0131nl\u0131k<\/td>\n<td>1.8MM \uff5e 20MM veya m\u00fc\u015fteri taraf\u0131ndan talep edildi\u011fi gibi<\/td>\n<\/tr>\n<tr>\n<td>Y\u00fczey i\u015fleme<\/td>\n<td>\u00c7\u0131plak, siyah, ya\u011fl\u0131, kumlanm\u0131\u015f, boyal\u0131, kaplamal\u0131 veya ihtiya\u00e7lar\u0131n\u0131za g\u00f6re<\/td>\n<\/tr>\n<tr>\n<td>Teknoloji<\/td>\n<td>S\u0131cak haddeleme, so\u011fuk haddeleme<\/td>\n<\/tr>\n<tr>\n<td>Uygulama<\/td>\n<td>\u0130n\u015faat, makine imalat\u0131, konteyner imalat\u0131, gemi yap\u0131m\u0131, k\u00f6pr\u00fcler, vb.<\/td>\n<\/tr>\n<\/tbody>\n<\/table>\n<\/div>\n<h2>\u00dcr\u00fcn A\u00e7\u0131klamas\u0131<\/h2>\n<p>Q235B karbon \u00e7elik bobin, yayg\u0131n olarak kullan\u0131lan bir karbon \u00e7elik malzemedir ve imalat end\u00fcstrisinde yayg\u0131n olarak kullan\u0131lmaktad\u0131r. Kimyasal bile\u015fimi karbon, demir, manganez ve di\u011fer elementleri i\u00e7erir ve iyi mekanik \u00f6zelliklere ve i\u015flenebilirli\u011fe sahiptir.<span style=\"font-size: 14.4px;\">A\u015fa\u011f\u0131da Q235B karbon \u00e7elik bobin i\u00e7in ayr\u0131nt\u0131l\u0131 bir giri\u015f yer almaktad\u0131r:<\/span><\/p>\n<h3>B\u00f6l\u00fcm 1 Kimyasal Bile\u015fim<\/h3>\n<p>Q235B karbon \u00e7elik bobinin kimyasal bile\u015fimi GB \/ T 700-2006 standard\u0131n\u0131n gereksinimlerini kar\u015f\u0131lar. Karbon i\u00e7eri\u011fi 0,12-0,20% aras\u0131nda, manganez i\u00e7eri\u011fi 0,30-0,70% aras\u0131nda, silikon i\u00e7eri\u011fi 0,30%'den daha az ve fosfor ve k\u00fck\u00fcrt i\u00e7eri\u011fi 0,045%'den daha az gerektirir.<\/p>\n<h3>B\u00f6l\u00fcm 2 Mekanik \u00d6zellikler<\/h3>\n<p>Q235B karbon \u00e7elik bobin, standart de\u011feri 235MPa olan y\u00fcksek bir akma dayan\u0131m\u0131na sahiptir. \u00c7ekme mukavemeti aral\u0131\u011f\u0131 375-500MPa'd\u0131r ve uzama aral\u0131\u011f\u0131 26%'den fazlad\u0131r. Bu, malzemenin in\u015faat ve imalat\u0131n bir\u00e7ok alan\u0131nda yayg\u0131n olarak kullan\u0131lmas\u0131na yol a\u00e7m\u0131\u015ft\u0131r.<\/p>\n<h3>B\u00f6l\u00fcm 3 \u00c7e\u015fitler ve kullan\u0131m alanlar\u0131<\/h3>\n<p>S\u0131cak haddelenmi\u015f bobinler, so\u011fuk haddelenmi\u015f bobinler, galvanizli bobinler vb. dahil olmak \u00fczere bir\u00e7ok Q235B karbon \u00e7elik bobin \u00e7e\u015fidi vard\u0131r. Farkl\u0131 i\u015fleme y\u00f6ntemlerine g\u00f6re, \u00e7e\u015fitli \u00f6zelliklerde ve boyutlarda karbon \u00e7elik bobinler \u00fcretilebilir. \u0130n\u015faat, otomobil, gemi, k\u00f6pr\u00fc, makine imalat\u0131 ve di\u011fer sekt\u00f6rlerde yayg\u0131n olarak kullan\u0131lmaktad\u0131r.<\/p>\n<h3>B\u00f6l\u00fcm 4 Y\u00fczey \u0130\u015flemleri<\/h3>\n<p>Q235B karbon \u00e7elik bobinin y\u00fczeyi, farkl\u0131 kullan\u0131m gereksinimlerini kar\u015f\u0131lamak i\u00e7in farkl\u0131 \u015fekilde i\u015flenebilir.<\/p>\n<h3>B\u00f6l\u00fcm 5 Yayg\u0131n y\u00fczey i\u015flemleri \u015funlar\u0131 i\u00e7erir<\/h3>\n<p>Hammadde, s\u0131cak haddelemeden sonra siyah bir y\u00fczeye, so\u011fuk haddelemeden sonra parlak bir y\u00fczeye, galvanizlemeden sonra korozyon \u00f6nleyici bir y\u00fczeye vb. sahiptir.<\/p>\n<p>Genel olarak, yayg\u0131n olarak kullan\u0131lan bir karbon \u00e7elik malzeme olan Q235B karbon \u00e7elik bobin, kararl\u0131 kimyasal bile\u015fim, iyi mekanik \u00f6zellikler ve iyi i\u015flenebilirlik avantajlar\u0131na sahiptir. \u0130malat end\u00fcstrisinde yayg\u0131n olarak kullan\u0131l\u0131r ve \u00e7e\u015fitli yap\u0131sal ve imalat alanlar\u0131 i\u00e7in g\u00fcvenilir malzeme deste\u011fi sa\u011flar.<\/p>","protected":false},"excerpt":{"rendered":"<p>Yumu\u015fak \u00e7elik bobin iyi mekanik \u00f6zelliklere ve i\u015flenebilirli\u011fe sahiptir. \u0130malat sanayinde yayg\u0131n olarak kullan\u0131l\u0131r. Kimyasal bile\u015fimi karbon, demir, manganez ve di\u011fer elementleri i\u00e7erir.<\/p>","protected":false},"featured_media":3046,"comment_status":"closed","ping_status":"closed","template":"","meta":[],"product_cat":[15,39],"class_list":{"0":"post-4408","1":"product","2":"type-product","3":"status-publish","4":"has-post-thumbnail","6":"product_cat-carbon-steel","7":"product_cat-carbon-steel-coil","9":"first","10":"instock","11":"shipping-taxable","12":"product-type-simple"},"_links":{"self":[{"href":"https:\/\/steelsupplydirect.com\/tr\/wp-json\/wp\/v2\/product\/4408","targetHints":{"allow":["GET"]}}],"collection":[{"href":"https:\/\/steelsupplydirect.com\/tr\/wp-json\/wp\/v2\/product"}],"about":[{"href":"https:\/\/steelsupplydirect.com\/tr\/wp-json\/wp\/v2\/types\/product"}],"replies":[{"embeddable":true,"href":"https:\/\/steelsupplydirect.com\/tr\/wp-json\/wp\/v2\/comments?post=4408"}],"wp:featuredmedia":[{"embeddable":true,"href":"https:\/\/steelsupplydirect.com\/tr\/wp-json\/wp\/v2\/media\/3046"}],"wp:attachment":[{"href":"https:\/\/steelsupplydirect.com\/tr\/wp-json\/wp\/v2\/media?parent=4408"}],"wp:term":[{"taxonomy":"product_cat","embeddable":true,"href":"https:\/\/steelsupplydirect.com\/tr\/wp-json\/wp\/v2\/product_cat?post=4408"}],"curies":[{"name":"wp","href":"https:\/\/api.w.org\/{rel}","templated":true}]}}